{"id":7563,"date":"2021-10-01T12:42:47","date_gmt":"2021-10-01T10:42:47","guid":{"rendered":"https:\/\/afiliago.com\/aviso-legal-e-privacidade\/"},"modified":"2021-11-23T16:29:44","modified_gmt":"2021-11-23T15:29:44","slug":"aviso-legal-e-privacidade","status":"publish","type":"page","link":"https:\/\/afiliago.com\/pt-br\/aviso-legal-e-privacidade\/","title":{"rendered":"Aviso legal e privacidade"},"content":{"rendered":"<p>[vc_row equal_height=&#8221;yes&#8221; content_placement=&#8221;middle&#8221; css=&#8221;.vc_custom_1556527403633{padding-top: 45px !important;padding-bottom: 45px !important;}&#8221;][vc_column]<style>.ld_section_title_69e6275003832 h2{font-size:42px;font-weight:700;margin-bottom:1px !important;;}<\/style><header class=\"fancy-title ld_section_title_69e6275003832\">\n\t<h2>Aviso Legal y Pol\u00edtica de Privacidad<\/h2>\t\t<\/header>[vc_column_text]<strong>A\/ Respons\u00e1vel pelo tratamento.<\/strong><\/p>\n<p>A plataforma AFILIAGO \u00e9 propriedade de AFILIAGO INTERNATIONAL, S.L., com CIF. B52041886<\/p>\n<p>Dados de contacto:<\/p>\n<p>Morada: Calle Candido Lobera, N\u00ba 5 &#8211; 3\u00ba \u00c1tico 52001 MELILLA<\/p>\n<p>E-mail: legal@afiliago.com<\/p>\n<p>&nbsp;<\/p>\n<p><strong>B\/ Objetivo do processamento de dados.<\/strong><\/p>\n<p>A partir do momento em que voc\u00ea passa a fazer parte da fam\u00edlia AFILIAGO, criando um perfil na nossa plataforma para operar connosco, os seus dados ser\u00e3o processados para os seguintes fins:<\/p>\n<p>Realizar o servi\u00e7o prestado atrav\u00e9s da plataforma e do nosso portal de pagamento, sendo este o objetivo principal<\/p>\n<p>Gerar faturas na sec\u00e7\u00e3o de fatura\u00e7\u00e3o.<\/p>\n<p>Informar ou notificar de poss\u00edveis incidentes na presta\u00e7\u00e3o do servi\u00e7o.<\/p>\n<p>Informar sobre melhorias ou novidades nos produtos e servi\u00e7os que oferecemos.<\/p>\n<p>Os dados s\u00f3 ser\u00e3o transferidos para institui\u00e7\u00f5es ou autoridades p\u00fablicas nos casos em que for legalmente exigido.<\/p>\n<p>&nbsp;<\/p>\n<p><strong>C\/ Elemento tempor\u00e1rio.<\/strong><\/p>\n<p>Com car\u00e1ter restritivo, os seus dados ser\u00e3o mantidos apenas durante o per\u00edodo da nossa rela\u00e7\u00e3o comercial ou enquanto desejar continuar a receber informa\u00e7\u00f5es sobre os nossos produtos ou servi\u00e7os.<\/p>\n<p>A seguir, informamos sobre os direitos que tem \u00e0 sua disposi\u00e7\u00e3o para poder modular, restringir ou informar-se sobre todas as quest\u00f5es relacionadas com a nossa posse dos seus dados pessoais.<\/p>\n<p><strong>\u00a0<\/strong><\/p>\n<p><strong>D\/ Legitima\u00e7\u00e3o para o tratamento.<\/strong><\/p>\n<p>Logicamente, a legitimidade para o tratamento dos seus dados \u00e9 detida pela AFILIAGO INTERNATIONAL, S.L., do ponto de vista da sua posi\u00e7\u00e3o jur\u00eddica como prestadora do servi\u00e7o que contrata atrav\u00e9s da plataforma ou de qualquer um dos seus servi\u00e7os adicionais.<\/p>\n<p><strong>\u00a0<\/strong><\/p>\n<p><strong>E\/ Poss\u00edveis destinat\u00e1rios dos seus dados pessoais.<\/strong><\/p>\n<p>Os seus dados pessoais podem ser comunicados a terceiros nos seguintes casos:<\/p>\n<p>Os seus dados podem ser acedidos por fornecedores que prestam servi\u00e7os \u00e0 AFILIAGO INTERNATIONAL, S.L., tais como servi\u00e7os de alojamento de conte\u00fados, mensagens instant\u00e2neas, envio de notifica\u00e7\u00f5es, servi\u00e7os de publicidade, servi\u00e7os inform\u00e1ticos, etc.<\/p>\n<p>No entanto, declaramos que AFILIAGO INTERNATIONAL, SL, assinou contratos de comiss\u00e3o de processamento de dados com cada um dos prestadores que prestam servi\u00e7os \u00e0 AFILIAGO INTERNATIONAL, SL, para que tenha todas as garantias de que esses prestadores tratam os seus dados de acordo com a legisla\u00e7\u00e3o.<\/p>\n<p>Os seus dados pessoais s\u00f3 podem ser transferidos para autoridades ou institui\u00e7\u00f5es p\u00fablicas caso existam requisitos legalmente executados ou haja uma obriga\u00e7\u00e3o legal ou judicial que o determine.<\/p>\n<p>&nbsp;<\/p>\n<p><strong>F\/ Direitos dos titulares dos dados objeto de tratamento.<\/strong><\/p>\n<p>Lembre-se que, a qualquer momento, desde o in\u00edcio da nossa rela\u00e7\u00e3o comercial e, portanto, desde que tenhamos acesso ao tratamento dos seus dados, voc\u00ea poder\u00e1 saber como os seus dados est\u00e3o a ser geridos pela AFILIAGO INTERNATIONAL, S.L.<\/p>\n<p>O exerc\u00edcio destes direitos \u00e9 totalmente gratuito.<\/p>\n<p>1.- O principal direito que lhe assiste \u00e9 o direito de\u00a0ACESSO\u00a0aos seus dados pessoais.<\/p>\n<p>Este direito inclui o direito de solicitar informa\u00e7\u00f5es sobre a forma como os seus dados pessoais est\u00e3o a ser processados; solicitar c\u00f3pia dos dados objeto de tratamento; os objetivos do mesmo; os destinat\u00e1rios ou categorias de destinat\u00e1rios a quem os dados foram comunicados; informa\u00e7\u00f5es sobre salvaguardas adequadas em rela\u00e7\u00e3o \u00e0 transfer\u00eancia de dados para pa\u00edses terceiros ou organiza\u00e7\u00f5es internacionais; o prazo de conserva\u00e7\u00e3o dos mesmos; se existem decis\u00f5es automatizadas, incluindo profiling, informa\u00e7\u00e3o significativa sobre a l\u00f3gica aplicada, bem como a import\u00e2ncia e consequ\u00eancias previstas no referido tratamento; caso os dados pessoais n\u00e3o tenham sido obtidos diretamente do propriet\u00e1rio, informa\u00e7\u00f5es sobre a origem dos mesmos, etc.<\/p>\n<p>2.- Tamb\u00e9m tem direito a\u00a0RETIFICAR\u00a0os seus dados imprecisos ou, quando apropriado, solicitar a sua\u00a0SUPRESS\u00c3O\u00a0quando, entre outros motivos, os dados j\u00e1 n\u00e3o sejam necess\u00e1rios para os fins para os quais foram recolhidos.<\/p>\n<p>3.- Em certas circunst\u00e2ncias, voc\u00ea pode solicitar a\u00a0LIMITA\u00c7\u00c3O\u00a0do tratamento dos seus dados, caso em que apenas os guardaremos para o exerc\u00edcio ou defesa de reclama\u00e7\u00f5es.<\/p>\n<p>4.- Da mesma forma, em certas circunst\u00e2ncias e por raz\u00f5es relacionadas com a sua situa\u00e7\u00e3o particular, voc\u00ea pode\u00a0OPOR-SE\u00a0ao tratamento dos seus dados. Neste caso, AFILIAGO INTERNATIONAL, S.L., deixar\u00e1 de processar os dados, salvo por motivos leg\u00edtimos ou para o exerc\u00edcio ou defesa de eventuais reclama\u00e7\u00f5es.<\/p>\n<p>5.- Em quinto lugar, informamos que de acordo com as \u00faltimas mudan\u00e7as na legisla\u00e7\u00e3o em rela\u00e7\u00e3o aos dados pessoais, voc\u00ea pode exercer o seu direito de\u00a0PORTABILIDADE, bem como retirar os consentimentos prestados a qualquer momento, sem afetar a legalidade do tratamento com base no consentimento anterior \u00e0 sua retirada, como \u00e9 l\u00f3gico.<\/p>\n<p>Posto tudo o anterior, no momento em que tiver interesse em exercer algum dos direitos que o assistem, pode contactar-nos atrav\u00e9s do endere\u00e7o de correio eletr\u00f3nico ou postal indicado no in\u00edcio deste texto.<\/p>\n<p>Lembre-se que, para o correto exerc\u00edcio dos seus direitos, pedimos que forne\u00e7a o m\u00e1ximo de informa\u00e7\u00f5es poss\u00edvel na sua solicita\u00e7\u00e3o e, em qualquer caso, dados pessoais, endere\u00e7o de e-mail, n\u00famero de telefone, direito que deseja exercer e em que sentido.<\/p>\n<p>Informamos tamb\u00e9m que pode contactar a Ag\u00eancia Espanhola de Prote\u00e7\u00e3o de Dados e outros organismos p\u00fablicos competentes para qualquer reclama\u00e7\u00e3o decorrente do tratamento dos seus dados pessoais.<\/p>\n<p>&nbsp;<\/p>\n<p><strong>G\/ Pol\u00edtica de cookies.<\/strong><\/p>\n<p>Para conhecer a nossa pol\u00edtica de cookies, pode visitar o nosso site.<\/p>\n<p>&nbsp;<\/p>\n<p><strong>H\/ Condi\u00e7\u00f5es de uso da plataforma online.<\/strong><\/p>\n<p>AFILIAGO INTERNATIONAL, S.L., desenvolve o seu objeto social atrav\u00e9s deste site, que disponibiliza aos internautas.<\/p>\n<p>O acesso a ela implica a aceita\u00e7\u00e3o sem reservas destas condi\u00e7\u00f5es.<\/p>\n<p>Sem preju\u00edzo do anterior, a pr\u00f3pria plataforma pode oferecer servi\u00e7os particulares e complementares ao servi\u00e7o principal, os quais se reger\u00e3o por condi\u00e7\u00f5es pr\u00f3prias. Neste caso, referimo-nos especificamente ao servi\u00e7o complementar da nossa plataforma de pagamento.<\/p>\n<p>AFILIAGO INTERNATIONAL, S.L., autoriza a visualiza\u00e7\u00e3o, impress\u00e3o e download parcial do conte\u00fado da sua plataforma, nos seguintes casos:<\/p>\n<p>Que exista compatibilidade com os prop\u00f3sitos da plataforma.<\/p>\n<p>Que o intuito exclusivo de obter as informa\u00e7\u00f5es contidas seja para seu uso pessoal. \u00c9 expressamente proibida a sua utiliza\u00e7\u00e3o para fins comerciais ou para a sua distribui\u00e7\u00e3o, comunica\u00e7\u00e3o p\u00fablica, transforma\u00e7\u00e3o, etc.<\/p>\n<p>Que nenhum conte\u00fado relacionado com a plataforma seja modificado de forma alguma.<\/p>\n<p>Que nenhum gr\u00e1fico, log\u00f3tipo, \u00edcone ou imagem dispon\u00edvel na plataforma seja utilizado, copiado ou distribu\u00eddo, separadamente ou em conjunto com as imagens adjacentes.<\/p>\n<p>A utiliza\u00e7\u00e3o n\u00e3o autorizada da informa\u00e7\u00e3o contida na plataforma, a sua revenda, bem como a viola\u00e7\u00e3o dos direitos de propriedade intelectual ou industrial da AFILIAGO INTERNATIONAL, S.L., dar\u00e3o lugar \u00e0s responsabilidades legalmente estabelecidas.<\/p>\n<p>&nbsp;<\/p>\n<p><strong>I\/ Funcionamiento da plataforma.<\/strong><\/p>\n<p>AFILIAGO INTERNATIONAL, S.L., reserva-se o direito de fazer as modifica\u00e7\u00f5es que julgar convenientes na plataforma, na sua configura\u00e7\u00e3o, apresenta\u00e7\u00e3o, elementos estruturais ou meramente est\u00e9ticos, com ou sem pr\u00e9vio aviso aos seus usu\u00e1rios. Tamb\u00e9m podem ser feitas modifica\u00e7\u00f5es nas condi\u00e7\u00f5es de uso dos mesmos.<\/p>\n<p>AFILIAGO INTERNATIONAL, S.L., n\u00e3o \u00e9 respons\u00e1vel por quaisquer erros de seguran\u00e7a que possam ocorrer ou por quaisquer danos que possam ser causados ao sistema de computador do usu\u00e1rio, ou aos arquivos ou documentos nele armazenados, como resultado de:<\/p>\n<p>Presen\u00e7a de v\u00edrus no computador do usu\u00e1rio que \u00e9 usado para se conectar aos servi\u00e7os e conte\u00fados da plataforma.<\/p>\n<p>Mau funcionamento do navegador.<\/p>\n<p>Uso negligente da rede.<\/p>\n<p>Uso de vers\u00f5es desatualizadas do navegador.<\/p>\n<p>AFILIAGO INTERNATIONAL, S.L. n\u00e3o garante a aus\u00eancia de v\u00edrus ou outros elementos na plataforma que possam ter sido introduzidos por terceiros alheios \u00e0 AFILIAGO INTERNATIONAL, S.L., e que possam causar altera\u00e7\u00f5es nos sistemas dos utilizadores ou nos documentos e ficheiros eletr\u00f3nicos armazenados nos seus sistemas.<\/p>\n<p>Consequentemente, a empresa n\u00e3o ser\u00e1 respons\u00e1vel em caso algum por quaisquer danos de qualquer esp\u00e9cie que possam surgir da presen\u00e7a de v\u00edrus ou outros elementos que possam causar altera\u00e7\u00f5es nos sistemas, documentos eletr\u00f3nicos ou arquivos dos usu\u00e1rios.<\/p>\n<p>Da mesma forma, AFILIAGO INTERNATIONAL, S.L. usa v\u00e1rias medidas para proteger a sua plataforma contra ataques inform\u00e1ticos de terceiros. No entanto, a empresa n\u00e3o garante que terceiros n\u00e3o autorizados possam ter acesso ao tipo de uso da plataforma que o usu\u00e1rio faz ou \u00e0s condi\u00e7\u00f5es e circunst\u00e2ncias em que tal uso \u00e9 feito. Consequentemente, AFILIAGO INTERNATIONAL, S.L. n\u00e3o ser\u00e1 em caso algum respons\u00e1vel pelos danos que possam surgir do referido acesso n\u00e3o autorizado.<\/p>\n<p>AFILIAGO INTERNATIONAL, S.L. n\u00e3o garante a inexist\u00eancia de interrup\u00e7\u00f5es ou erros no acesso \u00e0 plataforma ou ao seu conte\u00fado, nem que seja atualizada, embora se comprometa a resolver as quest\u00f5es necess\u00e1rias com a maior brevidade poss\u00edvel.<\/p>\n<p>AFILIAGO INTERNATIONAL, S.L. reserva-se o direito de interromper o acesso \u00e0 sua plataforma ou a qualquer dos seus conte\u00fados a qualquer momento e sem necessidade de aviso pr\u00e9vio.<\/p>\n<p>&nbsp;<\/p>\n<p><strong>J\/ Conte\u00fados.<\/strong><\/p>\n<p>AFILIAGO INTERNATIONAL, S.L., n\u00e3o assume qualquer responsabilidade derivada dos conte\u00fados vinculados na p\u00e1gina web, desde que alheios a esta, nem garante a aus\u00eancia de v\u00edrus ou outros elementos que possam causar altera\u00e7\u00f5es no sistema inform\u00e1tico, nos documentos ou arquivos do usu\u00e1rio, excluindo qualquer responsabilidade por danos de qualquer esp\u00e9cie causados ao usu\u00e1rio por este motivo.<\/p>\n<p>No caso de qualquer usu\u00e1rio ou terceiro considerar que o conte\u00fado ou servi\u00e7os fornecidos pelas p\u00e1ginas vinculadas s\u00e3o ilegais ou prejudicam a propriedade ou os direitos do usu\u00e1rio ou de terceiros, estes podem informar a empresa o mais r\u00e1pido poss\u00edvel.<\/p>\n<p>AFILIAGO INTERNATIONAL, S.L., compromete-se a verificar e monitorizar periodicamente o seu conte\u00fado e informa\u00e7\u00f5es.<\/p>\n<p>AFILIAGO INTERNATIONAL, S.L., n\u00e3o se responsabiliza em caso algum pela utiliza\u00e7\u00e3o que os utilizadores possam fazer da plataforma ou dos seus conte\u00fados, bem como pelos danos que da\u00ed possam decorrer.<\/p>\n<p>&nbsp;<\/p>\n<p><strong>K\/ Propriedade do conte\u00fado da plataforma.<\/strong><\/p>\n<p>AFILIAGO INTERNATIONAL, S.L. disponibiliza a sua plataforma a clientes \/ utilizadores ou potenciais clientes \/ utilizadores, embora n\u00e3o outorgue aos mesmos qualquer direito sobre as marcas, nomes comerciais, sinais distintivos ou desenhos de qualquer esp\u00e9cie que apare\u00e7am na plataforma.<\/p>\n<p>Todos os conte\u00fados da plataforma est\u00e3o sujeitos \u00e0 propriedade industrial e intelectual, quer perten\u00e7am \u00e0 AFILIAGO INTERNATIONAL, S.L. ou a um terceiro propriet\u00e1rio.<\/p>\n<p>AFILIAGO INTERNATIONAL, S.L., \u00e9 titular do c\u00f3digo-fonte, do design, da estrutura de navega\u00e7\u00e3o, das bases de dados e dos diferentes elementos de software da plataforma, bem como dos direitos de propriedade industrial e intelectual relativos aos conte\u00fados que nela integram.[\/vc_column_text][\/vc_column][\/vc_row]<\/p>\n","protected":false},"excerpt":{"rendered":"<p>[vc_row equal_height=&#8221;yes&#8221; content_placement=&#8221;middle&#8221; css=&#8221;.vc_custom_1556527403633{padding-top: 45px !important;padding-bottom: 45px !important;}&#8221;][vc_column][vc_column_text]A\/ Respons\u00e1vel pelo tratamento. A plataforma AFILIAGO \u00e9&#8230;<\/p>\n","protected":false},"author":1,"featured_media":0,"parent":0,"menu_order":0,"comment_status":"closed","ping_status":"closed","template":"","meta":[],"yoast_head":"<!-- This site is optimized with the Yoast SEO plugin v20.6 - https:\/\/yoast.com\/wordpress\/plugins\/seo\/ -->\n<title>Aviso legal e privacidade - AfiliaGo.com<\/title>\n<meta name=\"description\" content=\"Aviso Legal e Pol\u00edtica de Privacidade. Objeto e aceita\u00e7\u00e3o Este aviso legal regula o uso do site\" \/>\n<meta name=\"robots\" content=\"noindex, nofollow\" \/>\n<meta property=\"og:locale\" content=\"pt_BR\" \/>\n<meta property=\"og:type\" content=\"article\" \/>\n<meta property=\"og:title\" content=\"Aviso legal e privacidade - AfiliaGo.com\" \/>\n<meta property=\"og:description\" content=\"Aviso Legal e Pol\u00edtica de Privacidade. Objeto e aceita\u00e7\u00e3o Este aviso legal regula o uso do site\" \/>\n<meta property=\"og:url\" content=\"https:\/\/afiliago.com\/pt-br\/aviso-legal-e-privacidade\/\" \/>\n<meta property=\"og:site_name\" content=\"Plataforma de Marketing de afiliaci\u00f3n de apuestas deportivas\" \/>\n<meta property=\"article:publisher\" content=\"https:\/\/www.facebook.com\/afiliago\/\" \/>\n<meta property=\"article:modified_time\" content=\"2021-11-23T15:29:44+00:00\" \/>\n<meta name=\"twitter:card\" content=\"summary_large_image\" \/>\n<meta name=\"twitter:site\" content=\"@afiliago\" \/>\n<meta name=\"twitter:label1\" content=\"Est. tempo de leitura\" \/>\n\t<meta name=\"twitter:data1\" content=\"8 minutos\" \/>\n<script type=\"application\/ld+json\" class=\"yoast-schema-graph\">{\"@context\":\"https:\/\/schema.org\",\"@graph\":[{\"@type\":\"WebPage\",\"@id\":\"https:\/\/afiliago.com\/pt-br\/aviso-legal-e-privacidade\/\",\"url\":\"https:\/\/afiliago.com\/pt-br\/aviso-legal-e-privacidade\/\",\"name\":\"Aviso legal e privacidade - AfiliaGo.com\",\"isPartOf\":{\"@id\":\"https:\/\/afiliago.com\/pt-br\/#website\"},\"datePublished\":\"2021-10-01T10:42:47+00:00\",\"dateModified\":\"2021-11-23T15:29:44+00:00\",\"description\":\"Aviso Legal e Pol\u00edtica de Privacidade. Objeto e aceita\u00e7\u00e3o Este aviso legal regula o uso do site\",\"breadcrumb\":{\"@id\":\"https:\/\/afiliago.com\/pt-br\/aviso-legal-e-privacidade\/#breadcrumb\"},\"inLanguage\":\"pt-BR\",\"potentialAction\":[{\"@type\":\"ReadAction\",\"target\":[\"https:\/\/afiliago.com\/pt-br\/aviso-legal-e-privacidade\/\"]}]},{\"@type\":\"BreadcrumbList\",\"@id\":\"https:\/\/afiliago.com\/pt-br\/aviso-legal-e-privacidade\/#breadcrumb\",\"itemListElement\":[{\"@type\":\"ListItem\",\"position\":1,\"name\":\"Portada\",\"item\":\"https:\/\/afiliago.com\/pt-br\/\"},{\"@type\":\"ListItem\",\"position\":2,\"name\":\"Aviso legal e privacidade\"}]},{\"@type\":\"WebSite\",\"@id\":\"https:\/\/afiliago.com\/pt-br\/#website\",\"url\":\"https:\/\/afiliago.com\/pt-br\/\",\"name\":\"Plataforma de Marketing de afiliaci\u00f3n de apuestas deportivas\",\"description\":\"Plataforma de afiliaci\u00f3n de apuestas deportivas, casinos, finanzas y forex. Administra todas tus campa\u00f1as de afiliaci\u00f3n con AfiliaGo.com\",\"publisher\":{\"@id\":\"https:\/\/afiliago.com\/pt-br\/#organization\"},\"potentialAction\":[{\"@type\":\"SearchAction\",\"target\":{\"@type\":\"EntryPoint\",\"urlTemplate\":\"https:\/\/afiliago.com\/pt-br\/?s={search_term_string}\"},\"query-input\":\"required name=search_term_string\"}],\"inLanguage\":\"pt-BR\"},{\"@type\":\"Organization\",\"@id\":\"https:\/\/afiliago.com\/pt-br\/#organization\",\"name\":\"AfiliaGo International, S.L.\",\"url\":\"https:\/\/afiliago.com\/pt-br\/\",\"logo\":{\"@type\":\"ImageObject\",\"inLanguage\":\"pt-BR\",\"@id\":\"https:\/\/afiliago.com\/pt-br\/#\/schema\/logo\/image\/\",\"url\":\"https:\/\/afiliago.com\/wp-content\/uploads\/logo-afiliago-color-mobile.svg\",\"contentUrl\":\"https:\/\/afiliago.com\/wp-content\/uploads\/logo-afiliago-color-mobile.svg\",\"width\":1,\"height\":1,\"caption\":\"AfiliaGo International, S.L.\"},\"image\":{\"@id\":\"https:\/\/afiliago.com\/pt-br\/#\/schema\/logo\/image\/\"},\"sameAs\":[\"https:\/\/www.facebook.com\/afiliago\/\",\"https:\/\/twitter.com\/afiliago\",\"https:\/\/www.instagram.com\/afiliago\/\",\"https:\/\/www.youtube.com\/channel\/UCRr80RqBJvA9gDeNOuhbSgA\"]}]}<\/script>\n<!-- \/ Yoast SEO plugin. -->","yoast_head_json":{"title":"Aviso legal e privacidade - AfiliaGo.com","description":"Aviso Legal e Pol\u00edtica de Privacidade. Objeto e aceita\u00e7\u00e3o Este aviso legal regula o uso do site","robots":{"index":"noindex","follow":"nofollow"},"og_locale":"pt_BR","og_type":"article","og_title":"Aviso legal e privacidade - AfiliaGo.com","og_description":"Aviso Legal e Pol\u00edtica de Privacidade. Objeto e aceita\u00e7\u00e3o Este aviso legal regula o uso do site","og_url":"https:\/\/afiliago.com\/pt-br\/aviso-legal-e-privacidade\/","og_site_name":"Plataforma de Marketing de afiliaci\u00f3n de apuestas deportivas","article_publisher":"https:\/\/www.facebook.com\/afiliago\/","article_modified_time":"2021-11-23T15:29:44+00:00","twitter_card":"summary_large_image","twitter_site":"@afiliago","twitter_misc":{"Est. tempo de leitura":"8 minutos"},"schema":{"@context":"https:\/\/schema.org","@graph":[{"@type":"WebPage","@id":"https:\/\/afiliago.com\/pt-br\/aviso-legal-e-privacidade\/","url":"https:\/\/afiliago.com\/pt-br\/aviso-legal-e-privacidade\/","name":"Aviso legal e privacidade - AfiliaGo.com","isPartOf":{"@id":"https:\/\/afiliago.com\/pt-br\/#website"},"datePublished":"2021-10-01T10:42:47+00:00","dateModified":"2021-11-23T15:29:44+00:00","description":"Aviso Legal e Pol\u00edtica de Privacidade. Objeto e aceita\u00e7\u00e3o Este aviso legal regula o uso do site","breadcrumb":{"@id":"https:\/\/afiliago.com\/pt-br\/aviso-legal-e-privacidade\/#breadcrumb"},"inLanguage":"pt-BR","potentialAction":[{"@type":"ReadAction","target":["https:\/\/afiliago.com\/pt-br\/aviso-legal-e-privacidade\/"]}]},{"@type":"BreadcrumbList","@id":"https:\/\/afiliago.com\/pt-br\/aviso-legal-e-privacidade\/#breadcrumb","itemListElement":[{"@type":"ListItem","position":1,"name":"Portada","item":"https:\/\/afiliago.com\/pt-br\/"},{"@type":"ListItem","position":2,"name":"Aviso legal e privacidade"}]},{"@type":"WebSite","@id":"https:\/\/afiliago.com\/pt-br\/#website","url":"https:\/\/afiliago.com\/pt-br\/","name":"Plataforma de Marketing de afiliaci\u00f3n de apuestas deportivas","description":"Plataforma de afiliaci\u00f3n de apuestas deportivas, casinos, finanzas y forex. Administra todas tus campa\u00f1as de afiliaci\u00f3n con AfiliaGo.com","publisher":{"@id":"https:\/\/afiliago.com\/pt-br\/#organization"},"potentialAction":[{"@type":"SearchAction","target":{"@type":"EntryPoint","urlTemplate":"https:\/\/afiliago.com\/pt-br\/?s={search_term_string}"},"query-input":"required name=search_term_string"}],"inLanguage":"pt-BR"},{"@type":"Organization","@id":"https:\/\/afiliago.com\/pt-br\/#organization","name":"AfiliaGo International, S.L.","url":"https:\/\/afiliago.com\/pt-br\/","logo":{"@type":"ImageObject","inLanguage":"pt-BR","@id":"https:\/\/afiliago.com\/pt-br\/#\/schema\/logo\/image\/","url":"https:\/\/afiliago.com\/wp-content\/uploads\/logo-afiliago-color-mobile.svg","contentUrl":"https:\/\/afiliago.com\/wp-content\/uploads\/logo-afiliago-color-mobile.svg","width":1,"height":1,"caption":"AfiliaGo International, S.L."},"image":{"@id":"https:\/\/afiliago.com\/pt-br\/#\/schema\/logo\/image\/"},"sameAs":["https:\/\/www.facebook.com\/afiliago\/","https:\/\/twitter.com\/afiliago","https:\/\/www.instagram.com\/afiliago\/","https:\/\/www.youtube.com\/channel\/UCRr80RqBJvA9gDeNOuhbSgA"]}]}},"_links":{"self":[{"href":"https:\/\/afiliago.com\/pt-br\/wp-json\/wp\/v2\/pages\/7563"}],"collection":[{"href":"https:\/\/afiliago.com\/pt-br\/wp-json\/wp\/v2\/pages"}],"about":[{"href":"https:\/\/afiliago.com\/pt-br\/wp-json\/wp\/v2\/types\/page"}],"author":[{"embeddable":true,"href":"https:\/\/afiliago.com\/pt-br\/wp-json\/wp\/v2\/users\/1"}],"replies":[{"embeddable":true,"href":"https:\/\/afiliago.com\/pt-br\/wp-json\/wp\/v2\/comments?post=7563"}],"version-history":[{"count":0,"href":"https:\/\/afiliago.com\/pt-br\/wp-json\/wp\/v2\/pages\/7563\/revisions"}],"wp:attachment":[{"href":"https:\/\/afiliago.com\/pt-br\/wp-json\/wp\/v2\/media?parent=7563"}],"curies":[{"name":"wp","href":"https:\/\/api.w.org\/{rel}","templated":true}]}}