{"id":7548,"date":"2021-10-01T11:53:10","date_gmt":"2021-10-01T09:53:10","guid":{"rendered":"https:\/\/afiliago.com\/como-funciona\/"},"modified":"2022-02-25T18:03:06","modified_gmt":"2022-02-25T17:03:06","slug":"como-funciona","status":"publish","type":"page","link":"https:\/\/afiliago.com\/pt-br\/como-funciona\/","title":{"rendered":"Como funciona?"},"content":{"rendered":"<p>[vc_row enable_content_animation=&#8221;yes&#8221; ca_init_scale_x=&#8221;1&#8243; ca_init_scale_y=&#8221;1&#8243; ca_init_scale_z=&#8221;1&#8243; ca_init_opacity=&#8221;0&#8243; ca_an_scale_x=&#8221;1&#8243; ca_an_scale_y=&#8221;1&#8243; ca_an_scale_z=&#8221;1&#8243; ca_an_opacity=&#8221;1&#8243; css=&#8221;.vc_custom_1556538810857{padding-top: 45px !important;padding-bottom: 30px !important;}&#8221; ca_init_translate_y=&#8221;39&#8243;][vc_column][vc_empty_space height=&#8221;15px&#8221;]<style>.ld_fancy_heading_6a009a9c3e531 h3{font-size:36px;line-height:1.20em;color:rgb(0, 0, 0);}.ld_fancy_heading_6a009a9c3e531 .lqd-highlight-inner{height:0.275em;bottom:0px;}<\/style><div class=\"ld-fancy-heading mask-text text-center ld_fancy_heading_6a009a9c3e531\">\n\t<h3 class=\"lqd-highlight-underline lqd-highlight-grow-left\" data-split-text=\"true\" data-custom-animations=\"true\" data-ca-options='{\"triggerHandler\":\"inview\",\"animationTarget\":\".lqd-lines .split-inner\",\"duration\":\"600\",\"delay\":\"180\",\"easing\":\"easeOutQuint\",\"direction\":\"forward\",\"initValues\":{\"translateY\":60},\"animations\":{\"translateY\":0}}' data-split-options='{\"type\":\"lines\"}'><span class=\"ld-fh-txt\"> <strong>A AfiliaGo<\/strong> ajuda-te a <strong>monetizar os teus sites.<\/strong><\/span><\/h3><\/div><style>.ld_fancy_heading_6a009a9c3e7ca p{font-size:16px;line-height:1.85em;color:rgb(128, 130, 145);}.ld_fancy_heading_6a009a9c3e7ca .lqd-highlight-inner{height:0.275em;bottom:0px;}<\/style><div class=\"ld-fancy-heading text-center ld_fancy_heading_6a009a9c3e7ca\">\n\t<p class=\"lqd-highlight-underline lqd-highlight-grow-left\" data-split-text=\"true\" data-custom-animations=\"true\" data-ca-options='{\"triggerHandler\":\"inview\",\"animationTarget\":\".lqd-lines .split-inner\",\"duration\":\"600\",\"delay\":\"180\",\"easing\":\"easeOutQuint\",\"direction\":\"forward\",\"initValues\":{\"translateY\":28,\"rotateZ\":2,\"opacity\":0},\"animations\":{\"translateY\":0,\"rotateZ\":0,\"opacity\":1}}' data-split-options='{\"type\":\"lines\"}'><span class=\"ld-fh-txt\"> Pagamos comiss\u00f5es pela promo\u00e7\u00e3o de marcas e de uma equipa de especialistas em apostas desportivas, trabalhando todos os dias para encontrar as<b>melhores promo\u00e7\u00f5es<\/b>.<\/span><\/p><\/div>[vc_empty_space height=&#8221;45px&#8221;][\/vc_column][\/vc_row][vc_row enable_content_animation=&#8221;yes&#8221; ca_init_scale_x=&#8221;1&#8243; ca_init_scale_y=&#8221;1&#8243; ca_init_scale_z=&#8221;1&#8243; ca_init_opacity=&#8221;0&#8243; ca_an_scale_x=&#8221;1&#8243; ca_an_scale_y=&#8221;1&#8243; ca_an_scale_z=&#8221;1&#8243; ca_an_opacity=&#8221;1&#8243; ca_init_translate_y=&#8221;55&#8243; ca_start_delay=&#8221;500&#8243;][vc_column width=&#8221;1\/2&#8243;]<style>.ld_fancy_heading_6a009a9c3e935 p{font-size:16px;line-height:1.85em;color:rgb(128, 130, 145);}.ld_fancy_heading_6a009a9c3e935 .lqd-highlight-inner{height:0.275em;bottom:0px;}<\/style><div class=\"ld-fancy-heading text-center ld_fancy_heading_6a009a9c3e935\">\n\t<p class=\"lqd-highlight-underline lqd-highlight-grow-left\" data-split-text=\"true\" data-custom-animations=\"true\" data-ca-options='{\"triggerHandler\":\"inview\",\"animationTarget\":\".lqd-lines .split-inner\",\"duration\":\"1200\",\"startDelay\":\"1800\",\"delay\":\"180\",\"easing\":\"easeOutQuint\",\"direction\":\"forward\",\"initValues\":{\"translateY\":28,\"rotateZ\":2,\"opacity\":0},\"animations\":{\"translateY\":0,\"rotateZ\":0,\"opacity\":1}}' data-split-options='{\"type\":\"lines\"}'><span class=\"ld-fh-txt\"> <\/p>\n<p style=\"text-align: justify\">Como funciona? Somos uma empresa de marketing online e queremos que <strong>os nossos afiliados<\/strong> <strong>ganhem dinheiro<\/strong> por promover as nossas campanhas entre os seus seguidores. As campanhas que vais encontrar na AfiliaGo focam-se em apostas desportivas, casino online e finan\u00e7as.<\/p>\n<p><\/span><\/p><\/div>[\/vc_column][vc_column width=&#8221;1\/2&#8243;]<style>.ld_fancy_heading_6a009a9c3ea9b p{font-size:16px;line-height:1.85em;color:rgb(128, 130, 145);}.ld_fancy_heading_6a009a9c3ea9b .lqd-highlight-inner{height:0.275em;bottom:0px;}<\/style><div class=\"ld-fancy-heading text-center ld_fancy_heading_6a009a9c3ea9b\">\n\t<p class=\"lqd-highlight-underline lqd-highlight-grow-left\" data-split-text=\"true\" data-custom-animations=\"true\" data-ca-options='{\"triggerHandler\":\"inview\",\"animationTarget\":\".lqd-lines .split-inner\",\"duration\":\"1200\",\"startDelay\":\"1800\",\"delay\":\"180\",\"easing\":\"easeOutQuint\",\"direction\":\"forward\",\"initValues\":{\"translateY\":28,\"rotateZ\":2,\"opacity\":0},\"animations\":{\"translateY\":0,\"rotateZ\":0,\"opacity\":1}}' data-split-options='{\"type\":\"lines\"}'><span class=\"ld-fh-txt\"> <\/p>\n<p style=\"text-align: justify\">Somos especializados no mundo do <strong>jogo online<\/strong> e pomos \u00e0 disposi\u00e7\u00e3o de todos os usu\u00e1rios umas ferramentas de promo\u00e7\u00e3o potentes para que melhorem continuamente os seus canais de venda. A equipa AfiliaGo trabalha todos os dias para te oferecer melhorias na plataforma e novas funcionalidades, para que te sintas em casa.<\/p>\n<p><\/span><\/p><\/div>[\/vc_column][\/vc_row][vc_row enable_content_animation=&#8221;yes&#8221; ca_init_scale_x=&#8221;1&#8243; ca_init_scale_y=&#8221;1&#8243; ca_init_scale_z=&#8221;1&#8243; ca_init_opacity=&#8221;0&#8243; ca_an_scale_x=&#8221;1&#8243; ca_an_scale_y=&#8221;1&#8243; ca_an_scale_z=&#8221;1&#8243; ca_an_opacity=&#8221;1&#8243; css=&#8221;.vc_custom_1556540121460{padding-top: 90px !important;padding-bottom: 100px !important;}&#8221; ca_init_translate_y=&#8221;-35&#8243;][vc_column width=&#8221;1\/3&#8243; enable_content_animation=&#8221;yes&#8221; ca_init_scale_x=&#8221;1&#8243; ca_init_scale_y=&#8221;1&#8243; ca_init_scale_z=&#8221;1&#8243; ca_init_opacity=&#8221;0&#8243; ca_an_scale_x=&#8221;1&#8243; ca_an_scale_y=&#8221;1&#8243; ca_an_scale_z=&#8221;1&#8243; ca_an_opacity=&#8221;1&#8243; ca_init_translate_x=&#8221;-57&#8243;]<style>.ld_icon_box_6a009a9c3ec17 h3{margin-bottom:px;}.ld_icon_box_6a009a9c3ec17 .iconbox-icon-container{border-radius:px;}<\/style>\n<div class=\"iconbox ld_icon_box_6a009a9c3ec17\" id=\"ld_icon_box_6a009a9c3ec17\"   >\n\t\n\t\t<div class=\"iconbox-icon-wrap\"><span class=\"iconbox-icon-container\"><i class=\"icon-et-desktop\"><\/i><\/span><\/div><!-- \/.iconbox-icon-wrap -->\t\n\t\t\n\t<div class=\"contents\">\t\n\t<h3>Campanhas Exclusivas<\/h3>\t<p>Grande n\u00famero de campanhas exclusivas adaptadas a todos os tipos de monetiza\u00e7\u00e3o e com controlo de atividades.<\/p>\n\t\t\n\t<\/div>\t\n\t\n<\/div>\n<style>.ld_icon_box_6a009a9c3f446 h3{margin-bottom:px;}.ld_icon_box_6a009a9c3f446 .iconbox-icon-container{border-radius:px;}<\/style>\n<div class=\"iconbox ld_icon_box_6a009a9c3f446\" id=\"ld_icon_box_6a009a9c3f446\"   >\n\t\n\t\t<div class=\"iconbox-icon-wrap\"><span class=\"iconbox-icon-container\"><i class=\"icon-et-circle-compass\"><\/i><\/span><\/div><!-- \/.iconbox-icon-wrap -->\t\n\t\t\n\t<div class=\"contents\">\t\n\t<h3>Ferramentas de desenho<\/h3>\t<p>Usa a nossa poderosa ferramenta para criar banners e imagens personalizadas com a tua marca.<\/p>\n\t\t\n\t<\/div>\t\n\t\n<\/div>\n[\/vc_column][vc_column width=&#8221;1\/3&#8243; enable_content_animation=&#8221;yes&#8221; ca_init_scale_x=&#8221;1&#8243; ca_init_scale_y=&#8221;1&#8243; ca_init_scale_z=&#8221;1&#8243; ca_init_opacity=&#8221;0&#8243; ca_an_scale_x=&#8221;1&#8243; ca_an_scale_y=&#8221;1&#8243; ca_an_scale_z=&#8221;1&#8243; ca_an_opacity=&#8221;1&#8243; ca_init_translate_x=&#8221;-62&#8243;]<style>.ld_icon_box_6a009a9c3f97c h3{margin-bottom:px;}.ld_icon_box_6a009a9c3f97c .iconbox-icon-container{border-radius:px;}<\/style>\n<div class=\"iconbox ld_icon_box_6a009a9c3f97c\" id=\"ld_icon_box_6a009a9c3f97c\"   >\n\t\n\t\t<div class=\"iconbox-icon-wrap\"><span class=\"iconbox-icon-container\"><i class=\"icon-ecommerce_graph_increase\"><\/i><\/span><\/div><!-- \/.iconbox-icon-wrap -->\t\n\t\t\n\t<div class=\"contents\">\t\n\t<h3>Pagamentos r\u00e1pidos e seguros<\/h3>\t<p>Podes escolher como queres receber o dinheiro gerado com as comiss\u00f5es. Paypal, Skrill, transfer\u00eancia banc\u00e1ria, entre outros.<\/p>\n\t\t\n\t<\/div>\t\n\t\n<\/div>\n<style>.ld_icon_box_6a009a9c3fc46 h3{margin-bottom:px;}.ld_icon_box_6a009a9c3fc46 .iconbox-icon-container{border-radius:px;}<\/style>\n<div class=\"iconbox ld_icon_box_6a009a9c3fc46\" id=\"ld_icon_box_6a009a9c3fc46\"   >\n\t\n\t\t<div class=\"iconbox-icon-wrap\"><span class=\"iconbox-icon-container\"><i class=\"icon-basic_lightbulb\"><\/i><\/span><\/div><!-- \/.iconbox-icon-wrap -->\t\n\t\t\n\t<div class=\"contents\">\t\n\t<h3>Ferramentas de marketing<\/h3>\t<p>Colocamos \u00e0 tua disposi\u00e7\u00e3o uma imensa quantidade de ferramentas e dicas para que possas crescer diariamente.<\/p>\n\t\t\n\t<\/div>\t\n\t\n<\/div>\n[\/vc_column][vc_column width=&#8221;1\/3&#8243; enable_content_animation=&#8221;yes&#8221; ca_init_scale_x=&#8221;1&#8243; ca_init_scale_y=&#8221;1&#8243; ca_init_scale_z=&#8221;1&#8243; ca_init_opacity=&#8221;0&#8243; ca_an_scale_x=&#8221;1&#8243; ca_an_scale_y=&#8221;1&#8243; ca_an_scale_z=&#8221;1&#8243; ca_an_opacity=&#8221;1&#8243; ca_init_translate_y=&#8221;-70&#8243;]<style>.ld_icon_box_6a009a9c3fdcc h3{margin-bottom:px;}.ld_icon_box_6a009a9c3fdcc .iconbox-icon-container{border-radius:px;}<\/style>\n<div class=\"iconbox ld_icon_box_6a009a9c3fdcc\" id=\"ld_icon_box_6a009a9c3fdcc\"   >\n\t\n\t\t<div class=\"iconbox-icon-wrap\"><span class=\"iconbox-icon-container\"><i class=\"icon-et-chat\"><\/i><\/span><\/div><!-- \/.iconbox-icon-wrap -->\t\n\t\t\n\t<div class=\"contents\">\t\n\t<h3>Monetiza qualquer rede<\/h3>\t<p>Com a nossa plataforma podes monetizar redes sociais, sites, Telegram, Whatsapp\u2026 A escolha \u00e9 tua!<\/p>\n\t\t\n\t<\/div>\t\n\t\n<\/div>\n<style>.ld_icon_box_6a009a9c3ff27 h3{margin-bottom:px;}.ld_icon_box_6a009a9c3ff27 .iconbox-icon-container{border-radius:px;}<\/style>\n<div class=\"iconbox ld_icon_box_6a009a9c3ff27\" id=\"ld_icon_box_6a009a9c3ff27\"   >\n\t\n\t\t<div class=\"iconbox-icon-wrap\"><span class=\"iconbox-icon-container\"><i class=\"icon-et-mobile\"><\/i><\/span><\/div><!-- \/.iconbox-icon-wrap -->\t\n\t\t\n\t<div class=\"contents\">\t\n\t<h3>Controla o teu rendimento<\/h3>\t<p>No teu painel de usu\u00e1rio encontrar\u00e1s todas as estat\u00edsticas das tuas promo\u00e7\u00f5es, com informa\u00e7\u00f5es muito importantes.<\/p>\n\t\t\n\t<\/div>\t\n\t\n<\/div>\n[\/vc_column][\/vc_row][vc_row parallax=&#8221;enable_parallax&#8221; bg_position=&#8221;center center&#8221; css=&#8221;.vc_custom_1556548600197{margin-top: 40px !important;padding-top: 110px !important;padding-bottom: 60px !important;background-image: url(https:\/\/afiliago.com\/wp-content\/uploads\/bnn-registro.jpg?id=4613) !important;}&#8221;][vc_column width=&#8221;5\/6&#8243; enable_content_animation=&#8221;yes&#8221; ca_init_scale_x=&#8221;1&#8243; ca_init_scale_y=&#8221;1&#8243; ca_init_scale_z=&#8221;1&#8243; ca_init_opacity=&#8221;0&#8243; ca_an_scale_x=&#8221;1&#8243; ca_an_scale_y=&#8221;1&#8243; ca_an_scale_z=&#8221;1&#8243; ca_an_opacity=&#8221;1&#8243; align=&#8221;text-center&#8221; offset=&#8221;vc_col-md-offset-2 vc_col-md-8 vc_col-sm-offset-1&#8243; ca_init_translate_y=&#8221;52&#8243; ca_init_translate_x=&#8221;0&#8243; ca_duration=&#8221;1200&#8243; ca_delay=&#8221;160&#8243; ca_init_translate_z=&#8221;-142&#8243; ca_init_rotate_x=&#8221;-64&#8243;]<style>.ld_fancy_heading_6a009a9c4005b h2{font-size:72px;line-height:1em;letter-spacing:-0.025em;color:rgb(255, 255, 255);}.ld_fancy_heading_6a009a9c4005b .lqd-highlight-inner{height:0.275em;bottom:0px;}<\/style><div class=\"ld-fancy-heading ld_fancy_heading_6a009a9c4005b\">\n\t<h2 class=\"lqd-highlight-underline lqd-highlight-grow-left\" data-fittext=\"true\" data-fittext-options='{\"compressor\":0.6,\"maxFontSize\":\"72\",\"minFontSize\":\"30\"}' data-split-text=\"true\" data-custom-animations=\"true\" data-ca-options='{\"triggerHandler\":\"inview\",\"animationTarget\":\".lqd-lines .split-inner\",\"duration\":700,\"delay\":100,\"easing\":\"easeOutQuint\",\"direction\":\"forward\",\"initValues\":{\"scale\":1},\"animations\":{\"scale\":1}}' data-split-options='{\"type\":\"lines\"}'><span class=\"ld-fh-txt\"> Regista-te, \u00e9 gr\u00e1tis!<\/span><\/h2><\/div><style>.ld_fancy_heading_6a009a9c4042a p{font-size:24px;line-height:1.25em;color:rgb(255, 255, 255);}@media (min-width: 992px) { .ld_fancy_heading_6a009a9c4042a p {margin-right:5% !important; margin-left:5% !important;  }  } .ld_fancy_heading_6a009a9c4042a .lqd-highlight-inner{height:0.275em;bottom:0px;}@media (min-width: 992px) { .ld_fancy_heading_6a009a9c4042a p {margin-right:5% !important; margin-left:5% !important;  }  } <\/style><div class=\"ld-fancy-heading ld_fancy_heading_6a009a9c4042a\">\n\t<p class=\"lqd-highlight-underline lqd-highlight-grow-left\" data-split-text=\"true\" data-custom-animations=\"true\" data-ca-options='{\"triggerHandler\":\"inview\",\"animationTarget\":\".lqd-lines .split-inner\",\"duration\":700,\"delay\":100,\"easing\":\"easeOutQuint\",\"direction\":\"forward\",\"initValues\":{\"scale\":1},\"animations\":{\"scale\":1}}' data-split-options='{\"type\":\"lines\"}'><span class=\"ld-fh-txt\"> N\u00e3o esperes mais, tens \u00e0 tua disposi\u00e7\u00e3o uma plataforma \u00fanica com todas as ferramentas para monetiza\u00e7\u00e3o e que, al\u00e9m disso, \u00e9 totalmente gratuita.<\/span><\/p><\/div>[vc_empty_space height=&#8221;52px&#8221;]<style>.ld_button_6a009a9c408f7.btn-icon-solid .btn-icon{background:rgb(255, 255, 255);}.ld_button_6a009a9c408f7.btn-icon-circle.btn-icon-ripple .btn-icon:before{border-color:rgb(255, 255, 255);}.ld_button_6a009a9c408f7{background-color:rgb(255, 255, 255);border-color:rgb(255, 255, 255);color:#539f84;font-size:16px !important;font-weight:700 !important;letter-spacing:0.05em !important;}.ld_button_6a009a9c408f7 .btn-gradient-bg{background:-webkit-linear-gradient(to right, rgb(255, 255, 255) 0%, rgb(255, 255, 255) 100%);background:linear-gradient(to right, rgb(255, 255, 255) 0%, rgb(255, 255, 255) 100%);}.ld_button_6a009a9c408f7 .btn-gradient-border defs stop:first-child{stop-color:rgb(255, 255, 255);}.ld_button_6a009a9c408f7 .btn-gradient-border defs stop:last-child{stop-color:rgb(255, 255, 255);}.ld_button_6a009a9c408f7:hover{color:rgb(83, 159, 132);}<\/style><a href=\"https:\/\/app.afiliago.com\/registro\" class=\"btn btn-solid text-uppercase circle btn-bordered border-thin btn-gradient ld_button_6a009a9c408f7\">\n\t<span>\n\t<span class=\"btn-gradient-bg\"><\/span>\t\n\t\t\t\t\t<span class=\"btn-txt\">REGISTA-TE<\/span>\n\t\t\t\n\t\t<span class=\"btn-gradient-bg btn-gradient-bg-hover\"><\/span>\t<svg xmlns=\"http:\/\/www.w3.org\/2000\/svg\" xmlns:xlink=\"http:\/\/www.w3.org\/1999\/xlink\" xml:space=\"preserve\" class=\"btn-gradient-border\" width=\"100%\" height=\"100%\">\n\t\t\t      <defs>\n\t\t\t        <linearGradient id=\"svg-border-6a009a9c40d5b\" x1=\"0%\" y1=\"0%\" x2=\"100%\" y2=\"0%\">\n\t\t\t          <stop offset=\"0%\" \/>\n\t\t\t          <stop offset=\"100%\" \/>\n\t\t\t        <\/linearGradient>\n\t\t\t      <\/defs>\n\t\t\t      <rect x=\"0.5\" y=\"0.5\" rx=\"17%\" ry=\"50%\" width=\"100%\" height=\"100%\" stroke=\"url(#svg-border-6a009a9c40d5b)\"\/>\n\t\t\t    <\/svg>\t<\/span>\n<\/a>\n[\/vc_column][\/vc_row][vc_row][vc_column][vc_empty_space height=&#8221;40px&#8221;][\/vc_column][\/vc_row]<\/p>\n","protected":false},"excerpt":{"rendered":"<p>[vc_row enable_content_animation=&#8221;yes&#8221; ca_init_scale_x=&#8221;1&#8243; ca_init_scale_y=&#8221;1&#8243; ca_init_scale_z=&#8221;1&#8243; ca_init_opacity=&#8221;0&#8243; ca_an_scale_x=&#8221;1&#8243; ca_an_scale_y=&#8221;1&#8243; ca_an_scale_z=&#8221;1&#8243; ca_an_opacity=&#8221;1&#8243; css=&#8221;.vc_custom_1556538810857{padding-top: 45px !important;padding-bottom: 30px !important;}&#8221;&#8230;<\/p>\n","protected":false},"author":1,"featured_media":0,"parent":0,"menu_order":0,"comment_status":"closed","ping_status":"closed","template":"","meta":[],"yoast_head":"<!-- This site is optimized with the Yoast SEO plugin v20.6 - https:\/\/yoast.com\/wordpress\/plugins\/seo\/ -->\n<title>Como funciona? A AfiliaGo ajuda-te a monetizar - AfiliaGo.com<\/title>\n<meta name=\"description\" content=\"Como funciona a Afiliago e o Affiliate Marketing? Somos uma empresa de marketing online e queremos que os nossos afiliados ganhem dinheiro\" \/>\n<meta name=\"robots\" content=\"index, follow, max-snippet:-1, max-image-preview:large, max-video-preview:-1\" \/>\n<link rel=\"canonical\" href=\"https:\/\/afiliago.com\/pt-br\/como-funciona\/\" \/>\n<meta property=\"og:locale\" content=\"pt_BR\" \/>\n<meta property=\"og:type\" content=\"article\" \/>\n<meta property=\"og:title\" content=\"Como funciona? A AfiliaGo ajuda-te a monetizar - AfiliaGo.com\" \/>\n<meta property=\"og:description\" content=\"Como funciona a Afiliago e o Affiliate Marketing? Somos uma empresa de marketing online e queremos que os nossos afiliados ganhem dinheiro\" \/>\n<meta property=\"og:url\" content=\"https:\/\/afiliago.com\/pt-br\/como-funciona\/\" \/>\n<meta property=\"og:site_name\" content=\"Plataforma de Marketing de afiliaci\u00f3n de apuestas deportivas\" \/>\n<meta property=\"article:publisher\" content=\"https:\/\/www.facebook.com\/afiliago\/\" \/>\n<meta property=\"article:modified_time\" content=\"2022-02-25T17:03:06+00:00\" \/>\n<meta name=\"twitter:card\" content=\"summary_large_image\" \/>\n<meta name=\"twitter:site\" content=\"@afiliago\" \/>\n<meta name=\"twitter:label1\" content=\"Est. tempo de leitura\" \/>\n\t<meta name=\"twitter:data1\" content=\"3 minutos\" \/>\n<script type=\"application\/ld+json\" class=\"yoast-schema-graph\">{\"@context\":\"https:\/\/schema.org\",\"@graph\":[{\"@type\":\"WebPage\",\"@id\":\"https:\/\/afiliago.com\/pt-br\/como-funciona\/\",\"url\":\"https:\/\/afiliago.com\/pt-br\/como-funciona\/\",\"name\":\"Como funciona? A AfiliaGo ajuda-te a monetizar - AfiliaGo.com\",\"isPartOf\":{\"@id\":\"https:\/\/afiliago.com\/pt-br\/#website\"},\"datePublished\":\"2021-10-01T09:53:10+00:00\",\"dateModified\":\"2022-02-25T17:03:06+00:00\",\"description\":\"Como funciona a Afiliago e o Affiliate Marketing? Somos uma empresa de marketing online e queremos que os nossos afiliados ganhem dinheiro\",\"breadcrumb\":{\"@id\":\"https:\/\/afiliago.com\/pt-br\/como-funciona\/#breadcrumb\"},\"inLanguage\":\"pt-BR\",\"potentialAction\":[{\"@type\":\"ReadAction\",\"target\":[\"https:\/\/afiliago.com\/pt-br\/como-funciona\/\"]}]},{\"@type\":\"BreadcrumbList\",\"@id\":\"https:\/\/afiliago.com\/pt-br\/como-funciona\/#breadcrumb\",\"itemListElement\":[{\"@type\":\"ListItem\",\"position\":1,\"name\":\"Portada\",\"item\":\"https:\/\/afiliago.com\/pt-br\/\"},{\"@type\":\"ListItem\",\"position\":2,\"name\":\"Como funciona?\"}]},{\"@type\":\"WebSite\",\"@id\":\"https:\/\/afiliago.com\/pt-br\/#website\",\"url\":\"https:\/\/afiliago.com\/pt-br\/\",\"name\":\"Plataforma de Marketing de afiliaci\u00f3n de apuestas deportivas\",\"description\":\"Plataforma de afiliaci\u00f3n de apuestas deportivas, casinos, finanzas y forex. Administra todas tus campa\u00f1as de afiliaci\u00f3n con AfiliaGo.com\",\"publisher\":{\"@id\":\"https:\/\/afiliago.com\/pt-br\/#organization\"},\"potentialAction\":[{\"@type\":\"SearchAction\",\"target\":{\"@type\":\"EntryPoint\",\"urlTemplate\":\"https:\/\/afiliago.com\/pt-br\/?s={search_term_string}\"},\"query-input\":\"required name=search_term_string\"}],\"inLanguage\":\"pt-BR\"},{\"@type\":\"Organization\",\"@id\":\"https:\/\/afiliago.com\/pt-br\/#organization\",\"name\":\"AfiliaGo International, S.L.\",\"url\":\"https:\/\/afiliago.com\/pt-br\/\",\"logo\":{\"@type\":\"ImageObject\",\"inLanguage\":\"pt-BR\",\"@id\":\"https:\/\/afiliago.com\/pt-br\/#\/schema\/logo\/image\/\",\"url\":\"https:\/\/afiliago.com\/wp-content\/uploads\/logo-afiliago-color-mobile.svg\",\"contentUrl\":\"https:\/\/afiliago.com\/wp-content\/uploads\/logo-afiliago-color-mobile.svg\",\"width\":1,\"height\":1,\"caption\":\"AfiliaGo International, S.L.\"},\"image\":{\"@id\":\"https:\/\/afiliago.com\/pt-br\/#\/schema\/logo\/image\/\"},\"sameAs\":[\"https:\/\/www.facebook.com\/afiliago\/\",\"https:\/\/twitter.com\/afiliago\",\"https:\/\/www.instagram.com\/afiliago\/\",\"https:\/\/www.youtube.com\/channel\/UCRr80RqBJvA9gDeNOuhbSgA\"]}]}<\/script>\n<!-- \/ Yoast SEO plugin. -->","yoast_head_json":{"title":"Como funciona? A AfiliaGo ajuda-te a monetizar - AfiliaGo.com","description":"Como funciona a Afiliago e o Affiliate Marketing? Somos uma empresa de marketing online e queremos que os nossos afiliados ganhem dinheiro","robots":{"index":"index","follow":"follow","max-snippet":"max-snippet:-1","max-image-preview":"max-image-preview:large","max-video-preview":"max-video-preview:-1"},"canonical":"https:\/\/afiliago.com\/pt-br\/como-funciona\/","og_locale":"pt_BR","og_type":"article","og_title":"Como funciona? A AfiliaGo ajuda-te a monetizar - AfiliaGo.com","og_description":"Como funciona a Afiliago e o Affiliate Marketing? Somos uma empresa de marketing online e queremos que os nossos afiliados ganhem dinheiro","og_url":"https:\/\/afiliago.com\/pt-br\/como-funciona\/","og_site_name":"Plataforma de Marketing de afiliaci\u00f3n de apuestas deportivas","article_publisher":"https:\/\/www.facebook.com\/afiliago\/","article_modified_time":"2022-02-25T17:03:06+00:00","twitter_card":"summary_large_image","twitter_site":"@afiliago","twitter_misc":{"Est. tempo de leitura":"3 minutos"},"schema":{"@context":"https:\/\/schema.org","@graph":[{"@type":"WebPage","@id":"https:\/\/afiliago.com\/pt-br\/como-funciona\/","url":"https:\/\/afiliago.com\/pt-br\/como-funciona\/","name":"Como funciona? A AfiliaGo ajuda-te a monetizar - AfiliaGo.com","isPartOf":{"@id":"https:\/\/afiliago.com\/pt-br\/#website"},"datePublished":"2021-10-01T09:53:10+00:00","dateModified":"2022-02-25T17:03:06+00:00","description":"Como funciona a Afiliago e o Affiliate Marketing? Somos uma empresa de marketing online e queremos que os nossos afiliados ganhem dinheiro","breadcrumb":{"@id":"https:\/\/afiliago.com\/pt-br\/como-funciona\/#breadcrumb"},"inLanguage":"pt-BR","potentialAction":[{"@type":"ReadAction","target":["https:\/\/afiliago.com\/pt-br\/como-funciona\/"]}]},{"@type":"BreadcrumbList","@id":"https:\/\/afiliago.com\/pt-br\/como-funciona\/#breadcrumb","itemListElement":[{"@type":"ListItem","position":1,"name":"Portada","item":"https:\/\/afiliago.com\/pt-br\/"},{"@type":"ListItem","position":2,"name":"Como funciona?"}]},{"@type":"WebSite","@id":"https:\/\/afiliago.com\/pt-br\/#website","url":"https:\/\/afiliago.com\/pt-br\/","name":"Plataforma de Marketing de afiliaci\u00f3n de apuestas deportivas","description":"Plataforma de afiliaci\u00f3n de apuestas deportivas, casinos, finanzas y forex. Administra todas tus campa\u00f1as de afiliaci\u00f3n con AfiliaGo.com","publisher":{"@id":"https:\/\/afiliago.com\/pt-br\/#organization"},"potentialAction":[{"@type":"SearchAction","target":{"@type":"EntryPoint","urlTemplate":"https:\/\/afiliago.com\/pt-br\/?s={search_term_string}"},"query-input":"required name=search_term_string"}],"inLanguage":"pt-BR"},{"@type":"Organization","@id":"https:\/\/afiliago.com\/pt-br\/#organization","name":"AfiliaGo International, S.L.","url":"https:\/\/afiliago.com\/pt-br\/","logo":{"@type":"ImageObject","inLanguage":"pt-BR","@id":"https:\/\/afiliago.com\/pt-br\/#\/schema\/logo\/image\/","url":"https:\/\/afiliago.com\/wp-content\/uploads\/logo-afiliago-color-mobile.svg","contentUrl":"https:\/\/afiliago.com\/wp-content\/uploads\/logo-afiliago-color-mobile.svg","width":1,"height":1,"caption":"AfiliaGo International, S.L."},"image":{"@id":"https:\/\/afiliago.com\/pt-br\/#\/schema\/logo\/image\/"},"sameAs":["https:\/\/www.facebook.com\/afiliago\/","https:\/\/twitter.com\/afiliago","https:\/\/www.instagram.com\/afiliago\/","https:\/\/www.youtube.com\/channel\/UCRr80RqBJvA9gDeNOuhbSgA"]}]}},"_links":{"self":[{"href":"https:\/\/afiliago.com\/pt-br\/wp-json\/wp\/v2\/pages\/7548"}],"collection":[{"href":"https:\/\/afiliago.com\/pt-br\/wp-json\/wp\/v2\/pages"}],"about":[{"href":"https:\/\/afiliago.com\/pt-br\/wp-json\/wp\/v2\/types\/page"}],"author":[{"embeddable":true,"href":"https:\/\/afiliago.com\/pt-br\/wp-json\/wp\/v2\/users\/1"}],"replies":[{"embeddable":true,"href":"https:\/\/afiliago.com\/pt-br\/wp-json\/wp\/v2\/comments?post=7548"}],"version-history":[{"count":0,"href":"https:\/\/afiliago.com\/pt-br\/wp-json\/wp\/v2\/pages\/7548\/revisions"}],"wp:attachment":[{"href":"https:\/\/afiliago.com\/pt-br\/wp-json\/wp\/v2\/media?parent=7548"}],"curies":[{"name":"wp","href":"https:\/\/api.w.org\/{rel}","templated":true}]}}