{"id":7472,"date":"2021-09-02T16:14:07","date_gmt":"2021-09-02T14:14:07","guid":{"rendered":"https:\/\/afiliago.com\/compromisso-afiliago\/"},"modified":"2021-11-25T09:56:04","modified_gmt":"2021-11-25T08:56:04","slug":"compromisso-afiliago","status":"publish","type":"page","link":"https:\/\/afiliago.com\/pt-br\/compromisso-afiliago\/","title":{"rendered":"Compromisso AfiliaGo"},"content":{"rendered":"<p>[vc_row equal_height=&#8221;yes&#8221; content_placement=&#8221;middle&#8221; css=&#8221;.vc_custom_1556527462743{padding-top: 45px !important;padding-bottom: 45px !important;}&#8221;][vc_column]<style>.ld_section_title_69f6049f46f6f h2{font-size:42px;font-weight:700;margin-bottom:1px !important;;}<\/style><header class=\"fancy-title ld_section_title_69f6049f46f6f\">\n\t<h2>Compromisso AfiliaGo: Autocontrolo e Ajuda<\/h2>\t\t<\/header>[vc_column_text]<\/p>\n<p style=\"text-align: justify;\">Na AfiliaGo entendemos o mundo dos Jogos de Azar em geral e das Apostas Desportivas em particular como uma <strong>forma de divers\u00e3o<\/strong>. Por isso, consideramos que \u00e9 boa ideia dar alguns conselhos sobre o autocontrolo e as limita\u00e7\u00f5es que cada um deve estabelecer para si quando participa em jogos de azar online.<\/p>\n<p style=\"text-align: justify;\">Partindo do princ\u00edpio de que o mundo dos jogos de fortuna, azar e similares \u00e9 <strong>estritamente proibido para menores de idade<\/strong>, deixamos aqui algumas dicas:<\/p>\n<p style=\"text-align: justify;\"><strong>1.-<\/strong> Considera as apostas desportivas e os jogos de azar um mero passatempo, n\u00e3o uma fonte de rendimento ou um substituto para um emprego convencional.<\/p>\n<p style=\"text-align: justify;\"><strong>2.-<\/strong> Estabelece um limite inicial e joga com cuidado. O limite deve ser a quantia que calculas que tens dispon\u00edvel para jogar. N\u00e3o deves fazer novos dep\u00f3sitos se isso comprometer outras partes essenciais do teu or\u00e7amento pessoal. Lembra-te de que se trata de um jogo, portanto, deves apenas recorrer a dinheiro que te &#8220;sobra&#8221; para esta atividade de lazer em particular.<\/p>\n<p style=\"text-align: justify;\">Recomendamos que configures o teu limite tendo em conta uma simples por\u00e7\u00e3o do or\u00e7amento estabelecida para lazer. N\u00e3o recomendamos que prescindas de outras atividades de lazer, como viajar ou passar tempo com amigos e familiares, em prol do jogo.<\/p>\n<p style=\"text-align: justify;\"><strong>3.-<\/strong> Controla as tuas apostas. Aposta usando limites baixos que n\u00e3o comprometam o teu limite. Assim poder\u00e1s aproveitar para jogar mais por menos dinheiro, j\u00e1 que isto \u00e9 apenas por divers\u00e3o. Se apostares com valores baixos, o limite que definiste vai durar mais tempo e, portanto, vais divertir-te mais.<\/p>\n<p style=\"text-align: justify;\"><strong>4.-<\/strong> Se est\u00e1s a gastar muito dinheiro no jogo, deves parar imediatamente.<\/p>\n<p style=\"text-align: justify;\"><strong>5.-<\/strong> Se notares que sofres de ansiedade, que jogas compulsivamente ou tens uma ligeira sensa\u00e7\u00e3o de depend\u00eancia do jogo, deves parar imediatamente.<\/p>\n<p style=\"text-align: justify;\"><strong>6.-<\/strong> Usa o teu pr\u00f3prio dinheiro para jogar, nunca o da fam\u00edlia, amigos, agiotas, etc.<\/p>\n<p style=\"text-align: justify;\"><strong>7.-<\/strong> A atitude correta em rela\u00e7\u00e3o ao jogo \u00e9 de modera\u00e7\u00e3o e responsabilidade. Evita qualquer comportamento compulsivo. Caso n\u00e3o consigas, procura ajuda em algum dos links que disponibilizamos a seguir.<\/p>\n<p style=\"text-align: justify;\">Se consideras que precisas de ajuda para deixar de jogar, podes visitar os seguintes sites, onde encontrar\u00e1s informa\u00e7\u00f5es muito \u00fateis:<\/p>\n<ul style=\"text-align: justify;\">\n<li><a href=\"https:\/\/www.jugarbien.es\" class=\"broken_link\">jogoresponsavel.pt<\/a><\/li>\n<li><a href=\"https:\/\/www.ordenacionjuego.es\">srij.turismodeportugal.pt\/pt\/jogo-responsavel\/<\/a><\/li>\n<\/ul>\n<p style=\"text-align: justify;\">Caso queiras estabelecer controlos no teu computador para evitar que os teus filhos ou outros menores acedam a p\u00e1ginas de jogos online, recomendamos o seguinte:<\/p>\n<ul style=\"text-align: justify;\">\n<li><a href=\"https:\/\/www.qustodio.com\">cyberpatrol.com<\/a><\/li>\n<li><a href=\"https:\/\/www.netnanny.com\">netnanny.com<\/a><\/li>\n<\/ul>\n<p style=\"text-align: justify;\">Para informa\u00e7\u00f5es adicionais, podes mandar-nos um e-mail para <a href=\"mailto:legal@afiliago.com\">legal@afiliago.com<\/a> ou contactar diretamente com o SICAD \u2013 Servi\u00e7o de Interven\u00e7\u00e3o nos Comportamentos Aditivos e nas Depend\u00eancias, atrav\u00e9s do e-mail 1414@sicad.min-saude.pt ou do telefone 1414 .<\/p>\n<p style=\"text-align: justify;\">Joga com responsabilidade.<\/p>\n<p style=\"text-align: justify;\"><strong>AfiliaGo Team.<\/strong><\/p>\n<p>[\/vc_column_text][\/vc_column][\/vc_row]<\/p>\n","protected":false},"excerpt":{"rendered":"<p>[vc_row equal_height=&#8221;yes&#8221; content_placement=&#8221;middle&#8221; css=&#8221;.vc_custom_1556527462743{padding-top: 45px !important;padding-bottom: 45px !important;}&#8221;][vc_column][vc_column_text] Na AfiliaGo entendemos o mundo dos Jogos&#8230;<\/p>\n","protected":false},"author":1,"featured_media":0,"parent":0,"menu_order":0,"comment_status":"closed","ping_status":"closed","template":"","meta":[],"yoast_head":"<!-- This site is optimized with the Yoast SEO plugin v20.6 - https:\/\/yoast.com\/wordpress\/plugins\/seo\/ -->\n<title>Compromisso AfiliaGo - AfiliaGo.com<\/title>\n<meta name=\"description\" content=\"Na AfiliaGo entendemos o mundo dos Jogos de Azar em geral e das Apostas Desportivas em particular como uma forma de divers\u00e3o, e essa \u00e9 a raz\u00e3o de ser do nosso compromisso.\" \/>\n<meta name=\"robots\" content=\"noindex, nofollow\" \/>\n<meta property=\"og:locale\" content=\"pt_BR\" \/>\n<meta property=\"og:type\" content=\"article\" \/>\n<meta property=\"og:title\" content=\"Compromisso AfiliaGo - AfiliaGo.com\" \/>\n<meta property=\"og:description\" content=\"Na AfiliaGo entendemos o mundo dos Jogos de Azar em geral e das Apostas Desportivas em particular como uma forma de divers\u00e3o, e essa \u00e9 a raz\u00e3o de ser do nosso compromisso.\" \/>\n<meta property=\"og:url\" content=\"https:\/\/afiliago.com\/pt-br\/compromisso-afiliago\/\" \/>\n<meta property=\"og:site_name\" content=\"Plataforma de Marketing de afiliaci\u00f3n de apuestas deportivas\" \/>\n<meta property=\"article:publisher\" content=\"https:\/\/www.facebook.com\/afiliago\/\" \/>\n<meta property=\"article:modified_time\" content=\"2021-11-25T08:56:04+00:00\" \/>\n<meta name=\"twitter:card\" content=\"summary_large_image\" \/>\n<meta name=\"twitter:site\" content=\"@afiliago\" \/>\n<meta name=\"twitter:label1\" content=\"Est. tempo de leitura\" \/>\n\t<meta name=\"twitter:data1\" content=\"2 minutos\" \/>\n<script type=\"application\/ld+json\" class=\"yoast-schema-graph\">{\"@context\":\"https:\/\/schema.org\",\"@graph\":[{\"@type\":\"WebPage\",\"@id\":\"https:\/\/afiliago.com\/pt-br\/compromisso-afiliago\/\",\"url\":\"https:\/\/afiliago.com\/pt-br\/compromisso-afiliago\/\",\"name\":\"Compromisso AfiliaGo - AfiliaGo.com\",\"isPartOf\":{\"@id\":\"https:\/\/afiliago.com\/pt-br\/#website\"},\"datePublished\":\"2021-09-02T14:14:07+00:00\",\"dateModified\":\"2021-11-25T08:56:04+00:00\",\"description\":\"Na AfiliaGo entendemos o mundo dos Jogos de Azar em geral e das Apostas Desportivas em particular como uma forma de divers\u00e3o, e essa \u00e9 a raz\u00e3o de ser do nosso compromisso.\",\"breadcrumb\":{\"@id\":\"https:\/\/afiliago.com\/pt-br\/compromisso-afiliago\/#breadcrumb\"},\"inLanguage\":\"pt-BR\",\"potentialAction\":[{\"@type\":\"ReadAction\",\"target\":[\"https:\/\/afiliago.com\/pt-br\/compromisso-afiliago\/\"]}]},{\"@type\":\"BreadcrumbList\",\"@id\":\"https:\/\/afiliago.com\/pt-br\/compromisso-afiliago\/#breadcrumb\",\"itemListElement\":[{\"@type\":\"ListItem\",\"position\":1,\"name\":\"Portada\",\"item\":\"https:\/\/afiliago.com\/pt-br\/\"},{\"@type\":\"ListItem\",\"position\":2,\"name\":\"Compromisso AfiliaGo\"}]},{\"@type\":\"WebSite\",\"@id\":\"https:\/\/afiliago.com\/pt-br\/#website\",\"url\":\"https:\/\/afiliago.com\/pt-br\/\",\"name\":\"Plataforma de Marketing de afiliaci\u00f3n de apuestas deportivas\",\"description\":\"Plataforma de afiliaci\u00f3n de apuestas deportivas, casinos, finanzas y forex. Administra todas tus campa\u00f1as de afiliaci\u00f3n con AfiliaGo.com\",\"publisher\":{\"@id\":\"https:\/\/afiliago.com\/pt-br\/#organization\"},\"potentialAction\":[{\"@type\":\"SearchAction\",\"target\":{\"@type\":\"EntryPoint\",\"urlTemplate\":\"https:\/\/afiliago.com\/pt-br\/?s={search_term_string}\"},\"query-input\":\"required name=search_term_string\"}],\"inLanguage\":\"pt-BR\"},{\"@type\":\"Organization\",\"@id\":\"https:\/\/afiliago.com\/pt-br\/#organization\",\"name\":\"AfiliaGo International, S.L.\",\"url\":\"https:\/\/afiliago.com\/pt-br\/\",\"logo\":{\"@type\":\"ImageObject\",\"inLanguage\":\"pt-BR\",\"@id\":\"https:\/\/afiliago.com\/pt-br\/#\/schema\/logo\/image\/\",\"url\":\"https:\/\/afiliago.com\/wp-content\/uploads\/logo-afiliago-color-mobile.svg\",\"contentUrl\":\"https:\/\/afiliago.com\/wp-content\/uploads\/logo-afiliago-color-mobile.svg\",\"width\":1,\"height\":1,\"caption\":\"AfiliaGo International, S.L.\"},\"image\":{\"@id\":\"https:\/\/afiliago.com\/pt-br\/#\/schema\/logo\/image\/\"},\"sameAs\":[\"https:\/\/www.facebook.com\/afiliago\/\",\"https:\/\/twitter.com\/afiliago\",\"https:\/\/www.instagram.com\/afiliago\/\",\"https:\/\/www.youtube.com\/channel\/UCRr80RqBJvA9gDeNOuhbSgA\"]}]}<\/script>\n<!-- \/ Yoast SEO plugin. -->","yoast_head_json":{"title":"Compromisso AfiliaGo - AfiliaGo.com","description":"Na AfiliaGo entendemos o mundo dos Jogos de Azar em geral e das Apostas Desportivas em particular como uma forma de divers\u00e3o, e essa \u00e9 a raz\u00e3o de ser do nosso compromisso.","robots":{"index":"noindex","follow":"nofollow"},"og_locale":"pt_BR","og_type":"article","og_title":"Compromisso AfiliaGo - AfiliaGo.com","og_description":"Na AfiliaGo entendemos o mundo dos Jogos de Azar em geral e das Apostas Desportivas em particular como uma forma de divers\u00e3o, e essa \u00e9 a raz\u00e3o de ser do nosso compromisso.","og_url":"https:\/\/afiliago.com\/pt-br\/compromisso-afiliago\/","og_site_name":"Plataforma de Marketing de afiliaci\u00f3n de apuestas deportivas","article_publisher":"https:\/\/www.facebook.com\/afiliago\/","article_modified_time":"2021-11-25T08:56:04+00:00","twitter_card":"summary_large_image","twitter_site":"@afiliago","twitter_misc":{"Est. tempo de leitura":"2 minutos"},"schema":{"@context":"https:\/\/schema.org","@graph":[{"@type":"WebPage","@id":"https:\/\/afiliago.com\/pt-br\/compromisso-afiliago\/","url":"https:\/\/afiliago.com\/pt-br\/compromisso-afiliago\/","name":"Compromisso AfiliaGo - AfiliaGo.com","isPartOf":{"@id":"https:\/\/afiliago.com\/pt-br\/#website"},"datePublished":"2021-09-02T14:14:07+00:00","dateModified":"2021-11-25T08:56:04+00:00","description":"Na AfiliaGo entendemos o mundo dos Jogos de Azar em geral e das Apostas Desportivas em particular como uma forma de divers\u00e3o, e essa \u00e9 a raz\u00e3o de ser do nosso compromisso.","breadcrumb":{"@id":"https:\/\/afiliago.com\/pt-br\/compromisso-afiliago\/#breadcrumb"},"inLanguage":"pt-BR","potentialAction":[{"@type":"ReadAction","target":["https:\/\/afiliago.com\/pt-br\/compromisso-afiliago\/"]}]},{"@type":"BreadcrumbList","@id":"https:\/\/afiliago.com\/pt-br\/compromisso-afiliago\/#breadcrumb","itemListElement":[{"@type":"ListItem","position":1,"name":"Portada","item":"https:\/\/afiliago.com\/pt-br\/"},{"@type":"ListItem","position":2,"name":"Compromisso AfiliaGo"}]},{"@type":"WebSite","@id":"https:\/\/afiliago.com\/pt-br\/#website","url":"https:\/\/afiliago.com\/pt-br\/","name":"Plataforma de Marketing de afiliaci\u00f3n de apuestas deportivas","description":"Plataforma de afiliaci\u00f3n de apuestas deportivas, casinos, finanzas y forex. Administra todas tus campa\u00f1as de afiliaci\u00f3n con AfiliaGo.com","publisher":{"@id":"https:\/\/afiliago.com\/pt-br\/#organization"},"potentialAction":[{"@type":"SearchAction","target":{"@type":"EntryPoint","urlTemplate":"https:\/\/afiliago.com\/pt-br\/?s={search_term_string}"},"query-input":"required name=search_term_string"}],"inLanguage":"pt-BR"},{"@type":"Organization","@id":"https:\/\/afiliago.com\/pt-br\/#organization","name":"AfiliaGo International, S.L.","url":"https:\/\/afiliago.com\/pt-br\/","logo":{"@type":"ImageObject","inLanguage":"pt-BR","@id":"https:\/\/afiliago.com\/pt-br\/#\/schema\/logo\/image\/","url":"https:\/\/afiliago.com\/wp-content\/uploads\/logo-afiliago-color-mobile.svg","contentUrl":"https:\/\/afiliago.com\/wp-content\/uploads\/logo-afiliago-color-mobile.svg","width":1,"height":1,"caption":"AfiliaGo International, S.L."},"image":{"@id":"https:\/\/afiliago.com\/pt-br\/#\/schema\/logo\/image\/"},"sameAs":["https:\/\/www.facebook.com\/afiliago\/","https:\/\/twitter.com\/afiliago","https:\/\/www.instagram.com\/afiliago\/","https:\/\/www.youtube.com\/channel\/UCRr80RqBJvA9gDeNOuhbSgA"]}]}},"_links":{"self":[{"href":"https:\/\/afiliago.com\/pt-br\/wp-json\/wp\/v2\/pages\/7472"}],"collection":[{"href":"https:\/\/afiliago.com\/pt-br\/wp-json\/wp\/v2\/pages"}],"about":[{"href":"https:\/\/afiliago.com\/pt-br\/wp-json\/wp\/v2\/types\/page"}],"author":[{"embeddable":true,"href":"https:\/\/afiliago.com\/pt-br\/wp-json\/wp\/v2\/users\/1"}],"replies":[{"embeddable":true,"href":"https:\/\/afiliago.com\/pt-br\/wp-json\/wp\/v2\/comments?post=7472"}],"version-history":[{"count":0,"href":"https:\/\/afiliago.com\/pt-br\/wp-json\/wp\/v2\/pages\/7472\/revisions"}],"wp:attachment":[{"href":"https:\/\/afiliago.com\/pt-br\/wp-json\/wp\/v2\/media?parent=7472"}],"curies":[{"name":"wp","href":"https:\/\/api.w.org\/{rel}","templated":true}]}}