{"id":7460,"date":"2021-09-01T15:35:42","date_gmt":"2021-09-01T13:35:42","guid":{"rendered":"https:\/\/afiliago.com\/o-que-e-designgo\/"},"modified":"2022-02-09T10:21:26","modified_gmt":"2022-02-09T09:21:26","slug":"o-que-e-designgo","status":"publish","type":"page","link":"https:\/\/afiliago.com\/pt-br\/o-que-e-designgo\/","title":{"rendered":"O que \u00e9 DesignGo?"},"content":{"rendered":"<p>[vc_row enable_content_animation=&#8221;yes&#8221; ca_init_scale_x=&#8221;1&#8243; ca_init_scale_y=&#8221;1&#8243; ca_init_scale_z=&#8221;1&#8243; ca_init_opacity=&#8221;0&#8243; ca_an_scale_x=&#8221;1&#8243; ca_an_scale_y=&#8221;1&#8243; ca_an_scale_z=&#8221;1&#8243; ca_an_opacity=&#8221;1&#8243; css=&#8221;.vc_custom_1556538810857{padding-top: 45px !important;padding-bottom: 30px !important;}&#8221; ca_init_translate_y=&#8221;39&#8243;][vc_column][vc_empty_space height=&#8221;15px&#8221;]<style>.ld_fancy_heading_69f45fb5b3006 h3{font-size:36px;line-height:1.20em;color:rgb(0, 0, 0);}.ld_fancy_heading_69f45fb5b3006 .lqd-highlight-inner{height:0.275em;bottom:0px;}<\/style><div class=\"ld-fancy-heading mask-text text-center ld_fancy_heading_69f45fb5b3006\">\n\t<h3 class=\"lqd-highlight-underline lqd-highlight-grow-left\" data-split-text=\"true\" data-custom-animations=\"true\" data-ca-options='{\"triggerHandler\":\"inview\",\"animationTarget\":\".lqd-lines .split-inner\",\"duration\":\"600\",\"delay\":\"180\",\"easing\":\"easeOutQuint\",\"direction\":\"forward\",\"initValues\":{\"translateY\":60},\"animations\":{\"translateY\":0}}' data-split-options='{\"type\":\"lines\"}'><span class=\"ld-fh-txt\"> Sabemos que o <strong>design gr\u00e1fico \u00e9 um elemento muito importante.<\/strong><\/span><\/h3><\/div><style>.ld_fancy_heading_69f45fb5b32b8 p{font-size:16px;line-height:1.85em;color:rgb(128, 130, 145);}.ld_fancy_heading_69f45fb5b32b8 .lqd-highlight-inner{height:0.275em;bottom:0px;}<\/style><div class=\"ld-fancy-heading text-center ld_fancy_heading_69f45fb5b32b8\">\n\t<p class=\"lqd-highlight-underline lqd-highlight-grow-left\" data-split-text=\"true\" data-custom-animations=\"true\" data-ca-options='{\"triggerHandler\":\"inview\",\"animationTarget\":\".lqd-lines .split-inner\",\"duration\":\"600\",\"delay\":\"180\",\"easing\":\"easeOutQuint\",\"direction\":\"forward\",\"initValues\":{\"translateY\":28,\"rotateZ\":2,\"opacity\":0},\"animations\":{\"translateY\":0,\"rotateZ\":0,\"opacity\":1}}' data-split-options='{\"type\":\"lines\"}'><span class=\"ld-fh-txt\"> Os designs nas tuas redes sociais e\/ou site s\u00e3o fundamentais no mundo da afilia\u00e7\u00e3o, e uma boa imagem \u00e9 um fator muito importante para evitar o insucesso e contrariar a m\u00e1 imagem do produto que ofereces.<\/span><\/p><\/div>[vc_empty_space height=&#8221;10px&#8221;][\/vc_column][\/vc_row][vc_row enable_content_animation=&#8221;yes&#8221; ca_init_scale_x=&#8221;1&#8243; ca_init_scale_y=&#8221;1&#8243; ca_init_scale_z=&#8221;1&#8243; ca_init_opacity=&#8221;0&#8243; ca_an_scale_x=&#8221;1&#8243; ca_an_scale_y=&#8221;1&#8243; ca_an_scale_z=&#8221;1&#8243; ca_an_opacity=&#8221;1&#8243; ca_init_translate_y=&#8221;55&#8243; ca_start_delay=&#8221;500&#8243;][vc_column width=&#8221;1\/2&#8243;]<style>.ld_fancy_heading_69f45fb5b3411 p{font-size:16px;line-height:1.85em;color:rgb(128, 130, 145);}.ld_fancy_heading_69f45fb5b3411 .lqd-highlight-inner{height:0.275em;bottom:0px;}<\/style><div class=\"ld-fancy-heading text-center ld_fancy_heading_69f45fb5b3411\">\n\t<p class=\"lqd-highlight-underline lqd-highlight-grow-left\" data-split-text=\"true\" data-custom-animations=\"true\" data-ca-options='{\"triggerHandler\":\"inview\",\"animationTarget\":\".lqd-lines .split-inner\",\"duration\":\"1200\",\"startDelay\":\"1800\",\"delay\":\"180\",\"easing\":\"easeOutQuint\",\"direction\":\"forward\",\"initValues\":{\"translateY\":28,\"rotateZ\":2,\"opacity\":0},\"animations\":{\"translateY\":0,\"rotateZ\":0,\"opacity\":1}}' data-split-options='{\"type\":\"lines\"}'><span class=\"ld-fh-txt\"> <\/p>\n<p style=\"text-align: justify\">Por isso, na AfiliaGo criamos de forma exclusiva a ferramenta DesignGo, com a qual podes criar os teus pr\u00f3prios desenhos de forma f\u00e1cil, r\u00e1pida e gratuita.<\/p>\n<p style=\"text-align: justify\">DesignGo oferece-te a possibilidade de utilizares toda uma bateria de elementos necess\u00e1rios para criar um bom design, como diferentes fundos, fontes, cores, escudos, fotografias, jogadores e muitas outras vari\u00e1veis, \u200b\u200bpara conseguires designs realmente impressionantes.<\/p>\n<p><\/span><\/p><\/div>[\/vc_column][vc_column width=&#8221;1\/2&#8243;]<style>.ld_fancy_heading_69f45fb5b35ae p{font-size:16px;line-height:1.85em;color:rgb(128, 130, 145);}.ld_fancy_heading_69f45fb5b35ae .lqd-highlight-inner{height:0.275em;bottom:0px;}<\/style><div class=\"ld-fancy-heading text-center ld_fancy_heading_69f45fb5b35ae\">\n\t<p class=\"lqd-highlight-underline lqd-highlight-grow-left\" data-split-text=\"true\" data-custom-animations=\"true\" data-ca-options='{\"triggerHandler\":\"inview\",\"animationTarget\":\".lqd-lines .split-inner\",\"duration\":\"1200\",\"startDelay\":\"1800\",\"delay\":\"180\",\"easing\":\"easeOutQuint\",\"direction\":\"forward\",\"initValues\":{\"translateY\":28,\"rotateZ\":2,\"opacity\":0},\"animations\":{\"translateY\":0,\"rotateZ\":0,\"opacity\":1}}' data-split-options='{\"type\":\"lines\"}'><span class=\"ld-fh-txt\"> <\/p>\n<p style=\"text-align: justify\">Al\u00e9m disso, a ferramenta DesignGo \u00e9 composta por v\u00e1rios n\u00edveis. Quando atinges um n\u00edvel superior, o DesignGo oferece-te ainda mais recursos e vari\u00e1veis, \u200b\u200bpara que possas fazer os teus projetos de forma totalmente exclusiva e diferenciada.<\/p>\n<p style=\"text-align: justify\">Se tiveres alguma d\u00favida sobre o funcionamento do DesignGo, entra em contacto connosco atrav\u00e9s do e-mail <a href=\"mailto:soporte@afiliago.com\">soporte@afiliago.com<\/a>.<\/p>\n<p><\/span><\/p><\/div>[\/vc_column][\/vc_row][vc_row full_height=&#8221;yes&#8221; enable_content_animation=&#8221;yes&#8221; ca_init_scale_x=&#8221;1&#8243; ca_init_scale_y=&#8221;1&#8243; ca_init_scale_z=&#8221;1&#8243; ca_init_opacity=&#8221;0&#8243; ca_an_scale_x=&#8221;1&#8243; ca_an_scale_y=&#8221;1&#8243; ca_an_scale_z=&#8221;1&#8243; ca_an_opacity=&#8221;1&#8243; css=&#8221;.vc_custom_1566889523263{padding-top: 45px !important;padding-bottom: 30px !important;}&#8221; ca_init_translate_y=&#8221;39&#8243;][vc_column][vc_gallery type=&#8221;image_grid&#8221; images=&#8221;4771,4772,4769,4776,4777,4778,4779,4781,4783,4785,4786&#8243; img_size=&#8221;360&#215;360&#8243; css_animation=&#8221;fadeIn&#8221; title=&#8221;Personaliza os teus designs com DesignGo!&#8221;][vc_empty_space height=&#8221;45px&#8221;][\/vc_column][\/vc_row][vc_row enable_content_animation=&#8221;yes&#8221; ca_init_scale_x=&#8221;1&#8243; ca_init_scale_y=&#8221;1&#8243; ca_init_scale_z=&#8221;1&#8243; ca_init_opacity=&#8221;0&#8243; ca_an_scale_x=&#8221;1&#8243; ca_an_scale_y=&#8221;1&#8243; ca_an_scale_z=&#8221;1&#8243; ca_an_opacity=&#8221;1&#8243; css=&#8221;.vc_custom_1573727938909{padding-top: 45px !important;padding-bottom: 30px !important;}&#8221; ca_init_translate_y=&#8221;46&#8243; ca_duration=&#8221;1200&#8243; ca_delay=&#8221;1501&#8243; ca_init_translate_x=&#8221;1&#8243;][vc_column width=&#8221;5\/6&#8243; offset=&#8221;vc_col-md-6&#8243;]<div id=\"ld_testimonial_69f45fb5b3705\" class=\"testimonial testimonial-quote-indented testimonial-details-top text-left testimonial-details-xl ld_testimonial_69f45fb5b3705\">\n\t\n\t<div class=\"testimonial-quote\">\n\t\t<blockquote><p><em><span style=\"font-size: 20px; line-height: 1.15em;\">\u201cA ferramenta DesignGo funciona muito bem, \u00e9 simples e \u00fatil. Fa\u00e7o desafios e desenho as apostas como quero, o que me ajuda muito como Tipster.&#8221;<\/span><\/em><\/p>\n<\/blockquote>\t<\/div><!-- \/.testimonial-qoute -->\n\n\t<div class=\"testimonial-details\">\n\t\t<figure class=\"avatar \"><img src=\"https:\/\/afiliago.com\/wp-content\/uploads\/nick-merlina-apuestas.png\" alt=\"Merl\u00edn Apuestas\" \/><\/figure>\t\t<div class=\"testimonial-info\">\n\t\t\t<h5 >Merl\u00edn Apuestas<\/h5>\t\t\t<h6 class=\"font-weight-normal text-uppercase ltr-sp-1\">Tipster<\/h6>\t\t<\/div><!-- \/.testimonial-info -->\n\t\t\n\t\n\t<\/div><!-- \/.testimonial-details -->\n\t\t\t<time class=\"text-uppercase ltr-sp-1 size-sm\">Noviembre, 2019<\/time>\t\n<\/div><!-- \/.testimonial -->[\/vc_column][vc_column width=&#8221;5\/6&#8243; offset=&#8221;vc_col-md-6&#8243;]<div id=\"ld_testimonial_69f45fb5b3a2e\" class=\"testimonial testimonial-quote-indented testimonial-details-top text-left testimonial-details-xl ld_testimonial_69f45fb5b3a2e\">\n\t\n\t<div class=\"testimonial-quote\">\n\t\t<blockquote><p><em><span style=\"font-size: 20px; line-height: 1.15em;\">\u201cUtilizo DesignGo para fazer os designs das minhas picks e ao mesmo tempo ganho muitos seguidores. Excelente ferramenta, altamente recomendada.\u201d<\/span><\/em><\/p>\n<\/blockquote>\t<\/div><!-- \/.testimonial-qoute -->\n\n\t<div class=\"testimonial-details\">\n\t\t<figure class=\"avatar \"><img src=\"https:\/\/afiliago.com\/wp-content\/uploads\/LOGOTIPO-WAPUESTAS.png\" alt=\"WApuestas\" \/><\/figure>\t\t<div class=\"testimonial-info\">\n\t\t\t<h5 >WApuestas<\/h5>\t\t\t<h6 class=\"font-weight-normal text-uppercase ltr-sp-1\">Tipster<\/h6>\t\t<\/div><!-- \/.testimonial-info -->\n\t\t\n\t\n\t<\/div><!-- \/.testimonial-details -->\n\t\t\t<time class=\"text-uppercase ltr-sp-1 size-sm\">Enero, 2020<\/time>\t\n<\/div><!-- \/.testimonial -->[\/vc_column][\/vc_row][vc_row parallax=&#8221;enable_parallax&#8221; bg_position=&#8221;center center&#8221; css=&#8221;.vc_custom_1556548600197{margin-top: 40px !important;padding-top: 110px !important;padding-bottom: 60px !important;background-image: url(https:\/\/afiliago.com\/wp-content\/uploads\/bnn-registro.jpg?id=4613) !important;}&#8221;][vc_column width=&#8221;5\/6&#8243; enable_content_animation=&#8221;yes&#8221; ca_init_scale_x=&#8221;1&#8243; ca_init_scale_y=&#8221;1&#8243; ca_init_scale_z=&#8221;1&#8243; ca_init_opacity=&#8221;0&#8243; ca_an_scale_x=&#8221;1&#8243; ca_an_scale_y=&#8221;1&#8243; ca_an_scale_z=&#8221;1&#8243; ca_an_opacity=&#8221;1&#8243; align=&#8221;text-center&#8221; offset=&#8221;vc_col-md-offset-2 vc_col-md-8 vc_col-sm-offset-1&#8243; ca_init_translate_y=&#8221;52&#8243; ca_init_translate_x=&#8221;0&#8243; ca_duration=&#8221;1200&#8243; ca_delay=&#8221;160&#8243; ca_init_translate_z=&#8221;-142&#8243; ca_init_rotate_x=&#8221;-64&#8243;][vc_single_image image=&#8221;4435&#8243; img_size=&#8221;348&#215;142&#8243; alignment=&#8221;center&#8221;]<style>.ld_fancy_heading_69f45fb5b3dd5 p{font-size:24px;line-height:1.25em;color:rgb(255, 255, 255);}@media (min-width: 992px) { .ld_fancy_heading_69f45fb5b3dd5 p {margin-right:5% !important; margin-left:5% !important;  }  } .ld_fancy_heading_69f45fb5b3dd5 .lqd-highlight-inner{height:0.275em;bottom:0px;}@media (min-width: 992px) { .ld_fancy_heading_69f45fb5b3dd5 p {margin-right:5% !important; margin-left:5% !important;  }  } <\/style><div class=\"ld-fancy-heading ld_fancy_heading_69f45fb5b3dd5\">\n\t<p class=\"lqd-highlight-underline lqd-highlight-grow-left\" data-split-text=\"true\" data-custom-animations=\"true\" data-ca-options='{\"triggerHandler\":\"inview\",\"animationTarget\":\".lqd-lines .split-inner\",\"duration\":700,\"delay\":100,\"easing\":\"easeOutQuint\",\"direction\":\"forward\",\"initValues\":{\"scale\":1},\"animations\":{\"scale\":1}}' data-split-options='{\"type\":\"lines\"}'><span class=\"ld-fh-txt\"> Experimenta a nossa ferramenta de desenho de apostas e imagens para as tuas redes sociais, uma forma f\u00e1cil e gr\u00e1tis de conseguir um aspeto profissional.<\/span><\/p><\/div>[vc_empty_space height=&#8221;20px&#8221;]<style>.ld_button_69f45fb5b3fe6.btn-icon-solid .btn-icon{background:rgb(255, 255, 255);}.ld_button_69f45fb5b3fe6.btn-icon-circle.btn-icon-ripple .btn-icon:before{border-color:rgb(255, 255, 255);}.ld_button_69f45fb5b3fe6{background-color:rgb(255, 255, 255);border-color:rgb(255, 255, 255);color:#539f84;font-size:16px !important;font-weight:700 !important;letter-spacing:0.05em !important;}.ld_button_69f45fb5b3fe6 .btn-gradient-bg{background:-webkit-linear-gradient(to right, rgb(255, 255, 255) 0%, rgb(255, 255, 255) 100%);background:linear-gradient(to right, rgb(255, 255, 255) 0%, rgb(255, 255, 255) 100%);}.ld_button_69f45fb5b3fe6 .btn-gradient-border defs stop:first-child{stop-color:rgb(255, 255, 255);}.ld_button_69f45fb5b3fe6 .btn-gradient-border defs stop:last-child{stop-color:rgb(255, 255, 255);}.ld_button_69f45fb5b3fe6:hover{color:rgb(83, 159, 132);}<\/style><a href=\"https:\/\/app.afiliago.com\/registro\" class=\"btn btn-solid text-uppercase circle btn-bordered border-thin btn-gradient ld_button_69f45fb5b3fe6\">\n\t<span>\n\t<span class=\"btn-gradient-bg\"><\/span>\t\n\t\t\t\t\t<span class=\"btn-txt\">EXPERIMENTA-ME<\/span>\n\t\t\t\n\t\t<span class=\"btn-gradient-bg btn-gradient-bg-hover\"><\/span>\t<svg xmlns=\"http:\/\/www.w3.org\/2000\/svg\" xmlns:xlink=\"http:\/\/www.w3.org\/1999\/xlink\" xml:space=\"preserve\" class=\"btn-gradient-border\" width=\"100%\" height=\"100%\">\n\t\t\t      <defs>\n\t\t\t        <linearGradient id=\"svg-border-69f45fb5b462c\" x1=\"0%\" y1=\"0%\" x2=\"100%\" y2=\"0%\">\n\t\t\t          <stop offset=\"0%\" \/>\n\t\t\t          <stop offset=\"100%\" \/>\n\t\t\t        <\/linearGradient>\n\t\t\t      <\/defs>\n\t\t\t      <rect x=\"0.5\" y=\"0.5\" rx=\"17%\" ry=\"50%\" width=\"100%\" height=\"100%\" stroke=\"url(#svg-border-69f45fb5b462c)\"\/>\n\t\t\t    <\/svg>\t<\/span>\n<\/a>\n[\/vc_column][\/vc_row][vc_row][vc_column][vc_empty_space height=&#8221;50px&#8221;][\/vc_column][\/vc_row]<\/p>\n","protected":false},"excerpt":{"rendered":"<p>[vc_row enable_content_animation=&#8221;yes&#8221; ca_init_scale_x=&#8221;1&#8243; ca_init_scale_y=&#8221;1&#8243; ca_init_scale_z=&#8221;1&#8243; ca_init_opacity=&#8221;0&#8243; ca_an_scale_x=&#8221;1&#8243; ca_an_scale_y=&#8221;1&#8243; ca_an_scale_z=&#8221;1&#8243; ca_an_opacity=&#8221;1&#8243; css=&#8221;.vc_custom_1556538810857{padding-top: 45px !important;padding-bottom: 30px !important;}&#8221;&#8230;<\/p>\n","protected":false},"author":1,"featured_media":0,"parent":0,"menu_order":0,"comment_status":"closed","ping_status":"closed","template":"","meta":[],"yoast_head":"<!-- This site is optimized with the Yoast SEO plugin v20.6 - https:\/\/yoast.com\/wordpress\/plugins\/seo\/ -->\n<title>Ferramenta de design DesignGo para tipsters - AfiliaGo.com<\/title>\n<meta name=\"description\" content=\"DesignGo, uma ferramenta de design adaptada para tipsters. Os designs s\u00e3o fundamentais no mundo da afilia\u00e7\u00e3o. Oferece uma boa imagem e vender\u00e1s mais.\" \/>\n<meta name=\"robots\" content=\"index, follow, max-snippet:-1, max-image-preview:large, max-video-preview:-1\" \/>\n<link rel=\"canonical\" href=\"https:\/\/afiliago.com\/pt-br\/o-que-e-designgo\/\" \/>\n<meta property=\"og:locale\" content=\"pt_BR\" \/>\n<meta property=\"og:type\" content=\"article\" \/>\n<meta property=\"og:title\" content=\"Ferramenta de design DesignGo para tipsters - AfiliaGo.com\" \/>\n<meta property=\"og:description\" content=\"DesignGo, uma ferramenta de design adaptada para tipsters. Os designs s\u00e3o fundamentais no mundo da afilia\u00e7\u00e3o. Oferece uma boa imagem e vender\u00e1s mais.\" \/>\n<meta property=\"og:url\" content=\"https:\/\/afiliago.com\/pt-br\/o-que-e-designgo\/\" \/>\n<meta property=\"og:site_name\" content=\"Plataforma de Marketing de afiliaci\u00f3n de apuestas deportivas\" \/>\n<meta property=\"article:publisher\" content=\"https:\/\/www.facebook.com\/afiliago\/\" \/>\n<meta property=\"article:modified_time\" content=\"2022-02-09T09:21:26+00:00\" \/>\n<meta name=\"twitter:card\" content=\"summary_large_image\" \/>\n<meta name=\"twitter:site\" content=\"@afiliago\" \/>\n<meta name=\"twitter:label1\" content=\"Est. tempo de leitura\" \/>\n\t<meta name=\"twitter:data1\" content=\"3 minutos\" \/>\n<script type=\"application\/ld+json\" class=\"yoast-schema-graph\">{\"@context\":\"https:\/\/schema.org\",\"@graph\":[{\"@type\":\"WebPage\",\"@id\":\"https:\/\/afiliago.com\/pt-br\/o-que-e-designgo\/\",\"url\":\"https:\/\/afiliago.com\/pt-br\/o-que-e-designgo\/\",\"name\":\"Ferramenta de design DesignGo para tipsters - AfiliaGo.com\",\"isPartOf\":{\"@id\":\"https:\/\/afiliago.com\/pt-br\/#website\"},\"datePublished\":\"2021-09-01T13:35:42+00:00\",\"dateModified\":\"2022-02-09T09:21:26+00:00\",\"description\":\"DesignGo, uma ferramenta de design adaptada para tipsters. Os designs s\u00e3o fundamentais no mundo da afilia\u00e7\u00e3o. Oferece uma boa imagem e vender\u00e1s mais.\",\"breadcrumb\":{\"@id\":\"https:\/\/afiliago.com\/pt-br\/o-que-e-designgo\/#breadcrumb\"},\"inLanguage\":\"pt-BR\",\"potentialAction\":[{\"@type\":\"ReadAction\",\"target\":[\"https:\/\/afiliago.com\/pt-br\/o-que-e-designgo\/\"]}]},{\"@type\":\"BreadcrumbList\",\"@id\":\"https:\/\/afiliago.com\/pt-br\/o-que-e-designgo\/#breadcrumb\",\"itemListElement\":[{\"@type\":\"ListItem\",\"position\":1,\"name\":\"Portada\",\"item\":\"https:\/\/afiliago.com\/pt-br\/\"},{\"@type\":\"ListItem\",\"position\":2,\"name\":\"O que \u00e9 DesignGo?\"}]},{\"@type\":\"WebSite\",\"@id\":\"https:\/\/afiliago.com\/pt-br\/#website\",\"url\":\"https:\/\/afiliago.com\/pt-br\/\",\"name\":\"Plataforma de Marketing de afiliaci\u00f3n de apuestas deportivas\",\"description\":\"Plataforma de afiliaci\u00f3n de apuestas deportivas, casinos, finanzas y forex. Administra todas tus campa\u00f1as de afiliaci\u00f3n con AfiliaGo.com\",\"publisher\":{\"@id\":\"https:\/\/afiliago.com\/pt-br\/#organization\"},\"potentialAction\":[{\"@type\":\"SearchAction\",\"target\":{\"@type\":\"EntryPoint\",\"urlTemplate\":\"https:\/\/afiliago.com\/pt-br\/?s={search_term_string}\"},\"query-input\":\"required name=search_term_string\"}],\"inLanguage\":\"pt-BR\"},{\"@type\":\"Organization\",\"@id\":\"https:\/\/afiliago.com\/pt-br\/#organization\",\"name\":\"AfiliaGo International, S.L.\",\"url\":\"https:\/\/afiliago.com\/pt-br\/\",\"logo\":{\"@type\":\"ImageObject\",\"inLanguage\":\"pt-BR\",\"@id\":\"https:\/\/afiliago.com\/pt-br\/#\/schema\/logo\/image\/\",\"url\":\"https:\/\/afiliago.com\/wp-content\/uploads\/logo-afiliago-color-mobile.svg\",\"contentUrl\":\"https:\/\/afiliago.com\/wp-content\/uploads\/logo-afiliago-color-mobile.svg\",\"width\":1,\"height\":1,\"caption\":\"AfiliaGo International, S.L.\"},\"image\":{\"@id\":\"https:\/\/afiliago.com\/pt-br\/#\/schema\/logo\/image\/\"},\"sameAs\":[\"https:\/\/www.facebook.com\/afiliago\/\",\"https:\/\/twitter.com\/afiliago\",\"https:\/\/www.instagram.com\/afiliago\/\",\"https:\/\/www.youtube.com\/channel\/UCRr80RqBJvA9gDeNOuhbSgA\"]}]}<\/script>\n<!-- \/ Yoast SEO plugin. -->","yoast_head_json":{"title":"Ferramenta de design DesignGo para tipsters - AfiliaGo.com","description":"DesignGo, uma ferramenta de design adaptada para tipsters. Os designs s\u00e3o fundamentais no mundo da afilia\u00e7\u00e3o. Oferece uma boa imagem e vender\u00e1s mais.","robots":{"index":"index","follow":"follow","max-snippet":"max-snippet:-1","max-image-preview":"max-image-preview:large","max-video-preview":"max-video-preview:-1"},"canonical":"https:\/\/afiliago.com\/pt-br\/o-que-e-designgo\/","og_locale":"pt_BR","og_type":"article","og_title":"Ferramenta de design DesignGo para tipsters - AfiliaGo.com","og_description":"DesignGo, uma ferramenta de design adaptada para tipsters. Os designs s\u00e3o fundamentais no mundo da afilia\u00e7\u00e3o. Oferece uma boa imagem e vender\u00e1s mais.","og_url":"https:\/\/afiliago.com\/pt-br\/o-que-e-designgo\/","og_site_name":"Plataforma de Marketing de afiliaci\u00f3n de apuestas deportivas","article_publisher":"https:\/\/www.facebook.com\/afiliago\/","article_modified_time":"2022-02-09T09:21:26+00:00","twitter_card":"summary_large_image","twitter_site":"@afiliago","twitter_misc":{"Est. tempo de leitura":"3 minutos"},"schema":{"@context":"https:\/\/schema.org","@graph":[{"@type":"WebPage","@id":"https:\/\/afiliago.com\/pt-br\/o-que-e-designgo\/","url":"https:\/\/afiliago.com\/pt-br\/o-que-e-designgo\/","name":"Ferramenta de design DesignGo para tipsters - AfiliaGo.com","isPartOf":{"@id":"https:\/\/afiliago.com\/pt-br\/#website"},"datePublished":"2021-09-01T13:35:42+00:00","dateModified":"2022-02-09T09:21:26+00:00","description":"DesignGo, uma ferramenta de design adaptada para tipsters. Os designs s\u00e3o fundamentais no mundo da afilia\u00e7\u00e3o. Oferece uma boa imagem e vender\u00e1s mais.","breadcrumb":{"@id":"https:\/\/afiliago.com\/pt-br\/o-que-e-designgo\/#breadcrumb"},"inLanguage":"pt-BR","potentialAction":[{"@type":"ReadAction","target":["https:\/\/afiliago.com\/pt-br\/o-que-e-designgo\/"]}]},{"@type":"BreadcrumbList","@id":"https:\/\/afiliago.com\/pt-br\/o-que-e-designgo\/#breadcrumb","itemListElement":[{"@type":"ListItem","position":1,"name":"Portada","item":"https:\/\/afiliago.com\/pt-br\/"},{"@type":"ListItem","position":2,"name":"O que \u00e9 DesignGo?"}]},{"@type":"WebSite","@id":"https:\/\/afiliago.com\/pt-br\/#website","url":"https:\/\/afiliago.com\/pt-br\/","name":"Plataforma de Marketing de afiliaci\u00f3n de apuestas deportivas","description":"Plataforma de afiliaci\u00f3n de apuestas deportivas, casinos, finanzas y forex. Administra todas tus campa\u00f1as de afiliaci\u00f3n con AfiliaGo.com","publisher":{"@id":"https:\/\/afiliago.com\/pt-br\/#organization"},"potentialAction":[{"@type":"SearchAction","target":{"@type":"EntryPoint","urlTemplate":"https:\/\/afiliago.com\/pt-br\/?s={search_term_string}"},"query-input":"required name=search_term_string"}],"inLanguage":"pt-BR"},{"@type":"Organization","@id":"https:\/\/afiliago.com\/pt-br\/#organization","name":"AfiliaGo International, S.L.","url":"https:\/\/afiliago.com\/pt-br\/","logo":{"@type":"ImageObject","inLanguage":"pt-BR","@id":"https:\/\/afiliago.com\/pt-br\/#\/schema\/logo\/image\/","url":"https:\/\/afiliago.com\/wp-content\/uploads\/logo-afiliago-color-mobile.svg","contentUrl":"https:\/\/afiliago.com\/wp-content\/uploads\/logo-afiliago-color-mobile.svg","width":1,"height":1,"caption":"AfiliaGo International, S.L."},"image":{"@id":"https:\/\/afiliago.com\/pt-br\/#\/schema\/logo\/image\/"},"sameAs":["https:\/\/www.facebook.com\/afiliago\/","https:\/\/twitter.com\/afiliago","https:\/\/www.instagram.com\/afiliago\/","https:\/\/www.youtube.com\/channel\/UCRr80RqBJvA9gDeNOuhbSgA"]}]}},"_links":{"self":[{"href":"https:\/\/afiliago.com\/pt-br\/wp-json\/wp\/v2\/pages\/7460"}],"collection":[{"href":"https:\/\/afiliago.com\/pt-br\/wp-json\/wp\/v2\/pages"}],"about":[{"href":"https:\/\/afiliago.com\/pt-br\/wp-json\/wp\/v2\/types\/page"}],"author":[{"embeddable":true,"href":"https:\/\/afiliago.com\/pt-br\/wp-json\/wp\/v2\/users\/1"}],"replies":[{"embeddable":true,"href":"https:\/\/afiliago.com\/pt-br\/wp-json\/wp\/v2\/comments?post=7460"}],"version-history":[{"count":0,"href":"https:\/\/afiliago.com\/pt-br\/wp-json\/wp\/v2\/pages\/7460\/revisions"}],"wp:attachment":[{"href":"https:\/\/afiliago.com\/pt-br\/wp-json\/wp\/v2\/media?parent=7460"}],"curies":[{"name":"wp","href":"https:\/\/api.w.org\/{rel}","templated":true}]}}