{"id":8366,"date":"2021-12-09T17:41:16","date_gmt":"2021-12-09T16:41:16","guid":{"rendered":"https:\/\/afiliago.com\/compromiso-afiliago\/"},"modified":"2021-12-09T17:41:48","modified_gmt":"2021-12-09T16:41:48","slug":"limpegno-di-afiliago","status":"publish","type":"page","link":"https:\/\/afiliago.com\/it\/limpegno-di-afiliago\/","title":{"rendered":"L&#8217;impegno di AfiliaGo"},"content":{"rendered":"<p>[vc_row equal_height=&#8221;yes&#8221; content_placement=&#8221;middle&#8221; css=&#8221;.vc_custom_1556527462743{padding-top: 45px !important;padding-bottom: 45px !important;}&#8221;][vc_column]<style>.ld_section_title_69e550f55138c h2{font-size:42px;font-weight:700;margin-bottom:1px !important;;}<\/style><header class=\"fancy-title ld_section_title_69e550f55138c\">\n\t<h2>Compromiso AfiliaGo: Autocontrol y Ayuda<\/h2>\t\t<\/header>[vc_column_text]<\/p>\n<p style=\"text-align: justify;\">En AfiliaGo entendemos el mundo del Gambling en general y de las apuestas en particular como <strong>una forma de divertirse<\/strong>. Por ello, consideramos que es bueno proporcionar algunos consejos sobre el autocontrol y las limitaciones que uno debe establecerse a s\u00ed mismo cuando desarrolla actividades de juego y azar online.<\/p>\n<p style=\"text-align: justify;\">Partiendo de la base de que el mundo del juego y del azar est\u00e1 <strong>estrictamente prohibido para menores de edad<\/strong>, vamos a dejaros algunos consejos:<\/p>\n<p style=\"text-align: justify;\"><strong>1.-<\/strong> T\u00f3mate las apuestas deportivas y los juegos de azar como un mero pasatiempo, no como una fuente de ingresos o un sustitutivo de un trabajo convencional.<\/p>\n<p style=\"text-align: justify;\"><strong>2.-<\/strong> F\u00edjate un Bank inicial y juega con prudencia. El Bank es la cantidad que estimas que puedes disponer para jugar y no debes realizar nuevos dep\u00f3sitos si comprometes otras partidas esenciales de tu presupuesto personal. Recuerda que esto es un juego, por lo que no debes aportar al mismo m\u00e1s dinero que el que te \u201csobra\u201d para esta particular actividad de ocio.<\/p>\n<p style=\"text-align: justify;\">Te recomendamos que fijes tu Bank teniendo en cuenta una simple porci\u00f3n del presupuesto que tengas establecido para ocio. No te recomendamos prescindir de otras actividades de ocio como viajes, compartir tiempo con amigos y familiares por haberlo destinado al juego.<\/p>\n<p style=\"text-align: justify;\"><strong>3.-<\/strong> Controla tus apuestas. Apuesta mediante stakes bajos que no comprometan tu Bank y puedas aprovecharlo para jugar m\u00e1s por menos, ya que se trata de una diversi\u00f3n. Si apuestas con stakes bajos, tu Bank durar\u00e1 m\u00e1s y, por tanto, te divertir\u00e1s m\u00e1s tiempo.<\/p>\n<p style=\"text-align: justify;\"><strong>4.-<\/strong> Si est\u00e1s gastando demasiado dinero en juego debes dejarlo inmediatamente.<\/p>\n<p style=\"text-align: justify;\"><strong>5.-<\/strong> Si notas que padeces ansiedad, que apuestas de manera compulsiva o sientes una m\u00ednima sensaci\u00f3n adicci\u00f3n al juego, debes dejarlo inmediatamente.<\/p>\n<p style=\"text-align: justify;\"><strong>6.-<\/strong> Utiliza tu propio dinero para apostar, nunca el de familiares, amigos, prestamistas, etc.<\/p>\n<p style=\"text-align: justify;\"><strong>7.-<\/strong> La actitud correcta ante el juego es de moderaci\u00f3n y responsabilidad. Evita cualquier comportamiento compulsivo y si no eres capaz de hacerlo, busca ayuda en cualquiera de los links que te proporcionamos a continuaci\u00f3n.<\/p>\n<p style=\"text-align: justify;\">En caso de que consideres que necesitas ayuda para deshabituarte del juego, puedes visitar los siguientes sitios web, donde encontrar\u00e1s informaci\u00f3n muy \u00fatil:<\/p>\n<ul style=\"text-align: justify;\">\n<li><a href=\"https:\/\/www.jugarbien.es\" class=\"broken_link\">jugarbien.es<\/a><\/li>\n<li><a href=\"https:\/\/www.ordenacionjuego.es\">ordenacionjuego.es<\/a><\/li>\n<\/ul>\n<p style=\"text-align: justify;\">En caso de que quieras establecer controladores en tu computadora para evitar que tus hijos u otros menores de edad accedan a p\u00e1ginas de juego online, te recomendamos los siguientes:<\/p>\n<ul style=\"text-align: justify;\">\n<li><a href=\"https:\/\/www.qustodio.com\">qustodio.com<\/a><\/li>\n<li><a href=\"https:\/\/www.netnanny.com\">netnanny.com<\/a><\/li>\n<\/ul>\n<p style=\"text-align: justify;\">Para obtener informaci\u00f3n adicional, puedes escribirnos un correo electr\u00f3nico a <a href=\"mailto:legal@afiliago.com\">legal@afiliago.com<\/a> o puedes dirigirte directamente a la Direcci\u00f3n General de Ordenaci\u00f3n del Juego en el tel\u00e9fono +34 915714080.<\/p>\n<p style=\"text-align: justify;\">Juega con responsabilidad.<\/p>\n<p style=\"text-align: justify;\"><strong>AfiliaGo Team.<\/strong><\/p>\n<p>[\/vc_column_text][\/vc_column][\/vc_row]<\/p>\n","protected":false},"excerpt":{"rendered":"<p>[vc_row equal_height=&#8221;yes&#8221; content_placement=&#8221;middle&#8221; css=&#8221;.vc_custom_1556527462743{padding-top: 45px !important;padding-bottom: 45px !important;}&#8221;][vc_column][vc_column_text] En AfiliaGo entendemos el mundo del Gambling&#8230;<\/p>\n","protected":false},"author":1,"featured_media":0,"parent":0,"menu_order":0,"comment_status":"closed","ping_status":"closed","template":"","meta":[],"yoast_head":"<!-- This site is optimized with the Yoast SEO plugin v20.6 - https:\/\/yoast.com\/wordpress\/plugins\/seo\/ -->\n<title>L&#039;impegno di AfiliaGo - AfiliaGo.com<\/title>\n<meta name=\"description\" content=\"En AfiliaGo entendemos el mundo del Gambling en general y de las apuestas deportivas en particular como una forma de divertirse, por ello nuestro compromiso\" \/>\n<meta name=\"robots\" content=\"noindex, nofollow\" \/>\n<meta property=\"og:locale\" content=\"it_IT\" \/>\n<meta property=\"og:type\" content=\"article\" \/>\n<meta property=\"og:title\" content=\"L&#039;impegno di AfiliaGo - AfiliaGo.com\" \/>\n<meta property=\"og:description\" content=\"En AfiliaGo entendemos el mundo del Gambling en general y de las apuestas deportivas en particular como una forma de divertirse, por ello nuestro compromiso\" \/>\n<meta property=\"og:url\" content=\"https:\/\/afiliago.com\/it\/limpegno-di-afiliago\/\" \/>\n<meta property=\"og:site_name\" content=\"Plataforma de Marketing de afiliaci\u00f3n de apuestas deportivas\" \/>\n<meta property=\"article:publisher\" content=\"https:\/\/www.facebook.com\/afiliago\/\" \/>\n<meta property=\"article:modified_time\" content=\"2021-12-09T16:41:48+00:00\" \/>\n<meta name=\"twitter:card\" content=\"summary_large_image\" \/>\n<meta name=\"twitter:site\" content=\"@afiliago\" \/>\n<meta name=\"twitter:label1\" content=\"Tempo di lettura stimato\" \/>\n\t<meta name=\"twitter:data1\" content=\"3 minuti\" \/>\n<script type=\"application\/ld+json\" class=\"yoast-schema-graph\">{\"@context\":\"https:\/\/schema.org\",\"@graph\":[{\"@type\":\"WebPage\",\"@id\":\"https:\/\/afiliago.com\/it\/limpegno-di-afiliago\/\",\"url\":\"https:\/\/afiliago.com\/it\/limpegno-di-afiliago\/\",\"name\":\"L'impegno di AfiliaGo - AfiliaGo.com\",\"isPartOf\":{\"@id\":\"https:\/\/afiliago.com\/it\/#website\"},\"datePublished\":\"2021-12-09T16:41:16+00:00\",\"dateModified\":\"2021-12-09T16:41:48+00:00\",\"description\":\"En AfiliaGo entendemos el mundo del Gambling en general y de las apuestas deportivas en particular como una forma de divertirse, por ello nuestro compromiso\",\"breadcrumb\":{\"@id\":\"https:\/\/afiliago.com\/it\/limpegno-di-afiliago\/#breadcrumb\"},\"inLanguage\":\"it-IT\",\"potentialAction\":[{\"@type\":\"ReadAction\",\"target\":[\"https:\/\/afiliago.com\/it\/limpegno-di-afiliago\/\"]}]},{\"@type\":\"BreadcrumbList\",\"@id\":\"https:\/\/afiliago.com\/it\/limpegno-di-afiliago\/#breadcrumb\",\"itemListElement\":[{\"@type\":\"ListItem\",\"position\":1,\"name\":\"Portada\",\"item\":\"https:\/\/afiliago.com\/it\/\"},{\"@type\":\"ListItem\",\"position\":2,\"name\":\"L&#8217;impegno di AfiliaGo\"}]},{\"@type\":\"WebSite\",\"@id\":\"https:\/\/afiliago.com\/it\/#website\",\"url\":\"https:\/\/afiliago.com\/it\/\",\"name\":\"Plataforma de Marketing de afiliaci\u00f3n de apuestas deportivas\",\"description\":\"Plataforma de afiliaci\u00f3n de apuestas deportivas, casinos, finanzas y forex. Administra todas tus campa\u00f1as de afiliaci\u00f3n con AfiliaGo.com\",\"publisher\":{\"@id\":\"https:\/\/afiliago.com\/it\/#organization\"},\"potentialAction\":[{\"@type\":\"SearchAction\",\"target\":{\"@type\":\"EntryPoint\",\"urlTemplate\":\"https:\/\/afiliago.com\/it\/?s={search_term_string}\"},\"query-input\":\"required name=search_term_string\"}],\"inLanguage\":\"it-IT\"},{\"@type\":\"Organization\",\"@id\":\"https:\/\/afiliago.com\/it\/#organization\",\"name\":\"AfiliaGo International, S.L.\",\"url\":\"https:\/\/afiliago.com\/it\/\",\"logo\":{\"@type\":\"ImageObject\",\"inLanguage\":\"it-IT\",\"@id\":\"https:\/\/afiliago.com\/it\/#\/schema\/logo\/image\/\",\"url\":\"https:\/\/afiliago.com\/wp-content\/uploads\/logo-afiliago-color-mobile.svg\",\"contentUrl\":\"https:\/\/afiliago.com\/wp-content\/uploads\/logo-afiliago-color-mobile.svg\",\"width\":1,\"height\":1,\"caption\":\"AfiliaGo International, S.L.\"},\"image\":{\"@id\":\"https:\/\/afiliago.com\/it\/#\/schema\/logo\/image\/\"},\"sameAs\":[\"https:\/\/www.facebook.com\/afiliago\/\",\"https:\/\/twitter.com\/afiliago\",\"https:\/\/www.instagram.com\/afiliago\/\",\"https:\/\/www.youtube.com\/channel\/UCRr80RqBJvA9gDeNOuhbSgA\"]}]}<\/script>\n<!-- \/ Yoast SEO plugin. -->","yoast_head_json":{"title":"L'impegno di AfiliaGo - AfiliaGo.com","description":"En AfiliaGo entendemos el mundo del Gambling en general y de las apuestas deportivas en particular como una forma de divertirse, por ello nuestro compromiso","robots":{"index":"noindex","follow":"nofollow"},"og_locale":"it_IT","og_type":"article","og_title":"L'impegno di AfiliaGo - AfiliaGo.com","og_description":"En AfiliaGo entendemos el mundo del Gambling en general y de las apuestas deportivas en particular como una forma de divertirse, por ello nuestro compromiso","og_url":"https:\/\/afiliago.com\/it\/limpegno-di-afiliago\/","og_site_name":"Plataforma de Marketing de afiliaci\u00f3n de apuestas deportivas","article_publisher":"https:\/\/www.facebook.com\/afiliago\/","article_modified_time":"2021-12-09T16:41:48+00:00","twitter_card":"summary_large_image","twitter_site":"@afiliago","twitter_misc":{"Tempo di lettura stimato":"3 minuti"},"schema":{"@context":"https:\/\/schema.org","@graph":[{"@type":"WebPage","@id":"https:\/\/afiliago.com\/it\/limpegno-di-afiliago\/","url":"https:\/\/afiliago.com\/it\/limpegno-di-afiliago\/","name":"L'impegno di AfiliaGo - AfiliaGo.com","isPartOf":{"@id":"https:\/\/afiliago.com\/it\/#website"},"datePublished":"2021-12-09T16:41:16+00:00","dateModified":"2021-12-09T16:41:48+00:00","description":"En AfiliaGo entendemos el mundo del Gambling en general y de las apuestas deportivas en particular como una forma de divertirse, por ello nuestro compromiso","breadcrumb":{"@id":"https:\/\/afiliago.com\/it\/limpegno-di-afiliago\/#breadcrumb"},"inLanguage":"it-IT","potentialAction":[{"@type":"ReadAction","target":["https:\/\/afiliago.com\/it\/limpegno-di-afiliago\/"]}]},{"@type":"BreadcrumbList","@id":"https:\/\/afiliago.com\/it\/limpegno-di-afiliago\/#breadcrumb","itemListElement":[{"@type":"ListItem","position":1,"name":"Portada","item":"https:\/\/afiliago.com\/it\/"},{"@type":"ListItem","position":2,"name":"L&#8217;impegno di AfiliaGo"}]},{"@type":"WebSite","@id":"https:\/\/afiliago.com\/it\/#website","url":"https:\/\/afiliago.com\/it\/","name":"Plataforma de Marketing de afiliaci\u00f3n de apuestas deportivas","description":"Plataforma de afiliaci\u00f3n de apuestas deportivas, casinos, finanzas y forex. Administra todas tus campa\u00f1as de afiliaci\u00f3n con AfiliaGo.com","publisher":{"@id":"https:\/\/afiliago.com\/it\/#organization"},"potentialAction":[{"@type":"SearchAction","target":{"@type":"EntryPoint","urlTemplate":"https:\/\/afiliago.com\/it\/?s={search_term_string}"},"query-input":"required name=search_term_string"}],"inLanguage":"it-IT"},{"@type":"Organization","@id":"https:\/\/afiliago.com\/it\/#organization","name":"AfiliaGo International, S.L.","url":"https:\/\/afiliago.com\/it\/","logo":{"@type":"ImageObject","inLanguage":"it-IT","@id":"https:\/\/afiliago.com\/it\/#\/schema\/logo\/image\/","url":"https:\/\/afiliago.com\/wp-content\/uploads\/logo-afiliago-color-mobile.svg","contentUrl":"https:\/\/afiliago.com\/wp-content\/uploads\/logo-afiliago-color-mobile.svg","width":1,"height":1,"caption":"AfiliaGo International, S.L."},"image":{"@id":"https:\/\/afiliago.com\/it\/#\/schema\/logo\/image\/"},"sameAs":["https:\/\/www.facebook.com\/afiliago\/","https:\/\/twitter.com\/afiliago","https:\/\/www.instagram.com\/afiliago\/","https:\/\/www.youtube.com\/channel\/UCRr80RqBJvA9gDeNOuhbSgA"]}]}},"_links":{"self":[{"href":"https:\/\/afiliago.com\/it\/wp-json\/wp\/v2\/pages\/8366"}],"collection":[{"href":"https:\/\/afiliago.com\/it\/wp-json\/wp\/v2\/pages"}],"about":[{"href":"https:\/\/afiliago.com\/it\/wp-json\/wp\/v2\/types\/page"}],"author":[{"embeddable":true,"href":"https:\/\/afiliago.com\/it\/wp-json\/wp\/v2\/users\/1"}],"replies":[{"embeddable":true,"href":"https:\/\/afiliago.com\/it\/wp-json\/wp\/v2\/comments?post=8366"}],"version-history":[{"count":0,"href":"https:\/\/afiliago.com\/it\/wp-json\/wp\/v2\/pages\/8366\/revisions"}],"wp:attachment":[{"href":"https:\/\/afiliago.com\/it\/wp-json\/wp\/v2\/media?parent=8366"}],"curies":[{"name":"wp","href":"https:\/\/api.w.org\/{rel}","templated":true}]}}