{"id":8169,"date":"2021-12-07T11:16:38","date_gmt":"2021-12-07T10:16:38","guid":{"rendered":"https:\/\/afiliago.com\/come-funziona\/"},"modified":"2021-12-09T17:48:51","modified_gmt":"2021-12-09T16:48:51","slug":"come-funziona","status":"publish","type":"page","link":"https:\/\/afiliago.com\/it\/come-funziona\/","title":{"rendered":"Come funziona?"},"content":{"rendered":"<p>[vc_row enable_content_animation=&#8221;yes&#8221; ca_init_scale_x=&#8221;1&#8243; ca_init_scale_y=&#8221;1&#8243; ca_init_scale_z=&#8221;1&#8243; ca_init_opacity=&#8221;0&#8243; ca_an_scale_x=&#8221;1&#8243; ca_an_scale_y=&#8221;1&#8243; ca_an_scale_z=&#8221;1&#8243; ca_an_opacity=&#8221;1&#8243; css=&#8221;.vc_custom_1556538810857{padding-top: 45px !important;padding-bottom: 30px !important;}&#8221; ca_init_translate_y=&#8221;39&#8243;][vc_column][vc_empty_space height=&#8221;15px&#8221;]<style>.ld_fancy_heading_69ff55550b31e h3{font-size:36px;line-height:1.20em;color:rgb(0, 0, 0);}.ld_fancy_heading_69ff55550b31e .lqd-highlight-inner{height:0.275em;bottom:0px;}<\/style><div class=\"ld-fancy-heading mask-text text-center ld_fancy_heading_69ff55550b31e\">\n\t<h3 class=\"lqd-highlight-underline lqd-highlight-grow-left\" data-split-text=\"true\" data-custom-animations=\"true\" data-ca-options='{\"triggerHandler\":\"inview\",\"animationTarget\":\".lqd-lines .split-inner\",\"duration\":\"600\",\"delay\":\"180\",\"easing\":\"easeOutQuint\",\"direction\":\"forward\",\"initValues\":{\"translateY\":60},\"animations\":{\"translateY\":0}}' data-split-options='{\"type\":\"lines\"}'><span class=\"ld-fh-txt\"> <strong>AfiliaGo<\/strong> ti aiuta a <strong>monetizzare i tuoi siti web.<\/strong><\/span><\/h3><\/div><style>.ld_fancy_heading_69ff55550b544 p{font-size:16px;line-height:1.85em;color:rgb(128, 130, 145);}.ld_fancy_heading_69ff55550b544 .lqd-highlight-inner{height:0.275em;bottom:0px;}<\/style><div class=\"ld-fancy-heading text-center ld_fancy_heading_69ff55550b544\">\n\t<p class=\"lqd-highlight-underline lqd-highlight-grow-left\" data-split-text=\"true\" data-custom-animations=\"true\" data-ca-options='{\"triggerHandler\":\"inview\",\"animationTarget\":\".lqd-lines .split-inner\",\"duration\":\"600\",\"delay\":\"180\",\"easing\":\"easeOutQuint\",\"direction\":\"forward\",\"initValues\":{\"translateY\":28,\"rotateZ\":2,\"opacity\":0},\"animations\":{\"translateY\":0,\"rotateZ\":0,\"opacity\":1}}' data-split-options='{\"type\":\"lines\"}'><span class=\"ld-fh-txt\"> Pagandoti commissioni per promuovere brand e mettendo a tua disposizione un team di esperti in scommesse sportive che lavorano ogni giorno per trovare le <b>migliori promozioni.<\/b><\/span><\/p><\/div>[vc_empty_space height=&#8221;45px&#8221;][\/vc_column][\/vc_row][vc_row enable_content_animation=&#8221;yes&#8221; ca_init_scale_x=&#8221;1&#8243; ca_init_scale_y=&#8221;1&#8243; ca_init_scale_z=&#8221;1&#8243; ca_init_opacity=&#8221;0&#8243; ca_an_scale_x=&#8221;1&#8243; ca_an_scale_y=&#8221;1&#8243; ca_an_scale_z=&#8221;1&#8243; ca_an_opacity=&#8221;1&#8243; ca_init_translate_y=&#8221;55&#8243; ca_start_delay=&#8221;500&#8243;][vc_column width=&#8221;1\/2&#8243;]<style>.ld_fancy_heading_69ff55550b6a3 p{font-size:16px;line-height:1.85em;color:rgb(128, 130, 145);}.ld_fancy_heading_69ff55550b6a3 .lqd-highlight-inner{height:0.275em;bottom:0px;}<\/style><div class=\"ld-fancy-heading text-center ld_fancy_heading_69ff55550b6a3\">\n\t<p class=\"lqd-highlight-underline lqd-highlight-grow-left\" data-split-text=\"true\" data-custom-animations=\"true\" data-ca-options='{\"triggerHandler\":\"inview\",\"animationTarget\":\".lqd-lines .split-inner\",\"duration\":\"1200\",\"startDelay\":\"1800\",\"delay\":\"180\",\"easing\":\"easeOutQuint\",\"direction\":\"forward\",\"initValues\":{\"translateY\":28,\"rotateZ\":2,\"opacity\":0},\"animations\":{\"translateY\":0,\"rotateZ\":0,\"opacity\":1}}' data-split-options='{\"type\":\"lines\"}'><span class=\"ld-fh-txt\"> <\/p>\n<p style=\"text-align: justify\">Come funziona? Siamo una societ\u00e0 di marketing online, con il quale vogliamo che <strong>i nostri affiliati<\/strong> <strong>guadagnino<\/strong> promuovendo le nostre campagne tra i loro follower. Le campagne che troverai in AfiliaGo si concentrano su scommesse sportive, casin\u00f2 online e finanza.<\/p>\n<p><\/span><\/p><\/div>[\/vc_column][vc_column width=&#8221;1\/2&#8243;]<style>.ld_fancy_heading_69ff55550b808 p{font-size:16px;line-height:1.85em;color:rgb(128, 130, 145);}.ld_fancy_heading_69ff55550b808 .lqd-highlight-inner{height:0.275em;bottom:0px;}<\/style><div class=\"ld-fancy-heading text-center ld_fancy_heading_69ff55550b808\">\n\t<p class=\"lqd-highlight-underline lqd-highlight-grow-left\" data-split-text=\"true\" data-custom-animations=\"true\" data-ca-options='{\"triggerHandler\":\"inview\",\"animationTarget\":\".lqd-lines .split-inner\",\"duration\":\"1200\",\"startDelay\":\"1800\",\"delay\":\"180\",\"easing\":\"easeOutQuint\",\"direction\":\"forward\",\"initValues\":{\"translateY\":28,\"rotateZ\":2,\"opacity\":0},\"animations\":{\"translateY\":0,\"rotateZ\":0,\"opacity\":1}}' data-split-options='{\"type\":\"lines\"}'><span class=\"ld-fh-txt\"> <\/p>\n<p style=\"text-align: justify\">Specializzati nel mondo del <strong>gioco online<\/strong> mettiamo a disposizione di tutti i nostri utenti potenti strumenti per la promozione e il miglioramento continuo dei propri canali di vendita. Il team di AfiliaGo lavora ogni giorno per offrirti miglioramenti alla piattaforma e nuove funzionalit\u00e0, per far s\u00ec che tu ti senta a casa.<\/p>\n<p><\/span><\/p><\/div>[\/vc_column][\/vc_row][vc_row enable_content_animation=&#8221;yes&#8221; ca_init_scale_x=&#8221;1&#8243; ca_init_scale_y=&#8221;1&#8243; ca_init_scale_z=&#8221;1&#8243; ca_init_opacity=&#8221;0&#8243; ca_an_scale_x=&#8221;1&#8243; ca_an_scale_y=&#8221;1&#8243; ca_an_scale_z=&#8221;1&#8243; ca_an_opacity=&#8221;1&#8243; css=&#8221;.vc_custom_1556540121460{padding-top: 90px !important;padding-bottom: 100px !important;}&#8221; ca_init_translate_y=&#8221;-35&#8243;][vc_column width=&#8221;1\/3&#8243; enable_content_animation=&#8221;yes&#8221; ca_init_scale_x=&#8221;1&#8243; ca_init_scale_y=&#8221;1&#8243; ca_init_scale_z=&#8221;1&#8243; ca_init_opacity=&#8221;0&#8243; ca_an_scale_x=&#8221;1&#8243; ca_an_scale_y=&#8221;1&#8243; ca_an_scale_z=&#8221;1&#8243; ca_an_opacity=&#8221;1&#8243; ca_init_translate_x=&#8221;-57&#8243;]<style>.ld_icon_box_69ff55550b98d h3{margin-bottom:px;}.ld_icon_box_69ff55550b98d .iconbox-icon-container{border-radius:px;}<\/style>\n<div class=\"iconbox ld_icon_box_69ff55550b98d\" id=\"ld_icon_box_69ff55550b98d\"   >\n\t\n\t\t<div class=\"iconbox-icon-wrap\"><span class=\"iconbox-icon-container\"><i class=\"icon-et-desktop\"><\/i><\/span><\/div><!-- \/.iconbox-icon-wrap -->\t\n\t\t\n\t<div class=\"contents\">\t\n\t<h3>Campagne Esclusive<\/h3>\t<p>Ampio numero di campagne esclusive adatte a tutti i tipi di attivit\u00e0 di monetizzazione e controllo.<\/p>\n\t\t\n\t<\/div>\t\n\t\n<\/div>\n<style>.ld_icon_box_69ff55550bf37 h3{margin-bottom:px;}.ld_icon_box_69ff55550bf37 .iconbox-icon-container{border-radius:px;}<\/style>\n<div class=\"iconbox ld_icon_box_69ff55550bf37\" id=\"ld_icon_box_69ff55550bf37\"   >\n\t\n\t\t<div class=\"iconbox-icon-wrap\"><span class=\"iconbox-icon-container\"><i class=\"icon-et-circle-compass\"><\/i><\/span><\/div><!-- \/.iconbox-icon-wrap -->\t\n\t\t\n\t<div class=\"contents\">\t\n\t<h3>Strumento di design<\/h3>\t<p>Utilizza il nostro potente strumento per creare banner e immagini personalizzate con il tuo marchio.<\/p>\n\t\t\n\t<\/div>\t\n\t\n<\/div>\n[\/vc_column][vc_column width=&#8221;1\/3&#8243; enable_content_animation=&#8221;yes&#8221; ca_init_scale_x=&#8221;1&#8243; ca_init_scale_y=&#8221;1&#8243; ca_init_scale_z=&#8221;1&#8243; ca_init_opacity=&#8221;0&#8243; ca_an_scale_x=&#8221;1&#8243; ca_an_scale_y=&#8221;1&#8243; ca_an_scale_z=&#8221;1&#8243; ca_an_opacity=&#8221;1&#8243; ca_init_translate_x=&#8221;-62&#8243;]<style>.ld_icon_box_69ff55550c37d h3{margin-bottom:px;}.ld_icon_box_69ff55550c37d .iconbox-icon-container{border-radius:px;}<\/style>\n<div class=\"iconbox ld_icon_box_69ff55550c37d\" id=\"ld_icon_box_69ff55550c37d\"   >\n\t\n\t\t<div class=\"iconbox-icon-wrap\"><span class=\"iconbox-icon-container\"><i class=\"icon-ecommerce_graph_increase\"><\/i><\/span><\/div><!-- \/.iconbox-icon-wrap -->\t\n\t\t\n\t<div class=\"contents\">\t\n\t<h3>Pagamenti veloci e sicuri<\/h3>\t<p>Puoi scegliere come ricevere il denaro generato in commissioni. Paypal, Skrill, Bonifico bancario, in particolare.<\/p>\n\t\t\n\t<\/div>\t\n\t\n<\/div>\n<style>.ld_icon_box_69ff55550c5c9 h3{margin-bottom:px;}.ld_icon_box_69ff55550c5c9 .iconbox-icon-container{border-radius:px;}<\/style>\n<div class=\"iconbox ld_icon_box_69ff55550c5c9\" id=\"ld_icon_box_69ff55550c5c9\"   >\n\t\n\t\t<div class=\"iconbox-icon-wrap\"><span class=\"iconbox-icon-container\"><i class=\"icon-basic_lightbulb\"><\/i><\/span><\/div><!-- \/.iconbox-icon-wrap -->\t\n\t\t\n\t<div class=\"contents\">\t\n\t<h3>Strumenti di marketing<\/h3>\t<p>Mettiamo a tua disposizione un&#8217;immensa quantit\u00e0 di strumenti e suggerimenti per poter crescere giorno dopo giorno.<\/p>\n\t\t\n\t<\/div>\t\n\t\n<\/div>\n[\/vc_column][vc_column width=&#8221;1\/3&#8243; enable_content_animation=&#8221;yes&#8221; ca_init_scale_x=&#8221;1&#8243; ca_init_scale_y=&#8221;1&#8243; ca_init_scale_z=&#8221;1&#8243; ca_init_opacity=&#8221;0&#8243; ca_an_scale_x=&#8221;1&#8243; ca_an_scale_y=&#8221;1&#8243; ca_an_scale_z=&#8221;1&#8243; ca_an_opacity=&#8221;1&#8243; ca_init_translate_y=&#8221;-70&#8243;]<style>.ld_icon_box_69ff55550c725 h3{margin-bottom:px;}.ld_icon_box_69ff55550c725 .iconbox-icon-container{border-radius:px;}<\/style>\n<div class=\"iconbox ld_icon_box_69ff55550c725\" id=\"ld_icon_box_69ff55550c725\"   >\n\t\n\t\t<div class=\"iconbox-icon-wrap\"><span class=\"iconbox-icon-container\"><i class=\"icon-et-chat\"><\/i><\/span><\/div><!-- \/.iconbox-icon-wrap -->\t\n\t\t\n\t<div class=\"contents\">\t\n\t<h3>Monetizza qualsiasi network<\/h3>\t<p>Con la nostra piattaforma puoi monetizzare social network, siti web, telegram, whatsapp. Scegli tu!<\/p>\n\t\t\n\t<\/div>\t\n\t\n<\/div>\n<style>.ld_icon_box_69ff55550c85f h3{margin-bottom:px;}.ld_icon_box_69ff55550c85f .iconbox-icon-container{border-radius:px;}<\/style>\n<div class=\"iconbox ld_icon_box_69ff55550c85f\" id=\"ld_icon_box_69ff55550c85f\"   >\n\t\n\t\t<div class=\"iconbox-icon-wrap\"><span class=\"iconbox-icon-container\"><i class=\"icon-et-mobile\"><\/i><\/span><\/div><!-- \/.iconbox-icon-wrap -->\t\n\t\t\n\t<div class=\"contents\">\t\n\t<h3>Controlla il tuo rendimento<\/h3>\t<p>Nel tuo pannello utente troverai tutte le statistiche delle tue promozioni, con informazioni molto importanti.<\/p>\n\t\t\n\t<\/div>\t\n\t\n<\/div>\n[\/vc_column][\/vc_row][vc_row parallax=&#8221;enable_parallax&#8221; bg_position=&#8221;center center&#8221; css=&#8221;.vc_custom_1556548600197{margin-top: 40px !important;padding-top: 110px !important;padding-bottom: 60px !important;background-image: url(https:\/\/afiliago.com\/wp-content\/uploads\/bnn-registro.jpg?id=4613) !important;}&#8221;][vc_column width=&#8221;5\/6&#8243; enable_content_animation=&#8221;yes&#8221; ca_init_scale_x=&#8221;1&#8243; ca_init_scale_y=&#8221;1&#8243; ca_init_scale_z=&#8221;1&#8243; ca_init_opacity=&#8221;0&#8243; ca_an_scale_x=&#8221;1&#8243; ca_an_scale_y=&#8221;1&#8243; ca_an_scale_z=&#8221;1&#8243; ca_an_opacity=&#8221;1&#8243; align=&#8221;text-center&#8221; offset=&#8221;vc_col-md-offset-2 vc_col-md-8 vc_col-sm-offset-1&#8243; ca_init_translate_y=&#8221;52&#8243; ca_init_translate_x=&#8221;0&#8243; ca_duration=&#8221;1200&#8243; ca_delay=&#8221;160&#8243; ca_init_translate_z=&#8221;-142&#8243; ca_init_rotate_x=&#8221;-64&#8243;]<style>.ld_fancy_heading_69ff55550c981 h2{font-size:72px;line-height:1em;letter-spacing:-0.025em;color:rgb(255, 255, 255);}.ld_fancy_heading_69ff55550c981 .lqd-highlight-inner{height:0.275em;bottom:0px;}<\/style><div class=\"ld-fancy-heading ld_fancy_heading_69ff55550c981\">\n\t<h2 class=\"lqd-highlight-underline lqd-highlight-grow-left\" data-fittext=\"true\" data-fittext-options='{\"compressor\":0.6,\"maxFontSize\":\"72\",\"minFontSize\":\"30\"}' data-split-text=\"true\" data-custom-animations=\"true\" data-ca-options='{\"triggerHandler\":\"inview\",\"animationTarget\":\".lqd-lines .split-inner\",\"duration\":700,\"delay\":100,\"easing\":\"easeOutQuint\",\"direction\":\"forward\",\"initValues\":{\"scale\":1},\"animations\":{\"scale\":1}}' data-split-options='{\"type\":\"lines\"}'><span class=\"ld-fh-txt\"> Registrati Gratis!<\/span><\/h2><\/div><style>.ld_fancy_heading_69ff55550cc69 p{font-size:24px;line-height:1.25em;color:rgb(255, 255, 255);}@media (min-width: 992px) { .ld_fancy_heading_69ff55550cc69 p {margin-right:5% !important; margin-left:5% !important;  }  } .ld_fancy_heading_69ff55550cc69 .lqd-highlight-inner{height:0.275em;bottom:0px;}@media (min-width: 992px) { .ld_fancy_heading_69ff55550cc69 p {margin-right:5% !important; margin-left:5% !important;  }  } <\/style><div class=\"ld-fancy-heading ld_fancy_heading_69ff55550cc69\">\n\t<p class=\"lqd-highlight-underline lqd-highlight-grow-left\" data-split-text=\"true\" data-custom-animations=\"true\" data-ca-options='{\"triggerHandler\":\"inview\",\"animationTarget\":\".lqd-lines .split-inner\",\"duration\":700,\"delay\":100,\"easing\":\"easeOutQuint\",\"direction\":\"forward\",\"initValues\":{\"scale\":1},\"animations\":{\"scale\":1}}' data-split-options='{\"type\":\"lines\"}'><span class=\"ld-fh-txt\"> Non aspettare oltre, hai a tua disposizione una piattaforma unica e completamente gratuita con tutti gli strumenti per la tua monetizzazione.<\/span><\/p><\/div>[vc_empty_space height=&#8221;52px&#8221;]<style>.ld_button_69ff55550cfcc.btn-icon-solid .btn-icon{background:rgb(255, 255, 255);}.ld_button_69ff55550cfcc.btn-icon-circle.btn-icon-ripple .btn-icon:before{border-color:rgb(255, 255, 255);}.ld_button_69ff55550cfcc{background-color:rgb(255, 255, 255);border-color:rgb(255, 255, 255);color:#539f84;font-size:16px !important;font-weight:700 !important;letter-spacing:0.05em !important;}.ld_button_69ff55550cfcc .btn-gradient-bg{background:-webkit-linear-gradient(to right, rgb(255, 255, 255) 0%, rgb(255, 255, 255) 100%);background:linear-gradient(to right, rgb(255, 255, 255) 0%, rgb(255, 255, 255) 100%);}.ld_button_69ff55550cfcc .btn-gradient-border defs stop:first-child{stop-color:rgb(255, 255, 255);}.ld_button_69ff55550cfcc .btn-gradient-border defs stop:last-child{stop-color:rgb(255, 255, 255);}.ld_button_69ff55550cfcc:hover{color:rgb(83, 159, 132);}<\/style><a href=\"https:\/\/app.afiliago.com\/registro\" class=\"btn btn-solid text-uppercase circle btn-bordered border-thin btn-gradient ld_button_69ff55550cfcc\">\n\t<span>\n\t<span class=\"btn-gradient-bg\"><\/span>\t\n\t\t\t\t\t<span class=\"btn-txt\">REGISTRATI<\/span>\n\t\t\t\n\t\t<span class=\"btn-gradient-bg btn-gradient-bg-hover\"><\/span>\t<svg xmlns=\"http:\/\/www.w3.org\/2000\/svg\" xmlns:xlink=\"http:\/\/www.w3.org\/1999\/xlink\" xml:space=\"preserve\" class=\"btn-gradient-border\" width=\"100%\" height=\"100%\">\n\t\t\t      <defs>\n\t\t\t        <linearGradient id=\"svg-border-69ff55550d2ff\" x1=\"0%\" y1=\"0%\" x2=\"100%\" y2=\"0%\">\n\t\t\t          <stop offset=\"0%\" \/>\n\t\t\t          <stop offset=\"100%\" \/>\n\t\t\t        <\/linearGradient>\n\t\t\t      <\/defs>\n\t\t\t      <rect x=\"0.5\" y=\"0.5\" rx=\"17%\" ry=\"50%\" width=\"100%\" height=\"100%\" stroke=\"url(#svg-border-69ff55550d2ff)\"\/>\n\t\t\t    <\/svg>\t<\/span>\n<\/a>\n[\/vc_column][\/vc_row][vc_row][vc_column][vc_empty_space height=&#8221;50px&#8221;][\/vc_column][\/vc_row]<\/p>\n","protected":false},"excerpt":{"rendered":"<p>[vc_row enable_content_animation=&#8221;yes&#8221; ca_init_scale_x=&#8221;1&#8243; ca_init_scale_y=&#8221;1&#8243; ca_init_scale_z=&#8221;1&#8243; ca_init_opacity=&#8221;0&#8243; ca_an_scale_x=&#8221;1&#8243; ca_an_scale_y=&#8221;1&#8243; ca_an_scale_z=&#8221;1&#8243; ca_an_opacity=&#8221;1&#8243; css=&#8221;.vc_custom_1556538810857{padding-top: 45px !important;padding-bottom: 30px !important;}&#8221;&#8230;<\/p>\n","protected":false},"author":1,"featured_media":0,"parent":0,"menu_order":0,"comment_status":"closed","ping_status":"closed","template":"","meta":[],"yoast_head":"<!-- This site is optimized with the Yoast SEO plugin v20.6 - https:\/\/yoast.com\/wordpress\/plugins\/seo\/ -->\n<title>Come funziona? Afiliago e come ti aiutiamo a monetizzare - AfiliaGo.com<\/title>\n<meta name=\"description\" content=\"Come funzionano Afiliago e l&#039;Affiliate Marketing? Siamo una societ\u00e0 di marketing online e il nostro obiettivo \u00e8 che i nostri affiliati possano guadagnare denaro\" \/>\n<meta name=\"robots\" content=\"index, follow, max-snippet:-1, max-image-preview:large, max-video-preview:-1\" \/>\n<link rel=\"canonical\" href=\"https:\/\/afiliago.com\/it\/come-funziona\/\" \/>\n<meta property=\"og:locale\" content=\"it_IT\" \/>\n<meta property=\"og:type\" content=\"article\" \/>\n<meta property=\"og:title\" content=\"Come funziona? Afiliago e come ti aiutiamo a monetizzare - AfiliaGo.com\" \/>\n<meta property=\"og:description\" content=\"Come funzionano Afiliago e l&#039;Affiliate Marketing? Siamo una societ\u00e0 di marketing online e il nostro obiettivo \u00e8 che i nostri affiliati possano guadagnare denaro\" \/>\n<meta property=\"og:url\" content=\"https:\/\/afiliago.com\/it\/come-funziona\/\" \/>\n<meta property=\"og:site_name\" content=\"Plataforma de Marketing de afiliaci\u00f3n de apuestas deportivas\" \/>\n<meta property=\"article:publisher\" content=\"https:\/\/www.facebook.com\/afiliago\/\" \/>\n<meta property=\"article:modified_time\" content=\"2021-12-09T16:48:51+00:00\" \/>\n<meta name=\"twitter:card\" content=\"summary_large_image\" \/>\n<meta name=\"twitter:site\" content=\"@afiliago\" \/>\n<meta name=\"twitter:label1\" content=\"Tempo di lettura stimato\" \/>\n\t<meta name=\"twitter:data1\" content=\"6 minuti\" \/>\n<script type=\"application\/ld+json\" class=\"yoast-schema-graph\">{\"@context\":\"https:\/\/schema.org\",\"@graph\":[{\"@type\":\"WebPage\",\"@id\":\"https:\/\/afiliago.com\/it\/come-funziona\/\",\"url\":\"https:\/\/afiliago.com\/it\/come-funziona\/\",\"name\":\"Come funziona? Afiliago e come ti aiutiamo a monetizzare - AfiliaGo.com\",\"isPartOf\":{\"@id\":\"https:\/\/afiliago.com\/it\/#website\"},\"datePublished\":\"2021-12-07T10:16:38+00:00\",\"dateModified\":\"2021-12-09T16:48:51+00:00\",\"description\":\"Come funzionano Afiliago e l'Affiliate Marketing? Siamo una societ\u00e0 di marketing online e il nostro obiettivo \u00e8 che i nostri affiliati possano guadagnare denaro\",\"breadcrumb\":{\"@id\":\"https:\/\/afiliago.com\/it\/come-funziona\/#breadcrumb\"},\"inLanguage\":\"it-IT\",\"potentialAction\":[{\"@type\":\"ReadAction\",\"target\":[\"https:\/\/afiliago.com\/it\/come-funziona\/\"]}]},{\"@type\":\"BreadcrumbList\",\"@id\":\"https:\/\/afiliago.com\/it\/come-funziona\/#breadcrumb\",\"itemListElement\":[{\"@type\":\"ListItem\",\"position\":1,\"name\":\"Portada\",\"item\":\"https:\/\/afiliago.com\/it\/\"},{\"@type\":\"ListItem\",\"position\":2,\"name\":\"Come funziona?\"}]},{\"@type\":\"WebSite\",\"@id\":\"https:\/\/afiliago.com\/it\/#website\",\"url\":\"https:\/\/afiliago.com\/it\/\",\"name\":\"Plataforma de Marketing de afiliaci\u00f3n de apuestas deportivas\",\"description\":\"Plataforma de afiliaci\u00f3n de apuestas deportivas, casinos, finanzas y forex. Administra todas tus campa\u00f1as de afiliaci\u00f3n con AfiliaGo.com\",\"publisher\":{\"@id\":\"https:\/\/afiliago.com\/it\/#organization\"},\"potentialAction\":[{\"@type\":\"SearchAction\",\"target\":{\"@type\":\"EntryPoint\",\"urlTemplate\":\"https:\/\/afiliago.com\/it\/?s={search_term_string}\"},\"query-input\":\"required name=search_term_string\"}],\"inLanguage\":\"it-IT\"},{\"@type\":\"Organization\",\"@id\":\"https:\/\/afiliago.com\/it\/#organization\",\"name\":\"AfiliaGo International, S.L.\",\"url\":\"https:\/\/afiliago.com\/it\/\",\"logo\":{\"@type\":\"ImageObject\",\"inLanguage\":\"it-IT\",\"@id\":\"https:\/\/afiliago.com\/it\/#\/schema\/logo\/image\/\",\"url\":\"https:\/\/afiliago.com\/wp-content\/uploads\/logo-afiliago-color-mobile.svg\",\"contentUrl\":\"https:\/\/afiliago.com\/wp-content\/uploads\/logo-afiliago-color-mobile.svg\",\"width\":1,\"height\":1,\"caption\":\"AfiliaGo International, S.L.\"},\"image\":{\"@id\":\"https:\/\/afiliago.com\/it\/#\/schema\/logo\/image\/\"},\"sameAs\":[\"https:\/\/www.facebook.com\/afiliago\/\",\"https:\/\/twitter.com\/afiliago\",\"https:\/\/www.instagram.com\/afiliago\/\",\"https:\/\/www.youtube.com\/channel\/UCRr80RqBJvA9gDeNOuhbSgA\"]}]}<\/script>\n<!-- \/ Yoast SEO plugin. -->","yoast_head_json":{"title":"Come funziona? Afiliago e come ti aiutiamo a monetizzare - AfiliaGo.com","description":"Come funzionano Afiliago e l'Affiliate Marketing? Siamo una societ\u00e0 di marketing online e il nostro obiettivo \u00e8 che i nostri affiliati possano guadagnare denaro","robots":{"index":"index","follow":"follow","max-snippet":"max-snippet:-1","max-image-preview":"max-image-preview:large","max-video-preview":"max-video-preview:-1"},"canonical":"https:\/\/afiliago.com\/it\/come-funziona\/","og_locale":"it_IT","og_type":"article","og_title":"Come funziona? Afiliago e come ti aiutiamo a monetizzare - AfiliaGo.com","og_description":"Come funzionano Afiliago e l'Affiliate Marketing? Siamo una societ\u00e0 di marketing online e il nostro obiettivo \u00e8 che i nostri affiliati possano guadagnare denaro","og_url":"https:\/\/afiliago.com\/it\/come-funziona\/","og_site_name":"Plataforma de Marketing de afiliaci\u00f3n de apuestas deportivas","article_publisher":"https:\/\/www.facebook.com\/afiliago\/","article_modified_time":"2021-12-09T16:48:51+00:00","twitter_card":"summary_large_image","twitter_site":"@afiliago","twitter_misc":{"Tempo di lettura stimato":"6 minuti"},"schema":{"@context":"https:\/\/schema.org","@graph":[{"@type":"WebPage","@id":"https:\/\/afiliago.com\/it\/come-funziona\/","url":"https:\/\/afiliago.com\/it\/come-funziona\/","name":"Come funziona? Afiliago e come ti aiutiamo a monetizzare - AfiliaGo.com","isPartOf":{"@id":"https:\/\/afiliago.com\/it\/#website"},"datePublished":"2021-12-07T10:16:38+00:00","dateModified":"2021-12-09T16:48:51+00:00","description":"Come funzionano Afiliago e l'Affiliate Marketing? Siamo una societ\u00e0 di marketing online e il nostro obiettivo \u00e8 che i nostri affiliati possano guadagnare denaro","breadcrumb":{"@id":"https:\/\/afiliago.com\/it\/come-funziona\/#breadcrumb"},"inLanguage":"it-IT","potentialAction":[{"@type":"ReadAction","target":["https:\/\/afiliago.com\/it\/come-funziona\/"]}]},{"@type":"BreadcrumbList","@id":"https:\/\/afiliago.com\/it\/come-funziona\/#breadcrumb","itemListElement":[{"@type":"ListItem","position":1,"name":"Portada","item":"https:\/\/afiliago.com\/it\/"},{"@type":"ListItem","position":2,"name":"Come funziona?"}]},{"@type":"WebSite","@id":"https:\/\/afiliago.com\/it\/#website","url":"https:\/\/afiliago.com\/it\/","name":"Plataforma de Marketing de afiliaci\u00f3n de apuestas deportivas","description":"Plataforma de afiliaci\u00f3n de apuestas deportivas, casinos, finanzas y forex. Administra todas tus campa\u00f1as de afiliaci\u00f3n con AfiliaGo.com","publisher":{"@id":"https:\/\/afiliago.com\/it\/#organization"},"potentialAction":[{"@type":"SearchAction","target":{"@type":"EntryPoint","urlTemplate":"https:\/\/afiliago.com\/it\/?s={search_term_string}"},"query-input":"required name=search_term_string"}],"inLanguage":"it-IT"},{"@type":"Organization","@id":"https:\/\/afiliago.com\/it\/#organization","name":"AfiliaGo International, S.L.","url":"https:\/\/afiliago.com\/it\/","logo":{"@type":"ImageObject","inLanguage":"it-IT","@id":"https:\/\/afiliago.com\/it\/#\/schema\/logo\/image\/","url":"https:\/\/afiliago.com\/wp-content\/uploads\/logo-afiliago-color-mobile.svg","contentUrl":"https:\/\/afiliago.com\/wp-content\/uploads\/logo-afiliago-color-mobile.svg","width":1,"height":1,"caption":"AfiliaGo International, S.L."},"image":{"@id":"https:\/\/afiliago.com\/it\/#\/schema\/logo\/image\/"},"sameAs":["https:\/\/www.facebook.com\/afiliago\/","https:\/\/twitter.com\/afiliago","https:\/\/www.instagram.com\/afiliago\/","https:\/\/www.youtube.com\/channel\/UCRr80RqBJvA9gDeNOuhbSgA"]}]}},"_links":{"self":[{"href":"https:\/\/afiliago.com\/it\/wp-json\/wp\/v2\/pages\/8169"}],"collection":[{"href":"https:\/\/afiliago.com\/it\/wp-json\/wp\/v2\/pages"}],"about":[{"href":"https:\/\/afiliago.com\/it\/wp-json\/wp\/v2\/types\/page"}],"author":[{"embeddable":true,"href":"https:\/\/afiliago.com\/it\/wp-json\/wp\/v2\/users\/1"}],"replies":[{"embeddable":true,"href":"https:\/\/afiliago.com\/it\/wp-json\/wp\/v2\/comments?post=8169"}],"version-history":[{"count":0,"href":"https:\/\/afiliago.com\/it\/wp-json\/wp\/v2\/pages\/8169\/revisions"}],"wp:attachment":[{"href":"https:\/\/afiliago.com\/it\/wp-json\/wp\/v2\/media?parent=8169"}],"curies":[{"name":"wp","href":"https:\/\/api.w.org\/{rel}","templated":true}]}}