{"id":7828,"date":"2021-11-12T10:45:52","date_gmt":"2021-11-12T09:45:52","guid":{"rendered":"https:\/\/afiliago.com\/politica-de-cookies\/"},"modified":"2021-11-12T12:11:22","modified_gmt":"2021-11-12T11:11:22","slug":"cookie-policy","status":"publish","type":"page","link":"https:\/\/afiliago.com\/en\/cookie-policy\/","title":{"rendered":"Cookie Policy"},"content":{"rendered":"<p>[vc_row equal_height=&#8221;yes&#8221; content_placement=&#8221;middle&#8221; css=&#8221;.vc_custom_1556527462743{padding-top: 45px !important;padding-bottom: 45px !important;}&#8221;][vc_column]<style>.ld_section_title_69e24a9e2452d h2{font-size:42px;font-weight:700;margin-bottom:1px !important;;}<\/style><header class=\"fancy-title ld_section_title_69e24a9e2452d\">\n\t<h2>Cookie Policy<\/h2>\t\t<\/header>[vc_column_text]Seg\u00fan lo dispuesto en el art\u00edculo 22.2 de la Ley 34\/2002, de 11 de julio, de Servicios de la Sociedad de la Informaci\u00f3n y de Comercio Electr\u00f3nico (LSSI-CE), AFILIAGO informa de las cookies utilizadas en nuestra web: www.afiliago.com<\/p>\n<p style=\"text-align: justify;\">Las cookies son peque\u00f1as cantidades de informaci\u00f3n que se almacenan en el navegador utilizado por cada usuario para que el servidor recuerde cierta informaci\u00f3n que posteriormente pueda utilizar. Esta informaci\u00f3n permite identificar al visitante como un usuario concreto y permite guardar sus preferencias personales, as\u00ed como informaci\u00f3n t\u00e9cnica como puedan ser visitas o p\u00e1ginas concretas que visite. Aquellos usuarios que no deseen recibir cookies o quieran ser informados antes de que se almacenen en su ordenador, pueden configurar su navegador a tal efecto.<\/p>\n<p style=\"text-align: justify;\">Las cookies sirven para mejorar los servicios que se ofrecen. Algunas son estrictamente necesarias para que la p\u00e1gina funcione bien y otras sirven para mejorar el rendimiento y la experiencia como usuario.<\/p>\n<p style=\"text-align: justify;\">A continuaci\u00f3n, se realiza una clasificaci\u00f3n de las cookies en funci\u00f3n de una serie de categor\u00edas.<\/p>\n<p>&nbsp;<\/p>\n<p style=\"text-align: justify;\"><strong>Tipos de cookies seg\u00fan la entidad que las gestione:<\/strong><\/p>\n<ul>\n<li style=\"list-style-type: none;\">\n<ul style=\"text-align: justify;\">\n<li><u>Cookies propias<\/u>: Son aqu\u00e9llas que se env\u00edan al equipo terminal del usuario desde un equipo o dominio gestionado por el propio editor y desde el que se presta el servicio solicitado por el usuario.<\/li>\n<li><u>Cookies de tercero<\/u>: Son aqu\u00e9llas que se env\u00edan al equipo terminal del usuario desde un equipo o dominio que no es gestionado por el editor, sino por otra entidad que trata los datos obtenidos trav\u00e9s de las cookies.<\/li>\n<\/ul>\n<\/li>\n<\/ul>\n<p>&nbsp;<\/p>\n<p style=\"text-align: justify;\"><strong>Tipos de cookies seg\u00fan el plazo de tiempo que permanecen activadas:<\/strong><\/p>\n<ul>\n<li style=\"list-style-type: none;\">\n<ul style=\"text-align: justify;\">\n<li><u>Cookies de sesi\u00f3n<\/u>: Son un tipo de cookies dise\u00f1adas para recabar y almacenar datos mientras el usuario accede a una p\u00e1gina web.<\/li>\n<li><u>Cookies persistentes<\/u>: Son un tipo de cookies en el que los datos siguen almacenados en el terminal y pueden ser accedidos y tratados durante un periodo definido por el responsable de la cookie, y que puede ir de unos minutos a varios a\u00f1os.<\/li>\n<\/ul>\n<\/li>\n<\/ul>\n<p>&nbsp;<\/p>\n<p style=\"text-align: justify;\"><strong>Tipos de cookies seg\u00fan su finalidad:<\/strong><\/p>\n<ul>\n<li style=\"list-style-type: none;\">\n<ul style=\"text-align: justify;\">\n<li><u>Cookies t\u00e9cnicas<\/u>: Son aqu\u00e9llas que permiten al usuario la navegaci\u00f3n a trav\u00e9s de una p\u00e1gina web, plataforma o aplicaci\u00f3n y la utilizaci\u00f3n de las diferentes opciones o servicios que en ella existan como, por ejemplo, controlar el tr\u00e1fico y la comunicaci\u00f3n de datos, identificar la sesi\u00f3n, acceder a partes de acceso restringido, recordar los elementos que integran un pedido, realizar el proceso de compra de un pedido, realizar la solicitud de inscripci\u00f3n o participaci\u00f3n en un evento, utilizar elementos de seguridad durante la navegaci\u00f3n, almacenar contenidos para la difusi\u00f3n de videos o sonido o compartir contenidos a trav\u00e9s de redes sociales.<\/li>\n<li><u>Cookies de personalizaci\u00f3n<\/u>: Son aqu\u00e9llas que permiten al usuario acceder al servicio con algunas caracter\u00edsticas de car\u00e1cter general predefinidas en funci\u00f3n de una serie de criterios en el terminal del usuario como por ejemplo serian el idioma, el tipo de navegador a trav\u00e9s del cual accede al servicio, la configuraci\u00f3n regional desde donde accede al servicio, etc.<\/li>\n<li><u>Cookies de an\u00e1lisis<\/u>: Son aqu\u00e9llas que permiten al responsable de las mismas, el seguimiento y an\u00e1lisis del comportamiento de los usuarios de los sitios web a los que est\u00e1n vinculadas. La informaci\u00f3n recogida mediante este tipo de cookies se utiliza en la medici\u00f3n de la actividad de los sitios web, aplicaci\u00f3n o plataforma y para la elaboraci\u00f3n de perfiles de navegaci\u00f3n de los usuarios de dichos sitios, aplicaciones y plataformas, con el fin de introducir mejoras en funci\u00f3n del an\u00e1lisis de los datos de uso que hacen los usuarios del servicio.<\/li>\n<li><u>Cookies publicitarias<\/u>: Son aqu\u00e9llas que permiten la gesti\u00f3n, de la forma m\u00e1s eficaz posible, de los espacios publicitarios que, en su caso, el editor haya incluido en una p\u00e1gina web, aplicaci\u00f3n o plataforma desde la que presta el servicio solicitado en base a criterios como el contenido editado o la frecuencia en la que se muestran los anuncios.<\/li>\n<li><u>Cookies de publicidad comportamental<\/u>: Son aqu\u00e9llas que permiten la gesti\u00f3n, de la forma m\u00e1s eficaz posible, de los espacios publicitarios que, en su caso, el editor haya incluido en una p\u00e1gina web, aplicaci\u00f3n o plataforma desde la que presta el servicio solicitado. Estas cookies almacenan informaci\u00f3n del comportamiento de los usuarios obtenida a trav\u00e9s de la observaci\u00f3n continuada de sus h\u00e1bitos de navegaci\u00f3n, lo que permite desarrollar un perfil espec\u00edfico para mostrar publicidad en funci\u00f3n del mismo.<\/li>\n<\/ul>\n<\/li>\n<\/ul>\n<p style=\"text-align: justify; padding-left: 40px;\">M\u00e1s informaci\u00f3n sobre las cookies y c\u00f3mo gestionarlas en <a href=\"http:\/\/www.aboutcookies.org\/\" target=\"_blank\" rel=\"noopener noreferrer\">www.aboutcookies.org<\/a> o en el men\u00fa -Ayuda- del navegador.<\/p>\n<p style=\"text-align: justify; padding-left: 40px;\">A continuaci\u00f3n se presenta una lista de las cookies que puede encontrar en nuestro sitio Web y una breve descripci\u00f3n de su finalidad. Se asegura que ninguna de ellas conserva informaci\u00f3n de identificaci\u00f3n personal sobre el usuario. Algunas cookies personalizan la visita, otras recuerdan preferencias, mientras que otras s\u00f3lo proveen estad\u00edsticas de los visitantes.<\/p>\n<table style=\"margin-left: 40px;\" border=\"1\" width=\"100%\" cellspacing=\"0\" cellpadding=\"0\">\n<tbody style=\"padding-left: 40px;\">\n<tr style=\"padding-left: 40px;\">\n<td style=\"padding-left: 40px;\">\n<p style=\"padding-left: 40px;\" align=\"center\"><strong>Nombre<\/strong><\/p>\n<\/td>\n<td style=\"padding-left: 40px;\">\n<p style=\"padding-left: 40px;\" align=\"center\"><strong>Proveedor<\/strong><\/p>\n<\/td>\n<td style=\"padding-left: 40px;\">\n<p style=\"padding-left: 40px;\" align=\"center\"><strong>Duraci\u00f3n<\/strong><\/p>\n<\/td>\n<td style=\"padding-left: 40px;\">\n<p style=\"padding-left: 40px;\" align=\"center\"><strong>Informaci\u00f3n<\/strong><\/p>\n<\/td>\n<\/tr>\n<tr style=\"padding-left: 40px;\">\n<td style=\"padding-left: 40px;\">\n<p style=\"padding-left: 40px;\" align=\"center\">PHPSESSID<\/p>\n<\/td>\n<td style=\"padding-left: 40px;\">\n<p style=\"padding-left: 40px;\" align=\"center\">El sitio web<\/p>\n<\/td>\n<td style=\"padding-left: 40px;\">\n<p style=\"padding-left: 40px;\" align=\"center\">Hasta cerrar ventana<\/p>\n<\/td>\n<td style=\"padding-left: 40px;\">\n<p style=\"padding-left: 40px;\" align=\"center\">Datos operativos<\/p>\n<\/td>\n<\/tr>\n<tr style=\"padding-left: 40px;\">\n<td style=\"padding-left: 40px;\">\n<p style=\"padding-left: 40px;\" align=\"center\">__utma<\/p>\n<\/td>\n<td style=\"padding-left: 40px;\">\n<p style=\"padding-left: 40px;\" align=\"center\">Google<\/p>\n<\/td>\n<td style=\"padding-left: 40px;\">\n<p style=\"padding-left: 40px;\" align=\"center\">729 d\u00edas<\/p>\n<\/td>\n<td style=\"padding-left: 40px;\">\n<p style=\"padding-left: 40px;\" align=\"center\">G.Analytics<\/p>\n<\/td>\n<\/tr>\n<tr style=\"padding-left: 40px;\">\n<td style=\"padding-left: 40px;\">\n<p style=\"padding-left: 40px;\" align=\"center\">__utmb<\/p>\n<\/td>\n<td style=\"padding-left: 40px;\">\n<p style=\"padding-left: 40px;\" align=\"center\">Google<\/p>\n<\/td>\n<td style=\"padding-left: 40px;\">\n<p style=\"padding-left: 40px;\" align=\"center\">0 d\u00edas<\/p>\n<\/td>\n<td style=\"padding-left: 40px;\">\n<p style=\"padding-left: 40px;\" align=\"center\">G.Analytics<\/p>\n<\/td>\n<\/tr>\n<tr style=\"padding-left: 40px;\">\n<td style=\"padding-left: 40px;\">\n<p style=\"padding-left: 40px;\" align=\"center\">__utmc<\/p>\n<\/td>\n<td style=\"padding-left: 40px;\">\n<p style=\"padding-left: 40px;\" align=\"center\">Google<\/p>\n<\/td>\n<td style=\"padding-left: 40px;\">\n<p style=\"padding-left: 40px;\" align=\"center\">Hasta cerrar ventana<\/p>\n<\/td>\n<td style=\"padding-left: 40px;\">\n<p style=\"padding-left: 40px;\" align=\"center\">G.Analytics<\/p>\n<\/td>\n<\/tr>\n<tr style=\"padding-left: 40px;\">\n<td style=\"padding-left: 40px;\">\n<p style=\"padding-left: 40px;\" align=\"center\">__utmz<\/p>\n<\/td>\n<td style=\"padding-left: 40px;\">\n<p style=\"padding-left: 40px;\" align=\"center\">Google<\/p>\n<\/td>\n<td style=\"padding-left: 40px;\">\n<p style=\"padding-left: 40px;\" align=\"center\">182 d\u00edas<\/p>\n<\/td>\n<td style=\"padding-left: 40px;\">\n<p style=\"padding-left: 40px;\" align=\"center\">G.Analytics<\/p>\n<\/td>\n<\/tr>\n<tr style=\"padding-left: 40px;\">\n<td style=\"padding-left: 40px;\">\n<p style=\"padding-left: 40px;\" align=\"center\">legalCookie<\/p>\n<\/td>\n<td style=\"padding-left: 40px;\">\n<p style=\"padding-left: 40px;\" align=\"center\">El sitio web<\/p>\n<\/td>\n<td style=\"padding-left: 40px;\">\n<p style=\"padding-left: 40px;\" align=\"center\">182 d\u00edas<\/p>\n<\/td>\n<td style=\"padding-left: 40px;\">\n<table style=\"margin-left: 40px;\" border=\"0\" cellspacing=\"0\" cellpadding=\"0\">\n<tbody style=\"padding-left: 40px;\">\n<tr style=\"padding-left: 40px;\">\n<td style=\"padding-left: 40px;\">\n<p style=\"padding-left: 40px;\" align=\"center\">Notificaci\u00f3n de cookies<\/p>\n<\/td>\n<\/tr>\n<\/tbody>\n<\/table>\n<\/td>\n<\/tr>\n<\/tbody>\n<\/table>\n<p>&nbsp;<\/p>\n<p style=\"text-align: justify;\"><strong>Salvaguardias de protecci\u00f3n<\/strong><\/p>\n<p style=\"text-align: justify; padding-left: 40px;\">El usuario puede configurar su navegador para aceptar, o no, las cookies que recibe o para que el navegador le avise cuando un servidor quiera guardar una cookie o borrarlas de su ordenador. Puede encontrar las instrucciones en la configuraci\u00f3n de seguridad en su navegador Web.<\/p>\n<p style=\"text-align: justify; padding-left: 40px;\">Ejemplos:<\/p>\n<ul>\n<li style=\"list-style-type: none;\">\n<ul style=\"text-align: justify;\">\n<li><u>Microsoft Internet Explorer<\/u>, en la opci\u00f3n de men\u00fa Herramientas &gt; Opciones de Internet &gt; Privacidad &gt; Configuraci\u00f3n.<\/li>\n<li><u>Firefox<\/u>, en la opci\u00f3n de men\u00fa Herramientas &gt; Opciones &gt; Privacidad &gt; Cookies.<\/li>\n<li><u>Google Chrome<\/u>, en la opci\u00f3n de men\u00fa Configuraci\u00f3n &gt; Privacidad<\/li>\n<li><u>Safari<\/u>, en la opci\u00f3n de men\u00fa Preferencias &gt; Seguridad<\/li>\n<\/ul>\n<\/li>\n<\/ul>\n<p style=\"text-align: justify; padding-left: 40px;\">Se puede hacer uso de la secci\u00f3n -Ayuda- que se encuentra en la barra de herramientas de la mayor\u00eda de navegadores para cambiar los ajustes de su ordenador, sin embargo, algunas de las caracter\u00edsticas de los servicios online de este sitio pueden no funcionar si se rechaza todas las cookies.<\/p>\n<p style=\"text-align: justify; padding-left: 40px;\">Muchos navegadores permiten activar un modo privado mediante el cual las cookies se borran siempre despu\u00e9s de su visita. Dependiendo de cada navegador, este modo privado puede tener diferentes nombres.<\/p>\n<p style=\"text-align: justify; padding-left: 40px;\">Ejemplos:<\/p>\n<ul>\n<li style=\"list-style-type: none;\">\n<ul style=\"text-align: justify;\">\n<li><a href=\"http:\/\/windows.microsoft.com\/es-es\/internet-explorer\/delete-manage-cookies#ie=ie-10\"><u>Internet Explorer 8 y superior<\/u><\/a>: InPrivate<\/li>\n<li><a href=\"http:\/\/support.mozilla.org\/es\/kb\/habilitar-y-deshabilitar-cookies-que-los-sitios-we\"><u>Firefox 3.5 y superior<\/u><\/a>: Navegaci\u00f3n Privada<\/li>\n<li><a href=\"http:\/\/support.google.com\/chrome\/bin\/answer.py?hl=es&amp;answer=95647\"><u>Google Chrome 10 y superior<\/u><\/a>: Inc\u00f3gnito<\/li>\n<li><a href=\"https:\/\/support.apple.com\/kb\/ph17191?locale=es_ES\"><u>Safari 2 y superior<\/u><\/a>: Navegaci\u00f3n Privada<\/li>\n<li><a href=\"http:\/\/help.opera.com\/Windows\/11.50\/es-ES\/cookies.html\"><u>Opera 10.5 y superior<\/u><\/a>: Navegaci\u00f3n Privada<\/li>\n<\/ul>\n<\/li>\n<\/ul>\n<p style=\"text-align: justify; padding-left: 40px;\">Por favor, se debe atentamente la secci\u00f3n de ayuda del navegador para conocer m\u00e1s acerca de como activar el -modo privado-. Se podr\u00e1 seguir visitando este sitio web aunque el navegador est\u00e9 en -modo privado-, no obstante, la experiencia de usuario puede no ser \u00f3ptima y algunas utilidades pueden no funcionar.<\/p>\n<p>[\/vc_column_text][\/vc_column][\/vc_row]<\/p>\n","protected":false},"excerpt":{"rendered":"<p>[vc_row equal_height=&#8221;yes&#8221; content_placement=&#8221;middle&#8221; css=&#8221;.vc_custom_1556527462743{padding-top: 45px !important;padding-bottom: 45px !important;}&#8221;][vc_column][vc_column_text]Seg\u00fan lo dispuesto en el art\u00edculo 22.2 de&#8230;<\/p>\n","protected":false},"author":1,"featured_media":0,"parent":0,"menu_order":0,"comment_status":"closed","ping_status":"closed","template":"","meta":[],"yoast_head":"<!-- This site is optimized with the Yoast SEO plugin v20.6 - https:\/\/yoast.com\/wordpress\/plugins\/seo\/ -->\n<title>Cookie Policy - AfiliaGo.com<\/title>\n<meta name=\"description\" content=\"Las cookies son ficheros que se descargan en el equipo o dispositivo (ordenador\/smartphone\/tablet) del usuario al acceder a determinadas p\u00e1ginas web.\" \/>\n<meta name=\"robots\" content=\"noindex, nofollow\" \/>\n<meta property=\"og:locale\" content=\"en_US\" \/>\n<meta property=\"og:type\" content=\"article\" \/>\n<meta property=\"og:title\" content=\"Cookie Policy - AfiliaGo.com\" \/>\n<meta property=\"og:description\" content=\"Las cookies son ficheros que se descargan en el equipo o dispositivo (ordenador\/smartphone\/tablet) del usuario al acceder a determinadas p\u00e1ginas web.\" \/>\n<meta property=\"og:url\" content=\"https:\/\/afiliago.com\/en\/cookie-policy\/\" \/>\n<meta property=\"og:site_name\" content=\"Plataforma de Marketing de afiliaci\u00f3n de apuestas deportivas\" \/>\n<meta property=\"article:publisher\" content=\"https:\/\/www.facebook.com\/afiliago\/\" \/>\n<meta property=\"article:modified_time\" content=\"2021-11-12T11:11:22+00:00\" \/>\n<meta name=\"twitter:card\" content=\"summary_large_image\" \/>\n<meta name=\"twitter:site\" content=\"@afiliago\" \/>\n<meta name=\"twitter:label1\" content=\"Est. reading time\" \/>\n\t<meta name=\"twitter:data1\" content=\"5 minutes\" \/>\n<script type=\"application\/ld+json\" class=\"yoast-schema-graph\">{\"@context\":\"https:\/\/schema.org\",\"@graph\":[{\"@type\":\"WebPage\",\"@id\":\"https:\/\/afiliago.com\/en\/cookie-policy\/\",\"url\":\"https:\/\/afiliago.com\/en\/cookie-policy\/\",\"name\":\"Cookie Policy - AfiliaGo.com\",\"isPartOf\":{\"@id\":\"https:\/\/afiliago.com\/en\/#website\"},\"datePublished\":\"2021-11-12T09:45:52+00:00\",\"dateModified\":\"2021-11-12T11:11:22+00:00\",\"description\":\"Las cookies son ficheros que se descargan en el equipo o dispositivo (ordenador\/smartphone\/tablet) del usuario al acceder a determinadas p\u00e1ginas web.\",\"breadcrumb\":{\"@id\":\"https:\/\/afiliago.com\/en\/cookie-policy\/#breadcrumb\"},\"inLanguage\":\"en-US\",\"potentialAction\":[{\"@type\":\"ReadAction\",\"target\":[\"https:\/\/afiliago.com\/en\/cookie-policy\/\"]}]},{\"@type\":\"BreadcrumbList\",\"@id\":\"https:\/\/afiliago.com\/en\/cookie-policy\/#breadcrumb\",\"itemListElement\":[{\"@type\":\"ListItem\",\"position\":1,\"name\":\"Portada\",\"item\":\"https:\/\/afiliago.com\/en\/\"},{\"@type\":\"ListItem\",\"position\":2,\"name\":\"Cookie Policy\"}]},{\"@type\":\"WebSite\",\"@id\":\"https:\/\/afiliago.com\/en\/#website\",\"url\":\"https:\/\/afiliago.com\/en\/\",\"name\":\"Plataforma de Marketing de afiliaci\u00f3n de apuestas deportivas\",\"description\":\"Plataforma de afiliaci\u00f3n de apuestas deportivas, casinos, finanzas y forex. Administra todas tus campa\u00f1as de afiliaci\u00f3n con AfiliaGo.com\",\"publisher\":{\"@id\":\"https:\/\/afiliago.com\/en\/#organization\"},\"potentialAction\":[{\"@type\":\"SearchAction\",\"target\":{\"@type\":\"EntryPoint\",\"urlTemplate\":\"https:\/\/afiliago.com\/en\/?s={search_term_string}\"},\"query-input\":\"required name=search_term_string\"}],\"inLanguage\":\"en-US\"},{\"@type\":\"Organization\",\"@id\":\"https:\/\/afiliago.com\/en\/#organization\",\"name\":\"AfiliaGo International, S.L.\",\"url\":\"https:\/\/afiliago.com\/en\/\",\"logo\":{\"@type\":\"ImageObject\",\"inLanguage\":\"en-US\",\"@id\":\"https:\/\/afiliago.com\/en\/#\/schema\/logo\/image\/\",\"url\":\"https:\/\/afiliago.com\/wp-content\/uploads\/logo-afiliago-color-mobile.svg\",\"contentUrl\":\"https:\/\/afiliago.com\/wp-content\/uploads\/logo-afiliago-color-mobile.svg\",\"width\":1,\"height\":1,\"caption\":\"AfiliaGo International, S.L.\"},\"image\":{\"@id\":\"https:\/\/afiliago.com\/en\/#\/schema\/logo\/image\/\"},\"sameAs\":[\"https:\/\/www.facebook.com\/afiliago\/\",\"https:\/\/twitter.com\/afiliago\",\"https:\/\/www.instagram.com\/afiliago\/\",\"https:\/\/www.youtube.com\/channel\/UCRr80RqBJvA9gDeNOuhbSgA\"]}]}<\/script>\n<!-- \/ Yoast SEO plugin. -->","yoast_head_json":{"title":"Cookie Policy - AfiliaGo.com","description":"Las cookies son ficheros que se descargan en el equipo o dispositivo (ordenador\/smartphone\/tablet) del usuario al acceder a determinadas p\u00e1ginas web.","robots":{"index":"noindex","follow":"nofollow"},"og_locale":"en_US","og_type":"article","og_title":"Cookie Policy - AfiliaGo.com","og_description":"Las cookies son ficheros que se descargan en el equipo o dispositivo (ordenador\/smartphone\/tablet) del usuario al acceder a determinadas p\u00e1ginas web.","og_url":"https:\/\/afiliago.com\/en\/cookie-policy\/","og_site_name":"Plataforma de Marketing de afiliaci\u00f3n de apuestas deportivas","article_publisher":"https:\/\/www.facebook.com\/afiliago\/","article_modified_time":"2021-11-12T11:11:22+00:00","twitter_card":"summary_large_image","twitter_site":"@afiliago","twitter_misc":{"Est. reading time":"5 minutes"},"schema":{"@context":"https:\/\/schema.org","@graph":[{"@type":"WebPage","@id":"https:\/\/afiliago.com\/en\/cookie-policy\/","url":"https:\/\/afiliago.com\/en\/cookie-policy\/","name":"Cookie Policy - AfiliaGo.com","isPartOf":{"@id":"https:\/\/afiliago.com\/en\/#website"},"datePublished":"2021-11-12T09:45:52+00:00","dateModified":"2021-11-12T11:11:22+00:00","description":"Las cookies son ficheros que se descargan en el equipo o dispositivo (ordenador\/smartphone\/tablet) del usuario al acceder a determinadas p\u00e1ginas web.","breadcrumb":{"@id":"https:\/\/afiliago.com\/en\/cookie-policy\/#breadcrumb"},"inLanguage":"en-US","potentialAction":[{"@type":"ReadAction","target":["https:\/\/afiliago.com\/en\/cookie-policy\/"]}]},{"@type":"BreadcrumbList","@id":"https:\/\/afiliago.com\/en\/cookie-policy\/#breadcrumb","itemListElement":[{"@type":"ListItem","position":1,"name":"Portada","item":"https:\/\/afiliago.com\/en\/"},{"@type":"ListItem","position":2,"name":"Cookie Policy"}]},{"@type":"WebSite","@id":"https:\/\/afiliago.com\/en\/#website","url":"https:\/\/afiliago.com\/en\/","name":"Plataforma de Marketing de afiliaci\u00f3n de apuestas deportivas","description":"Plataforma de afiliaci\u00f3n de apuestas deportivas, casinos, finanzas y forex. Administra todas tus campa\u00f1as de afiliaci\u00f3n con AfiliaGo.com","publisher":{"@id":"https:\/\/afiliago.com\/en\/#organization"},"potentialAction":[{"@type":"SearchAction","target":{"@type":"EntryPoint","urlTemplate":"https:\/\/afiliago.com\/en\/?s={search_term_string}"},"query-input":"required name=search_term_string"}],"inLanguage":"en-US"},{"@type":"Organization","@id":"https:\/\/afiliago.com\/en\/#organization","name":"AfiliaGo International, S.L.","url":"https:\/\/afiliago.com\/en\/","logo":{"@type":"ImageObject","inLanguage":"en-US","@id":"https:\/\/afiliago.com\/en\/#\/schema\/logo\/image\/","url":"https:\/\/afiliago.com\/wp-content\/uploads\/logo-afiliago-color-mobile.svg","contentUrl":"https:\/\/afiliago.com\/wp-content\/uploads\/logo-afiliago-color-mobile.svg","width":1,"height":1,"caption":"AfiliaGo International, S.L."},"image":{"@id":"https:\/\/afiliago.com\/en\/#\/schema\/logo\/image\/"},"sameAs":["https:\/\/www.facebook.com\/afiliago\/","https:\/\/twitter.com\/afiliago","https:\/\/www.instagram.com\/afiliago\/","https:\/\/www.youtube.com\/channel\/UCRr80RqBJvA9gDeNOuhbSgA"]}]}},"_links":{"self":[{"href":"https:\/\/afiliago.com\/en\/wp-json\/wp\/v2\/pages\/7828"}],"collection":[{"href":"https:\/\/afiliago.com\/en\/wp-json\/wp\/v2\/pages"}],"about":[{"href":"https:\/\/afiliago.com\/en\/wp-json\/wp\/v2\/types\/page"}],"author":[{"embeddable":true,"href":"https:\/\/afiliago.com\/en\/wp-json\/wp\/v2\/users\/1"}],"replies":[{"embeddable":true,"href":"https:\/\/afiliago.com\/en\/wp-json\/wp\/v2\/comments?post=7828"}],"version-history":[{"count":0,"href":"https:\/\/afiliago.com\/en\/wp-json\/wp\/v2\/pages\/7828\/revisions"}],"wp:attachment":[{"href":"https:\/\/afiliago.com\/en\/wp-json\/wp\/v2\/media?parent=7828"}],"curies":[{"name":"wp","href":"https:\/\/api.w.org\/{rel}","templated":true}]}}