{"id":7822,"date":"2021-11-12T10:45:07","date_gmt":"2021-11-12T09:45:07","guid":{"rendered":"https:\/\/afiliago.com\/aviso-legal-y-privacidad\/"},"modified":"2021-11-12T12:12:03","modified_gmt":"2021-11-12T11:12:03","slug":"legal-notice-and-privacy","status":"publish","type":"page","link":"https:\/\/afiliago.com\/en\/legal-notice-and-privacy\/","title":{"rendered":"Legal notice and privacy"},"content":{"rendered":"<p>[vc_row equal_height=&#8221;yes&#8221; content_placement=&#8221;middle&#8221; css=&#8221;.vc_custom_1556527403633{padding-top: 45px !important;padding-bottom: 45px !important;}&#8221;][vc_column]<style>.ld_section_title_69e59f2fd4637 h2{font-size:42px;font-weight:700;margin-bottom:1px !important;;}<\/style><header class=\"fancy-title ld_section_title_69e59f2fd4637\">\n\t<h2>Legal notice and privacy<\/h2>\t\t<\/header>[vc_column_text]<strong>A\/ Responsable del tratamiento:<\/strong><\/p>\n<p style=\"text-align: justify; padding-left: 40px;\">La plataforma AFILIAGO es propiedad de AFILIAGO INTERNATIONAL, S.L., con CIF. B52041886<\/p>\n<p style=\"text-align: justify; padding-left: 40px;\">Los datos de contacto son:<\/p>\n<p style=\"text-align: justify; padding-left: 40px;\">Domicilio: Calle Candido Lobera, N\u00ba 5 &#8211; 3\u00ba \u00c1tico 52001 MELILLA<\/p>\n<p style=\"padding-left: 40px;\">Email: legal@afiliago.com<\/p>\n<p><strong>B\/ Finalidad del tratamiento de los datos:<\/strong><\/p>\n<p style=\"padding-left: 40px;\">Desde el momento en el que Usted entre a formar parte de la familia AFILIAGO, cre\u00e1ndose un perfil en nuestra plataforma para poder actuar con nosotros, sus datos ser\u00e1n tratados con las siguientes finalidades:<\/p>\n<ul>\n<li style=\"list-style-type: none;\">\n<ul>\n<li>Finalidad primordial de llevar a cabo el servicio prestado a trav\u00e9s de la plataforma y de nuestra pasarela de pagos.<\/li>\n<li>Generar facturas a trav\u00e9s del apartado facturaci\u00f3n.<\/li>\n<li>Informarle o avisarle de posibles incidencias en la prestaci\u00f3n del servicio.<\/li>\n<li>Informarle de mejoras o novedades en los productos y servicios que ofertamos.<\/li>\n<li>S\u00f3lo se ceder\u00e1n datos a instituciones o autoridades p\u00fablicas en supuestos en los que legalmente sea obligatorio.<\/li>\n<\/ul>\n<\/li>\n<\/ul>\n<p><strong>C\/ Elemento temporal.<\/strong><\/p>\n<p style=\"padding-left: 40px;\">Con car\u00e1cter restrictivo, sus datos ser\u00e1n conservados \u00fanicamente mientras dure nuestra relaci\u00f3n comercial o mientras desee seguir recibiendo informaci\u00f3n sobre nuestros productos o servicios.<\/p>\n<p style=\"padding-left: 40px;\">M\u00e1s abajo le informamos de los derechos que tiene a su disposici\u00f3n para poder modular, restringir o ampliar voluntariamente cualesquiera cuestiones relativas a la tenencia por nuestra parte de sus datos personales.<\/p>\n<p><strong>D\/ Legitimaci\u00f3n para el tratamiento.<\/strong><\/p>\n<p style=\"padding-left: 40px;\">L\u00f3gicamente, la legitimaci\u00f3n para el tratamiento de sus datos la ostenta AFILIAGO INTERNATIONAL, S.L., desde el punto de vista de su posici\u00f3n jur\u00eddica como prestador del servicio que Usted contrata a trav\u00e9s de la plataforma o bien cualesquiera de sus servicios adicionales.<\/p>\n<p><strong>E\/ Posibles destinatarios de sus datos personales.<\/strong><\/p>\n<p style=\"padding-left: 40px;\">Sus datos personales podr\u00e1n ser comunicados a terceros en los siguientes supuestos:<\/p>\n<p style=\"padding-left: 40px;\">A sus datos podr\u00e1n acceder los proveedores que prestan servicios a AFILIAGO INTERNATIONAL, S.L., tales como servicios de alojamiento de contenido, de mensajer\u00eda instant\u00e1nea, de env\u00edo de notificaciones, servicios publicitarios, servicios inform\u00e1ticos, etc.<\/p>\n<p style=\"padding-left: 40px;\">No obstante, dejamos consignado que AFILIAGO INTERNATIONAL, S.L., tiene suscritos contratos de encargo de tratamiento de datos con cada uno de los proveedores que prestan servicios a AFILIAGO INTERNATIONAL, S.L., con el objeto de que Usted tenga plenas garant\u00edas de que dichos proveedores tratan sus datos de conformidad con la legislaci\u00f3n.<\/p>\n<p style=\"padding-left: 40px;\">Sus datos personales solamente podr\u00e1n ser cedidos a autoridades o instituciones p\u00fablicas en el supuesto de que existan requerimientos legalmente cursados o exista una obligaci\u00f3n legal o judicial que as\u00ed lo determine.<\/p>\n<p><strong>F\/ Derechos de los titulares de los datos objeto de tratamiento.<\/strong><\/p>\n<p style=\"padding-left: 40px;\">Recuerde que en cualquier momento, desde que comience nuestra relaci\u00f3n comercial y, por tanto, tengamos acceso al tratamiento de sus datos, podr\u00e1 tener conocimiento de c\u00f3mo se est\u00e1n tratando sus datos por AFILIAGO INTERNATIONAL, S.L.<\/p>\n<p style=\"padding-left: 40px;\">El ejercicio de estos derechos es de car\u00e1cter puramente gratuito.<\/p>\n<p style=\"padding-left: 40px;\">1.- El principal de los derechos que le asiste es el derecho de <strong>ACCESO<\/strong> a sus datos personales.<\/p>\n<p style=\"padding-left: 40px;\">Este derecho comprende el de solicitar informaci\u00f3n sobre la forma en la que se est\u00e1n tratando sus datos personales; solicitar copia de los datos que son objeto de tratamiento; los fines del mismo; los destinatarios o categor\u00edas de destinatarios a los que se han comunicado los datos; informaci\u00f3n sobre las garant\u00edas adecuadas relativas a la transferencia de los datos a terceros pa\u00edses u organizaciones internacionales; el plazo de conservaci\u00f3n de los mismos; si existen decisiones automatizadas, incluyendo la elaboraci\u00f3n de perfiles, informaci\u00f3n significativa sobre la l\u00f3gica aplicada, as\u00ed como la importancia y consecuencias previstas en dicho tratamiento; si los datos personales no se han obtenido directamente de su titular, informaci\u00f3n sobre el origen de los mismos, etc.<\/p>\n<p style=\"padding-left: 40px;\">2.- Tambi\u00e9n tiene derecho a <strong>RECTIFICAR<\/strong> sus datos inexactos o, en su caso, solicitar su <strong>SUPRESI\u00d3N<\/strong> cuando, entre otros motivos, los datos ya no sean necesarios para los fines que fueron recogidos.<\/p>\n<p style=\"padding-left: 40px;\">3.- En determinadas circunstancias, Usted podr\u00e1 solicitar la <strong>LIMITACI\u00d3N<\/strong> del tratamiento de sus datos, en cuyo caso \u00fanicamente los conservaremos para el ejercicio o la defensa de reclamaciones.<\/p>\n<p style=\"padding-left: 40px;\">4.- Del mismo modo, en determinadas circunstancias y por motivos relacionados con su situaci\u00f3n particular, podr\u00e1 <strong>OPONERSE<\/strong> al tratamiento de sus datos. En este caso, AFILIAGO INTERNATIONAL, S.L., dejar\u00e1 de tratar los datos, salvo por motivos leg\u00edtimos o el ejercicio o defensa de eventuales reclamaciones.<\/p>\n<p style=\"padding-left: 40px;\">5.- En quinto lugar, le informamos de que las \u00faltimas modificaciones en materia de legislaci\u00f3n relativa a datos personales, Usted puede ejercer su derecho a la <strong>PORTABILIDAD<\/strong>, as\u00ed como retirar los consentimientos facilitados en cualquier momento, sin que ello afecte a la licitud del tratamiento basado en el consentimiento previo a su retirada, como es l\u00f3gico.<\/p>\n<p style=\"padding-left: 40px;\">Dicho cuanto antecede, en el momento en el que Usted est\u00e9 interesado en ejercitar cualquiera de los derechos que le asiste, podr\u00e1 dirigirse a nosotros a la direcci\u00f3n de correo electr\u00f3nico o direcci\u00f3n postal indicada al inicio del presente escrito.<\/p>\n<p style=\"padding-left: 40px;\">Recuerde que para el correcto ejercicio de sus derechos, le rogamos facilitar la mayor informaci\u00f3n posible en su solicitud y, en todo caso, datos personales, direcci\u00f3n de correo electr\u00f3nico, tel\u00e9fono, derecho o derecho que quiere ejercitar y en qu\u00e9 sentido.<\/p>\n<p style=\"padding-left: 40px;\">Le informamos igualmente que puede dirigirse a la Agencia Espa\u00f1ola de Protecci\u00f3n de Datos y dem\u00e1s organismos p\u00fablicos competentes para cualquier reclamaci\u00f3n derivada del tratamiento de sus datos personales.<\/p>\n<p><strong>G\/ Pol\u00edtica de cookies.<\/strong><\/p>\n<p style=\"padding-left: 40px;\">Para conocer nuestra pol\u00edtica de cookies puede acudir a nuestra p\u00e1gina web.<\/p>\n<p><strong>H\/ Condiciones de uso de la plataforma web.<\/strong><\/p>\n<p style=\"padding-left: 40px;\">AFILIAGO INTERNATIONAL, S.L., desarrolla su objeto empresarial a trav\u00e9s de la presente p\u00e1gina web, que pone a disposici\u00f3n de los usuarios de Internet.<\/p>\n<p style=\"padding-left: 40px;\">El acceso a la misma implica la aceptaci\u00f3n sin reservas de estas condiciones.<\/p>\n<p style=\"padding-left: 40px;\">No obstante lo anterior, la propia plataforma puede ofrecer servicios particulares y complementarios al servicio principal, los cuales se regir\u00e1n por sus propias condiciones. En este supuesto nos referimos concretamente al servicio complementario de nuestra pasarela de pagos.<\/p>\n<p style=\"padding-left: 40px;\">AFILIAGO INTERNATIONAL, S.L., autoriza la visualizaci\u00f3n, impresi\u00f3n y descarga parcial del contenido de su plataforma, en los siguientes supuestos:<\/p>\n<ul>\n<li style=\"list-style-type: none;\">\n<ul>\n<li>Que exista compatibilidad con los fines propios de la plataforma.<\/li>\n<li>Que se realice con el exclusivo \u00e1nimo de obtener informaci\u00f3n contenida para su uso personal. Queda expresamente prohibida su utilizaci\u00f3n con fines comerciales o para su distribuci\u00f3n, comunicaci\u00f3n p\u00fablica, transformaci\u00f3n, etc.<\/li>\n<li>Que ninguno de los contenidos relacionados en la plataforma sea modificado de forma alguna.<\/li>\n<li>Que ning\u00fan gr\u00e1fico, logo, icono o imagen disponible en la plataforma sea utilizado, copiado o distribuido, separado o junto a las im\u00e1genes adyacentes.<\/li>\n<li>La utilizaci\u00f3n no autorizada de la informaci\u00f3n contenida en la plataforma, su reventa, as\u00ed como la lesi\u00f3n de los derechos de propiedad intelectual o industrial de AFILIAGO INTERNATIONAL, S.L., dar\u00e1 lugar a las responsabilidades legalmente establecidas.<\/li>\n<\/ul>\n<\/li>\n<\/ul>\n<p><strong>I\/ funcionamiento de la plataforma.<\/strong><\/p>\n<p style=\"padding-left: 40px;\">AFILIAGO INTERNATIONAL, S.L., se reserva el derecho a efectuar las modificaciones que considere convenientes en la plataforma, en su configuraci\u00f3n, presentaci\u00f3n, elementos estructurales o meramente est\u00e9ticos, con o sin previo aviso a sus usuarios. Tambi\u00e9n se podr\u00e1n introducir modificaciones en las condiciones de uso de la misma.<\/p>\n<p style=\"padding-left: 40px;\">AFILIAGO INTERNATIONAL, S.L., no se hace responsable de los errores de seguridad que se puedan producir ni de los da\u00f1os que puedan causarse al sistema inform\u00e1tico del usuario, o a los ficheros o documentos almacenados en el mismo, como consecuencia de:<\/p>\n<ul>\n<li style=\"list-style-type: none;\">\n<ul>\n<li>La presencia de virus en el equipo del usuario que sea utilizado para la conexi\u00f3n a los servicios y contenidos de la plataforma.<\/li>\n<li>Mal funcionamiento del navegador.<\/li>\n<li>Uso negligente de la red.<\/li>\n<li>Uso de versiones no actualizadas del navegador.<\/li>\n<\/ul>\n<\/li>\n<\/ul>\n<p style=\"padding-left: 40px;\">AFILIAGO INTERNATIONAL, S.L. no garantiza la ausencia de virus ni de otros elementos en la plataforma que hayan podido ser introducidos por terceros ajenos a AFILIAGO INTERNATIONAL, S.L., que puedan producir alteraciones en los sistemas de los usuarios o en los documentos electr\u00f3nicos y ficheros almacenados en sus sistemas.<\/p>\n<p style=\"padding-left: 40px;\">En consecuencia, la empresa no ser\u00e1 en ning\u00fan caso responsable de cualesquiera da\u00f1os y perjuicios de toda \u00edndole que pudieran derivarse de la presencia de virus u otros elementos que puedan producir alteraciones en los sistemas, documentos electr\u00f3nicos o ficheros de los usuarios.<\/p>\n<p style=\"padding-left: 40px;\">Asimismo, AFILIAGO INTERNATIONAL, S.L. utiliza diversas medidas de protecci\u00f3n de su plataforma contra ataques inform\u00e1ticos de terceros. No obstante, la empresa no garantiza que terceros no autorizados puedan tener acceso al tipo de uso de la plataforma que hace el usuario o las condiciones y circunstancias en las cuales realiza dicho uso. En consecuencia, AFILIAGO INTERNATIONAL, S.L. no ser\u00e1 en ning\u00fan caso responsable de los da\u00f1os y perjuicios que pudieran derivarse de dicho acceso no autorizado.<\/p>\n<p style=\"padding-left: 40px;\">AFILIAGO INTERNATIONAL, S.L. no garantiza la inexistencia de interrupciones o errores en el acceso a la plataforma o a su contenido, ni que esta se encuentre actualizada, si bien se compromete a solucionarlo a la mayor brevedad.<\/p>\n<p style=\"padding-left: 40px;\">AFILIAGO INTERNATIONAL, S.L. se reserva el derecho a interrumpir el acceso a su plataforma o a cualquiera de sus contenidos en cualquier momento y sin necesidad de previo aviso.<\/p>\n<p><strong>J\/ Contenidos.<\/strong><\/p>\n<p style=\"padding-left: 40px;\">AFILIAGO INTERNATIONAL, S.L., no asume responsabilidad alguna derivada de los contenidos enlazados en la p\u00e1gina web, siempre que sean ajenos a la misma, ni garantiza la ausencia de virus u otros elementos en los mismos que puedan producir alteraciones en el sistema inform\u00e1tico, en los documentos o ficheros del usuario, excluyendo cualquier responsabilidad por los da\u00f1os de cualquier clase causados al usuario por este motivo.<\/p>\n<p style=\"padding-left: 40px;\">En caso de que alg\u00fan usuario o tercero, considerara que el contenido o los servicios prestados por las p\u00e1ginas enlazadas son il\u00edcitos o lesionan bienes o derechos del propio usuario o tercero, podr\u00e1 ponerlo en conocimiento de la empresa a la mayor brevedad.<\/p>\n<p style=\"padding-left: 40px;\">AFILIAGO INTERNATIONAL, S.L., se compromete a verificar y vigilar peri\u00f3dicamente sus contenidos e informaciones.<\/p>\n<p style=\"padding-left: 40px;\">AFILIAGO INTERNATIONAL, S.L., no se hace responsable en ning\u00fan caso del uso que los usuarios puedan hacer de la plataforma o sus contenidos, as\u00ed como de los da\u00f1os o perjuicios que se puedan derivar del mismo.<\/p>\n<p><strong>K\/ Propiedad de los contenidos de la plataforma.<\/strong><\/p>\n<p style=\"padding-left: 40px;\">AFILIAGO INTERNATIONAL, S.L. pone a disposici\u00f3n de los clientes\/usuarios o potenciales clientes\/usuarios su plataforma, si bien no atribuye a los mismos derechos alguno sobre las marcas, nombres comerciales, signos distintivos o dise\u00f1os de cualquier tipo que aparecen en la plataforma.<\/p>\n<p style=\"padding-left: 40px;\">Todos los contenidos de la plataforma est\u00e1n sometidos a propiedad industrial e intelectual, ya pertenezcan a AFILIAGO INTERNATIONAL, S.L. o a un tercero titular.<\/p>\n<p style=\"padding-left: 40px;\">AFILIAGO INTERNATIONAL, S.L., es titular del c\u00f3digo fuente, dise\u00f1o, estructura de navegaci\u00f3n, bases de datos y los distintos elementos de software de la plataforma, as\u00ed como de los derechos de propiedad industrial e intelectual referidos a los contenidos que en ella se incluyan.<\/p>\n<p>[\/vc_column_text][\/vc_column][\/vc_row]<\/p>\n","protected":false},"excerpt":{"rendered":"<p>[vc_row equal_height=&#8221;yes&#8221; content_placement=&#8221;middle&#8221; css=&#8221;.vc_custom_1556527403633{padding-top: 45px !important;padding-bottom: 45px !important;}&#8221;][vc_column][vc_column_text]A\/ Responsable del tratamiento: La plataforma AFILIAGO es&#8230;<\/p>\n","protected":false},"author":1,"featured_media":0,"parent":0,"menu_order":0,"comment_status":"closed","ping_status":"closed","template":"","meta":[],"yoast_head":"<!-- This site is optimized with the Yoast SEO plugin v20.6 - https:\/\/yoast.com\/wordpress\/plugins\/seo\/ -->\n<title>Legal notice and privacy - AfiliaGo.com<\/title>\n<meta name=\"description\" content=\"Legal and Privacy Policy. Objeto y aceptaci\u00f3n El presente aviso legal regula el uso del sitio web\" \/>\n<meta name=\"robots\" content=\"noindex, nofollow\" \/>\n<meta property=\"og:locale\" content=\"en_US\" \/>\n<meta property=\"og:type\" content=\"article\" \/>\n<meta property=\"og:title\" content=\"Legal notice and privacy - AfiliaGo.com\" \/>\n<meta property=\"og:description\" content=\"Legal and Privacy Policy. Objeto y aceptaci\u00f3n El presente aviso legal regula el uso del sitio web\" \/>\n<meta property=\"og:url\" content=\"https:\/\/afiliago.com\/en\/legal-notice-and-privacy\/\" \/>\n<meta property=\"og:site_name\" content=\"Plataforma de Marketing de afiliaci\u00f3n de apuestas deportivas\" \/>\n<meta property=\"article:publisher\" content=\"https:\/\/www.facebook.com\/afiliago\/\" \/>\n<meta property=\"article:modified_time\" content=\"2021-11-12T11:12:03+00:00\" \/>\n<meta name=\"twitter:card\" content=\"summary_large_image\" \/>\n<meta name=\"twitter:site\" content=\"@afiliago\" \/>\n<meta name=\"twitter:label1\" content=\"Est. reading time\" \/>\n\t<meta name=\"twitter:data1\" content=\"8 minutes\" \/>\n<script type=\"application\/ld+json\" class=\"yoast-schema-graph\">{\"@context\":\"https:\/\/schema.org\",\"@graph\":[{\"@type\":\"WebPage\",\"@id\":\"https:\/\/afiliago.com\/en\/legal-notice-and-privacy\/\",\"url\":\"https:\/\/afiliago.com\/en\/legal-notice-and-privacy\/\",\"name\":\"Legal notice and privacy - AfiliaGo.com\",\"isPartOf\":{\"@id\":\"https:\/\/afiliago.com\/en\/#website\"},\"datePublished\":\"2021-11-12T09:45:07+00:00\",\"dateModified\":\"2021-11-12T11:12:03+00:00\",\"description\":\"Legal and Privacy Policy. Objeto y aceptaci\u00f3n El presente aviso legal regula el uso del sitio web\",\"breadcrumb\":{\"@id\":\"https:\/\/afiliago.com\/en\/legal-notice-and-privacy\/#breadcrumb\"},\"inLanguage\":\"en-US\",\"potentialAction\":[{\"@type\":\"ReadAction\",\"target\":[\"https:\/\/afiliago.com\/en\/legal-notice-and-privacy\/\"]}]},{\"@type\":\"BreadcrumbList\",\"@id\":\"https:\/\/afiliago.com\/en\/legal-notice-and-privacy\/#breadcrumb\",\"itemListElement\":[{\"@type\":\"ListItem\",\"position\":1,\"name\":\"Portada\",\"item\":\"https:\/\/afiliago.com\/en\/\"},{\"@type\":\"ListItem\",\"position\":2,\"name\":\"Legal notice and privacy\"}]},{\"@type\":\"WebSite\",\"@id\":\"https:\/\/afiliago.com\/en\/#website\",\"url\":\"https:\/\/afiliago.com\/en\/\",\"name\":\"Plataforma de Marketing de afiliaci\u00f3n de apuestas deportivas\",\"description\":\"Plataforma de afiliaci\u00f3n de apuestas deportivas, casinos, finanzas y forex. Administra todas tus campa\u00f1as de afiliaci\u00f3n con AfiliaGo.com\",\"publisher\":{\"@id\":\"https:\/\/afiliago.com\/en\/#organization\"},\"potentialAction\":[{\"@type\":\"SearchAction\",\"target\":{\"@type\":\"EntryPoint\",\"urlTemplate\":\"https:\/\/afiliago.com\/en\/?s={search_term_string}\"},\"query-input\":\"required name=search_term_string\"}],\"inLanguage\":\"en-US\"},{\"@type\":\"Organization\",\"@id\":\"https:\/\/afiliago.com\/en\/#organization\",\"name\":\"AfiliaGo International, S.L.\",\"url\":\"https:\/\/afiliago.com\/en\/\",\"logo\":{\"@type\":\"ImageObject\",\"inLanguage\":\"en-US\",\"@id\":\"https:\/\/afiliago.com\/en\/#\/schema\/logo\/image\/\",\"url\":\"https:\/\/afiliago.com\/wp-content\/uploads\/logo-afiliago-color-mobile.svg\",\"contentUrl\":\"https:\/\/afiliago.com\/wp-content\/uploads\/logo-afiliago-color-mobile.svg\",\"width\":1,\"height\":1,\"caption\":\"AfiliaGo International, S.L.\"},\"image\":{\"@id\":\"https:\/\/afiliago.com\/en\/#\/schema\/logo\/image\/\"},\"sameAs\":[\"https:\/\/www.facebook.com\/afiliago\/\",\"https:\/\/twitter.com\/afiliago\",\"https:\/\/www.instagram.com\/afiliago\/\",\"https:\/\/www.youtube.com\/channel\/UCRr80RqBJvA9gDeNOuhbSgA\"]}]}<\/script>\n<!-- \/ Yoast SEO plugin. -->","yoast_head_json":{"title":"Legal notice and privacy - AfiliaGo.com","description":"Legal and Privacy Policy. Objeto y aceptaci\u00f3n El presente aviso legal regula el uso del sitio web","robots":{"index":"noindex","follow":"nofollow"},"og_locale":"en_US","og_type":"article","og_title":"Legal notice and privacy - AfiliaGo.com","og_description":"Legal and Privacy Policy. Objeto y aceptaci\u00f3n El presente aviso legal regula el uso del sitio web","og_url":"https:\/\/afiliago.com\/en\/legal-notice-and-privacy\/","og_site_name":"Plataforma de Marketing de afiliaci\u00f3n de apuestas deportivas","article_publisher":"https:\/\/www.facebook.com\/afiliago\/","article_modified_time":"2021-11-12T11:12:03+00:00","twitter_card":"summary_large_image","twitter_site":"@afiliago","twitter_misc":{"Est. reading time":"8 minutes"},"schema":{"@context":"https:\/\/schema.org","@graph":[{"@type":"WebPage","@id":"https:\/\/afiliago.com\/en\/legal-notice-and-privacy\/","url":"https:\/\/afiliago.com\/en\/legal-notice-and-privacy\/","name":"Legal notice and privacy - AfiliaGo.com","isPartOf":{"@id":"https:\/\/afiliago.com\/en\/#website"},"datePublished":"2021-11-12T09:45:07+00:00","dateModified":"2021-11-12T11:12:03+00:00","description":"Legal and Privacy Policy. Objeto y aceptaci\u00f3n El presente aviso legal regula el uso del sitio web","breadcrumb":{"@id":"https:\/\/afiliago.com\/en\/legal-notice-and-privacy\/#breadcrumb"},"inLanguage":"en-US","potentialAction":[{"@type":"ReadAction","target":["https:\/\/afiliago.com\/en\/legal-notice-and-privacy\/"]}]},{"@type":"BreadcrumbList","@id":"https:\/\/afiliago.com\/en\/legal-notice-and-privacy\/#breadcrumb","itemListElement":[{"@type":"ListItem","position":1,"name":"Portada","item":"https:\/\/afiliago.com\/en\/"},{"@type":"ListItem","position":2,"name":"Legal notice and privacy"}]},{"@type":"WebSite","@id":"https:\/\/afiliago.com\/en\/#website","url":"https:\/\/afiliago.com\/en\/","name":"Plataforma de Marketing de afiliaci\u00f3n de apuestas deportivas","description":"Plataforma de afiliaci\u00f3n de apuestas deportivas, casinos, finanzas y forex. Administra todas tus campa\u00f1as de afiliaci\u00f3n con AfiliaGo.com","publisher":{"@id":"https:\/\/afiliago.com\/en\/#organization"},"potentialAction":[{"@type":"SearchAction","target":{"@type":"EntryPoint","urlTemplate":"https:\/\/afiliago.com\/en\/?s={search_term_string}"},"query-input":"required name=search_term_string"}],"inLanguage":"en-US"},{"@type":"Organization","@id":"https:\/\/afiliago.com\/en\/#organization","name":"AfiliaGo International, S.L.","url":"https:\/\/afiliago.com\/en\/","logo":{"@type":"ImageObject","inLanguage":"en-US","@id":"https:\/\/afiliago.com\/en\/#\/schema\/logo\/image\/","url":"https:\/\/afiliago.com\/wp-content\/uploads\/logo-afiliago-color-mobile.svg","contentUrl":"https:\/\/afiliago.com\/wp-content\/uploads\/logo-afiliago-color-mobile.svg","width":1,"height":1,"caption":"AfiliaGo International, S.L."},"image":{"@id":"https:\/\/afiliago.com\/en\/#\/schema\/logo\/image\/"},"sameAs":["https:\/\/www.facebook.com\/afiliago\/","https:\/\/twitter.com\/afiliago","https:\/\/www.instagram.com\/afiliago\/","https:\/\/www.youtube.com\/channel\/UCRr80RqBJvA9gDeNOuhbSgA"]}]}},"_links":{"self":[{"href":"https:\/\/afiliago.com\/en\/wp-json\/wp\/v2\/pages\/7822"}],"collection":[{"href":"https:\/\/afiliago.com\/en\/wp-json\/wp\/v2\/pages"}],"about":[{"href":"https:\/\/afiliago.com\/en\/wp-json\/wp\/v2\/types\/page"}],"author":[{"embeddable":true,"href":"https:\/\/afiliago.com\/en\/wp-json\/wp\/v2\/users\/1"}],"replies":[{"embeddable":true,"href":"https:\/\/afiliago.com\/en\/wp-json\/wp\/v2\/comments?post=7822"}],"version-history":[{"count":0,"href":"https:\/\/afiliago.com\/en\/wp-json\/wp\/v2\/pages\/7822\/revisions"}],"wp:attachment":[{"href":"https:\/\/afiliago.com\/en\/wp-json\/wp\/v2\/media?parent=7822"}],"curies":[{"name":"wp","href":"https:\/\/api.w.org\/{rel}","templated":true}]}}