{"id":7768,"date":"2021-11-12T09:36:38","date_gmt":"2021-11-12T08:36:38","guid":{"rendered":"https:\/\/afiliago.com\/afiliago-commitment\/"},"modified":"2021-11-12T12:11:01","modified_gmt":"2021-11-12T11:11:01","slug":"afiliago-commitment","status":"publish","type":"page","link":"https:\/\/afiliago.com\/en\/afiliago-commitment\/","title":{"rendered":"AfiliaGo Commitment"},"content":{"rendered":"<p>[vc_row equal_height=&#8221;yes&#8221; content_placement=&#8221;middle&#8221; css=&#8221;.vc_custom_1556527462743{padding-top: 45px !important;padding-bottom: 45px !important;}&#8221;][vc_column]<style>.ld_section_title_69d8e1ad04990 h2{font-size:42px;font-weight:700;margin-bottom:1px !important;;}<\/style><header class=\"fancy-title ld_section_title_69d8e1ad04990\">\n\t<h2>AfiliaGo Commitment: Self-Control and Support<\/h2>\t\t<\/header>[vc_column_text]<\/p>\n<p style=\"text-align: justify;\">At AfiliaGo we understand the world of Gambling in general and betting in particular as <strong> a way to have fun.<\/strong> Therefore, we believe it is good to provide some advice on the self-control and limitations that one should set oneself when engaging in online gambling and gaming activities.<\/p>\n<p style=\"text-align: justify;\">On the basis that the world of gambling and chance is <strong>strictly forbidden for minors<\/strong>, we are going to give you some advice:<\/p>\n<p style=\"text-align: justify;\"><strong>1.-<\/strong> Treat sports betting and gambling as a hobby, not as a source of income or a substitute for a conventional job.<\/p>\n<p style=\"text-align: justify;\"><strong>2.-<\/strong> Set a starting Bank and play it safe. The Bank is the amount you estimate you can afford to play with and you should not make new deposits if you are committing other essential items in your personal budget. Remember that this is a game, so you should not contribute more money to the game than you &#8220;spare&#8221; for this particular leisure activity.<\/p>\n<p style=\"text-align: justify;\">We recommend that you set your Bank with a simple portion of your leisure budget in mind. We do not recommend that you forego other leisure activities such as travel, spending time with friends and family because you have spent time gambling.<\/p>\n<p style=\"text-align: justify;\"><strong>3.-<\/strong> Control your betting. Bet with low stakes that don&#8217;t compromise your Bank and you can take advantage of it to play more for less, as it is all about fun. If you bet with low stakes, your Bank will last longer and therefore you will have more fun for longer.<\/p>\n<p style=\"text-align: justify;\"><strong>4.-<\/strong> If you are spending too much money on gambling you should stop immediately.<\/p>\n<p style=\"text-align: justify;\"><strong>5.-<\/strong> If you notice that you are suffering from anxiety, compulsive gambling or feel the slightest sense of addiction to gambling, you should stop immediately.<\/p>\n<p style=\"text-align: justify;\"><strong>6.-<\/strong> Use your own money to gamble, never that of family, friends, moneylenders, etc.<\/p>\n<p style=\"text-align: justify;\"><strong>7.-<\/strong> The right attitude to gambling is one of moderation and responsibility. Avoid any compulsive behaviour and if you are unable to do so, seek help from any of the links provided below.<\/p>\n<p style=\"text-align: justify;\">In case you feel you need help to get rid of gambling, you can visit the following websites, where you will find useful information:<\/p>\n<ul style=\"text-align: justify;\">\n<li><a href=\"https:\/\/www.jugarbien.es\" class=\"broken_link\">jugarbien.es<\/a><\/li>\n<li><a href=\"https:\/\/www.ordenacionjuego.es\">ordenacionjuego.es<\/a><\/li>\n<\/ul>\n<p style=\"text-align: justify;\">In case you want to set drivers on your computer to prevent your children or other minors from accessing online gaming sites, we recommend the following ones<\/p>\n<ul style=\"text-align: justify;\">\n<li><a href=\"https:\/\/www.qustodio.com\">qustodio.com<\/a><\/li>\n<li><a href=\"https:\/\/www.netnanny.com\">netnanny.com<\/a><\/li>\n<\/ul>\n<p style=\"text-align: justify;\">For further information, you can email us at <a href=\"mailto:legal@afiliago.com\">legal@afiliago.com<\/a>or you can contact the Directorate General for the Regulation of Gambling directly on +34 915714080.<\/p>\n<p style=\"text-align: justify;\">Play responsibly.<\/p>\n<p style=\"text-align: justify;\"><strong>AfiliaGo Team.<\/strong><\/p>\n<p>[\/vc_column_text][\/vc_column][\/vc_row]<\/p>\n","protected":false},"excerpt":{"rendered":"<p>[vc_row equal_height=&#8221;yes&#8221; content_placement=&#8221;middle&#8221; css=&#8221;.vc_custom_1556527462743{padding-top: 45px !important;padding-bottom: 45px !important;}&#8221;][vc_column][vc_column_text] At AfiliaGo we understand the world of&#8230;<\/p>\n","protected":false},"author":1,"featured_media":0,"parent":0,"menu_order":0,"comment_status":"closed","ping_status":"closed","template":"","meta":[],"yoast_head":"<!-- This site is optimized with the Yoast SEO plugin v20.6 - https:\/\/yoast.com\/wordpress\/plugins\/seo\/ -->\n<title>AfiliaGo Commitment - AfiliaGo.com<\/title>\n<meta name=\"description\" content=\"At AfiliaGo we understand the world of Gambling in general and sports betting in particular as a way to have fun, that&#039;s why our commitment.\" \/>\n<meta name=\"robots\" content=\"noindex, nofollow\" \/>\n<meta property=\"og:locale\" content=\"en_US\" \/>\n<meta property=\"og:type\" content=\"article\" \/>\n<meta property=\"og:title\" content=\"AfiliaGo Commitment - AfiliaGo.com\" \/>\n<meta property=\"og:description\" content=\"At AfiliaGo we understand the world of Gambling in general and sports betting in particular as a way to have fun, that&#039;s why our commitment.\" \/>\n<meta property=\"og:url\" content=\"https:\/\/afiliago.com\/en\/afiliago-commitment\/\" \/>\n<meta property=\"og:site_name\" content=\"Plataforma de Marketing de afiliaci\u00f3n de apuestas deportivas\" \/>\n<meta property=\"article:publisher\" content=\"https:\/\/www.facebook.com\/afiliago\/\" \/>\n<meta property=\"article:modified_time\" content=\"2021-11-12T11:11:01+00:00\" \/>\n<meta name=\"twitter:card\" content=\"summary_large_image\" \/>\n<meta name=\"twitter:site\" content=\"@afiliago\" \/>\n<meta name=\"twitter:label1\" content=\"Est. reading time\" \/>\n\t<meta name=\"twitter:data1\" content=\"2 minutes\" \/>\n<script type=\"application\/ld+json\" class=\"yoast-schema-graph\">{\"@context\":\"https:\/\/schema.org\",\"@graph\":[{\"@type\":\"WebPage\",\"@id\":\"https:\/\/afiliago.com\/en\/afiliago-commitment\/\",\"url\":\"https:\/\/afiliago.com\/en\/afiliago-commitment\/\",\"name\":\"AfiliaGo Commitment - AfiliaGo.com\",\"isPartOf\":{\"@id\":\"https:\/\/afiliago.com\/en\/#website\"},\"datePublished\":\"2021-11-12T08:36:38+00:00\",\"dateModified\":\"2021-11-12T11:11:01+00:00\",\"description\":\"At AfiliaGo we understand the world of Gambling in general and sports betting in particular as a way to have fun, that's why our commitment.\",\"breadcrumb\":{\"@id\":\"https:\/\/afiliago.com\/en\/afiliago-commitment\/#breadcrumb\"},\"inLanguage\":\"en-US\",\"potentialAction\":[{\"@type\":\"ReadAction\",\"target\":[\"https:\/\/afiliago.com\/en\/afiliago-commitment\/\"]}]},{\"@type\":\"BreadcrumbList\",\"@id\":\"https:\/\/afiliago.com\/en\/afiliago-commitment\/#breadcrumb\",\"itemListElement\":[{\"@type\":\"ListItem\",\"position\":1,\"name\":\"Portada\",\"item\":\"https:\/\/afiliago.com\/en\/\"},{\"@type\":\"ListItem\",\"position\":2,\"name\":\"AfiliaGo Commitment\"}]},{\"@type\":\"WebSite\",\"@id\":\"https:\/\/afiliago.com\/en\/#website\",\"url\":\"https:\/\/afiliago.com\/en\/\",\"name\":\"Plataforma de Marketing de afiliaci\u00f3n de apuestas deportivas\",\"description\":\"Plataforma de afiliaci\u00f3n de apuestas deportivas, casinos, finanzas y forex. Administra todas tus campa\u00f1as de afiliaci\u00f3n con AfiliaGo.com\",\"publisher\":{\"@id\":\"https:\/\/afiliago.com\/en\/#organization\"},\"potentialAction\":[{\"@type\":\"SearchAction\",\"target\":{\"@type\":\"EntryPoint\",\"urlTemplate\":\"https:\/\/afiliago.com\/en\/?s={search_term_string}\"},\"query-input\":\"required name=search_term_string\"}],\"inLanguage\":\"en-US\"},{\"@type\":\"Organization\",\"@id\":\"https:\/\/afiliago.com\/en\/#organization\",\"name\":\"AfiliaGo International, S.L.\",\"url\":\"https:\/\/afiliago.com\/en\/\",\"logo\":{\"@type\":\"ImageObject\",\"inLanguage\":\"en-US\",\"@id\":\"https:\/\/afiliago.com\/en\/#\/schema\/logo\/image\/\",\"url\":\"https:\/\/afiliago.com\/wp-content\/uploads\/logo-afiliago-color-mobile.svg\",\"contentUrl\":\"https:\/\/afiliago.com\/wp-content\/uploads\/logo-afiliago-color-mobile.svg\",\"width\":1,\"height\":1,\"caption\":\"AfiliaGo International, S.L.\"},\"image\":{\"@id\":\"https:\/\/afiliago.com\/en\/#\/schema\/logo\/image\/\"},\"sameAs\":[\"https:\/\/www.facebook.com\/afiliago\/\",\"https:\/\/twitter.com\/afiliago\",\"https:\/\/www.instagram.com\/afiliago\/\",\"https:\/\/www.youtube.com\/channel\/UCRr80RqBJvA9gDeNOuhbSgA\"]}]}<\/script>\n<!-- \/ Yoast SEO plugin. -->","yoast_head_json":{"title":"AfiliaGo Commitment - AfiliaGo.com","description":"At AfiliaGo we understand the world of Gambling in general and sports betting in particular as a way to have fun, that's why our commitment.","robots":{"index":"noindex","follow":"nofollow"},"og_locale":"en_US","og_type":"article","og_title":"AfiliaGo Commitment - AfiliaGo.com","og_description":"At AfiliaGo we understand the world of Gambling in general and sports betting in particular as a way to have fun, that's why our commitment.","og_url":"https:\/\/afiliago.com\/en\/afiliago-commitment\/","og_site_name":"Plataforma de Marketing de afiliaci\u00f3n de apuestas deportivas","article_publisher":"https:\/\/www.facebook.com\/afiliago\/","article_modified_time":"2021-11-12T11:11:01+00:00","twitter_card":"summary_large_image","twitter_site":"@afiliago","twitter_misc":{"Est. reading time":"2 minutes"},"schema":{"@context":"https:\/\/schema.org","@graph":[{"@type":"WebPage","@id":"https:\/\/afiliago.com\/en\/afiliago-commitment\/","url":"https:\/\/afiliago.com\/en\/afiliago-commitment\/","name":"AfiliaGo Commitment - AfiliaGo.com","isPartOf":{"@id":"https:\/\/afiliago.com\/en\/#website"},"datePublished":"2021-11-12T08:36:38+00:00","dateModified":"2021-11-12T11:11:01+00:00","description":"At AfiliaGo we understand the world of Gambling in general and sports betting in particular as a way to have fun, that's why our commitment.","breadcrumb":{"@id":"https:\/\/afiliago.com\/en\/afiliago-commitment\/#breadcrumb"},"inLanguage":"en-US","potentialAction":[{"@type":"ReadAction","target":["https:\/\/afiliago.com\/en\/afiliago-commitment\/"]}]},{"@type":"BreadcrumbList","@id":"https:\/\/afiliago.com\/en\/afiliago-commitment\/#breadcrumb","itemListElement":[{"@type":"ListItem","position":1,"name":"Portada","item":"https:\/\/afiliago.com\/en\/"},{"@type":"ListItem","position":2,"name":"AfiliaGo Commitment"}]},{"@type":"WebSite","@id":"https:\/\/afiliago.com\/en\/#website","url":"https:\/\/afiliago.com\/en\/","name":"Plataforma de Marketing de afiliaci\u00f3n de apuestas deportivas","description":"Plataforma de afiliaci\u00f3n de apuestas deportivas, casinos, finanzas y forex. Administra todas tus campa\u00f1as de afiliaci\u00f3n con AfiliaGo.com","publisher":{"@id":"https:\/\/afiliago.com\/en\/#organization"},"potentialAction":[{"@type":"SearchAction","target":{"@type":"EntryPoint","urlTemplate":"https:\/\/afiliago.com\/en\/?s={search_term_string}"},"query-input":"required name=search_term_string"}],"inLanguage":"en-US"},{"@type":"Organization","@id":"https:\/\/afiliago.com\/en\/#organization","name":"AfiliaGo International, S.L.","url":"https:\/\/afiliago.com\/en\/","logo":{"@type":"ImageObject","inLanguage":"en-US","@id":"https:\/\/afiliago.com\/en\/#\/schema\/logo\/image\/","url":"https:\/\/afiliago.com\/wp-content\/uploads\/logo-afiliago-color-mobile.svg","contentUrl":"https:\/\/afiliago.com\/wp-content\/uploads\/logo-afiliago-color-mobile.svg","width":1,"height":1,"caption":"AfiliaGo International, S.L."},"image":{"@id":"https:\/\/afiliago.com\/en\/#\/schema\/logo\/image\/"},"sameAs":["https:\/\/www.facebook.com\/afiliago\/","https:\/\/twitter.com\/afiliago","https:\/\/www.instagram.com\/afiliago\/","https:\/\/www.youtube.com\/channel\/UCRr80RqBJvA9gDeNOuhbSgA"]}]}},"_links":{"self":[{"href":"https:\/\/afiliago.com\/en\/wp-json\/wp\/v2\/pages\/7768"}],"collection":[{"href":"https:\/\/afiliago.com\/en\/wp-json\/wp\/v2\/pages"}],"about":[{"href":"https:\/\/afiliago.com\/en\/wp-json\/wp\/v2\/types\/page"}],"author":[{"embeddable":true,"href":"https:\/\/afiliago.com\/en\/wp-json\/wp\/v2\/users\/1"}],"replies":[{"embeddable":true,"href":"https:\/\/afiliago.com\/en\/wp-json\/wp\/v2\/comments?post=7768"}],"version-history":[{"count":0,"href":"https:\/\/afiliago.com\/en\/wp-json\/wp\/v2\/pages\/7768\/revisions"}],"wp:attachment":[{"href":"https:\/\/afiliago.com\/en\/wp-json\/wp\/v2\/media?parent=7768"}],"curies":[{"name":"wp","href":"https:\/\/api.w.org\/{rel}","templated":true}]}}