{"id":7741,"date":"2021-11-11T12:56:08","date_gmt":"2021-11-11T11:56:08","guid":{"rendered":"https:\/\/afiliago.com\/contact\/"},"modified":"2024-05-27T11:03:12","modified_gmt":"2024-05-27T09:03:12","slug":"contact","status":"publish","type":"page","link":"https:\/\/afiliago.com\/en\/contact\/","title":{"rendered":"Contact"},"content":{"rendered":"<p>[vc_row equal_height=&#8221;yes&#8221; content_placement=&#8221;middle&#8221; css=&#8221;.vc_custom_1539259737019{background-color: #ffffff !important;}&#8221;][vc_column offset=&#8221;vc_col-lg-4 vc_col-md-6&#8243; css=&#8221;.vc_custom_1536744633956{padding-top: 90px !important;padding-bottom: 140px !important;}&#8221;]<style>.ld_section_title_6a024cd56a7f1 h2{font-size:42px;font-weight:700;margin-bottom:1px !important;;}<\/style><header class=\"fancy-title ld_section_title_6a024cd56a7f1\">\n\t<h2>Contact with AfiliaGo<\/h2>\t<p class=\"\">You can receive information about AfiliaGo or send us your questions. Don\u00b4t miss the opportunity to be one of the first on Internet that will change and improve the way you manage your affiliate productos.<\/p>\t<\/header><style>.ld_spacer_6a024cd56a9c1{height:45px;}<\/style>\n<div class=\"ld-empty-space ld_spacer_6a024cd56a9c1\"><span class=\"liquid_empty_space_inner\"><\/span><\/div>[vc_column_text]<!-- <span style=\"font-size: 12px; color: #808291; text-transform: uppercase; letter-spacing: 0.1em;\">TEL\u00c9FONO DE CONTACTO<\/span>\n<strong><span style=\"font-size: 24px; color: #181b31;\">(+34) 951 19 57 80<\/span><\/strong>\n-->[\/vc_column_text]<div class=\"wpforms-container wpforms-container-full wpforms-render-modern\" id=\"wpforms-11149\"><form id=\"wpforms-form-11149\" class=\"wpforms-validate wpforms-form wpforms-ajax-form\" data-formid=\"11149\" method=\"post\" enctype=\"multipart\/form-data\" action=\"\/en\/wp-json\/wp\/v2\/pages\/7741\" data-token=\"9637de5f4733e0082b47f5f4700bb1dc\" data-token-time=\"1778535637\"><noscript class=\"wpforms-error-noscript\">Please enable JavaScript in your browser to complete this form.<\/noscript><div class=\"wpforms-hidden\" id=\"wpforms-error-noscript\">Please enable JavaScript in your browser to complete this form.<\/div><div class=\"wpforms-field-container\"><div id=\"wpforms-11149-field_0-container\" class=\"wpforms-field wpforms-field-name\" data-field-id=\"0\"><label class=\"wpforms-field-label\" for=\"wpforms-11149-field_0\">Name and surname <span class=\"wpforms-required-label\" aria-hidden=\"true\">*<\/span><\/label><input type=\"text\" id=\"wpforms-11149-field_0\" class=\"wpforms-field-large wpforms-field-required\" name=\"wpforms[fields][0]\" aria-errormessage=\"wpforms-11149-field_0-error\" required><\/div><div id=\"wpforms-11149-field_1-container\" class=\"wpforms-field wpforms-field-email\" data-field-id=\"1\"><label class=\"wpforms-field-label\" for=\"wpforms-11149-field_1\">Email <span class=\"wpforms-required-label\" aria-hidden=\"true\">*<\/span><\/label><input type=\"email\" id=\"wpforms-11149-field_1\" class=\"wpforms-field-medium wpforms-field-required\" name=\"wpforms[fields][1]\" spellcheck=\"false\" aria-errormessage=\"wpforms-11149-field_1-error\" required><\/div><div id=\"wpforms-11149-field_3-container\" class=\"wpforms-field wpforms-field-number\" data-field-id=\"3\"><label class=\"wpforms-field-label\" for=\"wpforms-11149-field_3\">Phone <span class=\"wpforms-required-label\" aria-hidden=\"true\">*<\/span><\/label><input type=\"number\" id=\"wpforms-11149-field_3\" class=\"wpforms-field-large wpforms-field-required\" name=\"wpforms[fields][3]\" aria-errormessage=\"wpforms-11149-field_3-error\" required><\/div><div id=\"wpforms-11149-field_2-container\" class=\"wpforms-field wpforms-field-textarea\" data-field-id=\"2\"><label class=\"wpforms-field-label\" for=\"wpforms-11149-field_2\">How can we help you? <span class=\"wpforms-required-label\" aria-hidden=\"true\">*<\/span><\/label><textarea id=\"wpforms-11149-field_2\" class=\"wpforms-field-medium wpforms-field-required\" name=\"wpforms[fields][2]\" aria-errormessage=\"wpforms-11149-field_2-error\" required><\/textarea><\/div><div id=\"wpforms-11149-field_4-container\" class=\"wpforms-field wpforms-field-checkbox\" data-field-id=\"4\"><fieldset><legend class=\"wpforms-field-label\">Verification <span class=\"wpforms-required-label\" aria-hidden=\"true\">*<\/span><\/legend><ul id=\"wpforms-11149-field_4\" class=\"wpforms-field-required\"><li class=\"choice-1 depth-1\"><input type=\"checkbox\" id=\"wpforms-11149-field_4_1\" name=\"wpforms[fields][4][]\" value=\"Accept AfiliaGo&#039;s Privacy Policy\" aria-errormessage=\"wpforms-11149-field_4_1-error\" required ><label class=\"wpforms-field-label-inline\" for=\"wpforms-11149-field_4_1\">Accept AfiliaGo's Privacy Policy<\/label><\/li><li class=\"choice-2 depth-1\"><input type=\"checkbox\" id=\"wpforms-11149-field_4_2\" name=\"wpforms[fields][4][]\" value=\"Accept AfiliaGo&#039;s terms of use\" aria-errormessage=\"wpforms-11149-field_4_2-error\" required ><label class=\"wpforms-field-label-inline\" for=\"wpforms-11149-field_4_2\">Accept AfiliaGo's terms of use<\/label><\/li><\/ul><\/fieldset><\/div><\/div><!-- .wpforms-field-container --><div class=\"wpforms-recaptcha-container wpforms-is-recaptcha wpforms-is-recaptcha-type-v2\" ><div class=\"g-recaptcha\" data-sitekey=\"6Ldx2aAUAAAAACijJ-9M44QwivZRz4RB3wV1-1Ak\"><\/div><input type=\"text\" name=\"g-recaptcha-hidden\" class=\"wpforms-recaptcha-hidden\" style=\"position:absolute!important;clip:rect(0,0,0,0)!important;height:1px!important;width:1px!important;border:0!important;overflow:hidden!important;padding:0!important;margin:0!important;\" data-rule-recaptcha=\"1\"><\/div><div class=\"wpforms-submit-container\" ><input type=\"hidden\" name=\"wpforms[id]\" value=\"11149\"><input type=\"hidden\" name=\"page_title\" value=\"\"><input type=\"hidden\" name=\"page_url\" value=\"https:\/\/afiliago.com\/en\/wp-json\/wp\/v2\/pages\/7741\"><button type=\"submit\" name=\"wpforms[submit]\" id=\"wpforms-submit-11149\" class=\"wpforms-submit\" data-alt-text=\"Sending inquiry...\" data-submit-text=\"Send request\" aria-live=\"assertive\" value=\"wpforms-submit\">Send request<\/button><img src=\"https:\/\/afiliago.com\/wp-content\/plugins\/wpforms-lite\/assets\/images\/submit-spin.svg\" class=\"wpforms-submit-spinner\" style=\"display: none;\" width=\"26\" height=\"26\" alt=\"Loading\"><\/div><\/form><\/div>  <!-- .wpforms-container -->[\/vc_column][vc_column offset=&#8221;vc_col-lg-offset-2 vc_col-lg-6 vc_col-md-6&#8243; responsive_css=&#8221;margin_right_medium:-21vw&#8221;]<style>.ld_google_map_6a024cd56b0e2 .map_marker, .ld_google_map_6a024cd56b0e2 .map_marker > div{background:#2e6090;}<\/style><div class=\"ld-gmap-container ld_google_map_6a024cd56b0e2\" id=\"ld_google_map_6a024cd56b0e2\" style=\"height: 900px\">\n\n\t<div class=\"ld-gmap\" data-plugin-map=\"true\" data-plugin-options='{\"style\":\"blueEssence\",\"address\":\"Av. C\\u00e1ndido Lobera, 5, 52001 Melilla\",\"marker\":\"https:\\\/\\\/afiliago.com\\\/wp-content\\\/plugins\\\/ave-core\\\/assets\\\/img\\\/markers\\\/map-pin.svg\",\"markers\":null,\"map\":{\"zoom\":15,\"mapTypeId\":\"roadmap\",\"fullscreenControl\":true},\"marker_option\":\"html\",\"className\":\"map_marker\"}'><\/div>\n\n<\/div>[\/vc_column][\/vc_row]<\/p>\n","protected":false},"excerpt":{"rendered":"<p>[vc_row equal_height=&#8221;yes&#8221; content_placement=&#8221;middle&#8221; css=&#8221;.vc_custom_1539259737019{background-color: #ffffff !important;}&#8221;][vc_column offset=&#8221;vc_col-lg-4 vc_col-md-6&#8243; css=&#8221;.vc_custom_1536744633956{padding-top: 90px !important;padding-bottom: 140px !important;}&#8221;][vc_column_text][\/vc_column_text][\/vc_column][vc_column offset=&#8221;vc_col-lg-offset-2 vc_col-lg-6&#8230;<\/p>\n","protected":false},"author":1,"featured_media":0,"parent":0,"menu_order":0,"comment_status":"closed","ping_status":"closed","template":"","meta":[],"yoast_head":"<!-- This site is optimized with the Yoast SEO plugin v20.6 - https:\/\/yoast.com\/wordpress\/plugins\/seo\/ -->\n<title>Contact with AfiliaGo. We listen to you! - AfiliaGo.com<\/title>\n<meta name=\"description\" content=\"Contact with AfiliaGo. Do you have a question? We look forward to hearing from you and to receiving your suggestions for improving our platform.\" \/>\n<meta name=\"robots\" content=\"index, follow, max-snippet:-1, max-image-preview:large, max-video-preview:-1\" \/>\n<link rel=\"canonical\" href=\"https:\/\/afiliago.com\/en\/contact\/\" \/>\n<meta property=\"og:locale\" content=\"en_US\" \/>\n<meta property=\"og:type\" content=\"article\" \/>\n<meta property=\"og:title\" content=\"Contact with AfiliaGo. We listen to you! - AfiliaGo.com\" \/>\n<meta property=\"og:description\" content=\"Contact with AfiliaGo. Do you have a question? We look forward to hearing from you and to receiving your suggestions for improving our platform.\" \/>\n<meta property=\"og:url\" content=\"https:\/\/afiliago.com\/en\/contact\/\" \/>\n<meta property=\"og:site_name\" content=\"Plataforma de Marketing de afiliaci\u00f3n de apuestas deportivas\" \/>\n<meta property=\"article:publisher\" content=\"https:\/\/www.facebook.com\/afiliago\/\" \/>\n<meta property=\"article:modified_time\" content=\"2024-05-27T09:03:12+00:00\" \/>\n<meta name=\"twitter:card\" content=\"summary_large_image\" \/>\n<meta name=\"twitter:site\" content=\"@afiliago\" \/>\n<meta name=\"twitter:label1\" content=\"Est. reading time\" \/>\n\t<meta name=\"twitter:data1\" content=\"1 minute\" \/>\n<script type=\"application\/ld+json\" class=\"yoast-schema-graph\">{\"@context\":\"https:\/\/schema.org\",\"@graph\":[{\"@type\":\"WebPage\",\"@id\":\"https:\/\/afiliago.com\/en\/contact\/\",\"url\":\"https:\/\/afiliago.com\/en\/contact\/\",\"name\":\"Contact with AfiliaGo. We listen to you! - AfiliaGo.com\",\"isPartOf\":{\"@id\":\"https:\/\/afiliago.com\/en\/#website\"},\"datePublished\":\"2021-11-11T11:56:08+00:00\",\"dateModified\":\"2024-05-27T09:03:12+00:00\",\"description\":\"Contact with AfiliaGo. Do you have a question? We look forward to hearing from you and to receiving your suggestions for improving our platform.\",\"breadcrumb\":{\"@id\":\"https:\/\/afiliago.com\/en\/contact\/#breadcrumb\"},\"inLanguage\":\"en-US\",\"potentialAction\":[{\"@type\":\"ReadAction\",\"target\":[\"https:\/\/afiliago.com\/en\/contact\/\"]}]},{\"@type\":\"BreadcrumbList\",\"@id\":\"https:\/\/afiliago.com\/en\/contact\/#breadcrumb\",\"itemListElement\":[{\"@type\":\"ListItem\",\"position\":1,\"name\":\"Portada\",\"item\":\"https:\/\/afiliago.com\/en\/\"},{\"@type\":\"ListItem\",\"position\":2,\"name\":\"Contact\"}]},{\"@type\":\"WebSite\",\"@id\":\"https:\/\/afiliago.com\/en\/#website\",\"url\":\"https:\/\/afiliago.com\/en\/\",\"name\":\"Plataforma de Marketing de afiliaci\u00f3n de apuestas deportivas\",\"description\":\"Plataforma de afiliaci\u00f3n de apuestas deportivas, casinos, finanzas y forex. Administra todas tus campa\u00f1as de afiliaci\u00f3n con AfiliaGo.com\",\"publisher\":{\"@id\":\"https:\/\/afiliago.com\/en\/#organization\"},\"potentialAction\":[{\"@type\":\"SearchAction\",\"target\":{\"@type\":\"EntryPoint\",\"urlTemplate\":\"https:\/\/afiliago.com\/en\/?s={search_term_string}\"},\"query-input\":\"required name=search_term_string\"}],\"inLanguage\":\"en-US\"},{\"@type\":\"Organization\",\"@id\":\"https:\/\/afiliago.com\/en\/#organization\",\"name\":\"AfiliaGo International, S.L.\",\"url\":\"https:\/\/afiliago.com\/en\/\",\"logo\":{\"@type\":\"ImageObject\",\"inLanguage\":\"en-US\",\"@id\":\"https:\/\/afiliago.com\/en\/#\/schema\/logo\/image\/\",\"url\":\"https:\/\/afiliago.com\/wp-content\/uploads\/logo-afiliago-color-mobile.svg\",\"contentUrl\":\"https:\/\/afiliago.com\/wp-content\/uploads\/logo-afiliago-color-mobile.svg\",\"width\":1,\"height\":1,\"caption\":\"AfiliaGo International, S.L.\"},\"image\":{\"@id\":\"https:\/\/afiliago.com\/en\/#\/schema\/logo\/image\/\"},\"sameAs\":[\"https:\/\/www.facebook.com\/afiliago\/\",\"https:\/\/twitter.com\/afiliago\",\"https:\/\/www.instagram.com\/afiliago\/\",\"https:\/\/www.youtube.com\/channel\/UCRr80RqBJvA9gDeNOuhbSgA\"]}]}<\/script>\n<!-- \/ Yoast SEO plugin. -->","yoast_head_json":{"title":"Contact with AfiliaGo. We listen to you! - AfiliaGo.com","description":"Contact with AfiliaGo. Do you have a question? We look forward to hearing from you and to receiving your suggestions for improving our platform.","robots":{"index":"index","follow":"follow","max-snippet":"max-snippet:-1","max-image-preview":"max-image-preview:large","max-video-preview":"max-video-preview:-1"},"canonical":"https:\/\/afiliago.com\/en\/contact\/","og_locale":"en_US","og_type":"article","og_title":"Contact with AfiliaGo. We listen to you! - AfiliaGo.com","og_description":"Contact with AfiliaGo. Do you have a question? We look forward to hearing from you and to receiving your suggestions for improving our platform.","og_url":"https:\/\/afiliago.com\/en\/contact\/","og_site_name":"Plataforma de Marketing de afiliaci\u00f3n de apuestas deportivas","article_publisher":"https:\/\/www.facebook.com\/afiliago\/","article_modified_time":"2024-05-27T09:03:12+00:00","twitter_card":"summary_large_image","twitter_site":"@afiliago","twitter_misc":{"Est. reading time":"1 minute"},"schema":{"@context":"https:\/\/schema.org","@graph":[{"@type":"WebPage","@id":"https:\/\/afiliago.com\/en\/contact\/","url":"https:\/\/afiliago.com\/en\/contact\/","name":"Contact with AfiliaGo. We listen to you! - AfiliaGo.com","isPartOf":{"@id":"https:\/\/afiliago.com\/en\/#website"},"datePublished":"2021-11-11T11:56:08+00:00","dateModified":"2024-05-27T09:03:12+00:00","description":"Contact with AfiliaGo. Do you have a question? We look forward to hearing from you and to receiving your suggestions for improving our platform.","breadcrumb":{"@id":"https:\/\/afiliago.com\/en\/contact\/#breadcrumb"},"inLanguage":"en-US","potentialAction":[{"@type":"ReadAction","target":["https:\/\/afiliago.com\/en\/contact\/"]}]},{"@type":"BreadcrumbList","@id":"https:\/\/afiliago.com\/en\/contact\/#breadcrumb","itemListElement":[{"@type":"ListItem","position":1,"name":"Portada","item":"https:\/\/afiliago.com\/en\/"},{"@type":"ListItem","position":2,"name":"Contact"}]},{"@type":"WebSite","@id":"https:\/\/afiliago.com\/en\/#website","url":"https:\/\/afiliago.com\/en\/","name":"Plataforma de Marketing de afiliaci\u00f3n de apuestas deportivas","description":"Plataforma de afiliaci\u00f3n de apuestas deportivas, casinos, finanzas y forex. Administra todas tus campa\u00f1as de afiliaci\u00f3n con AfiliaGo.com","publisher":{"@id":"https:\/\/afiliago.com\/en\/#organization"},"potentialAction":[{"@type":"SearchAction","target":{"@type":"EntryPoint","urlTemplate":"https:\/\/afiliago.com\/en\/?s={search_term_string}"},"query-input":"required name=search_term_string"}],"inLanguage":"en-US"},{"@type":"Organization","@id":"https:\/\/afiliago.com\/en\/#organization","name":"AfiliaGo International, S.L.","url":"https:\/\/afiliago.com\/en\/","logo":{"@type":"ImageObject","inLanguage":"en-US","@id":"https:\/\/afiliago.com\/en\/#\/schema\/logo\/image\/","url":"https:\/\/afiliago.com\/wp-content\/uploads\/logo-afiliago-color-mobile.svg","contentUrl":"https:\/\/afiliago.com\/wp-content\/uploads\/logo-afiliago-color-mobile.svg","width":1,"height":1,"caption":"AfiliaGo International, S.L."},"image":{"@id":"https:\/\/afiliago.com\/en\/#\/schema\/logo\/image\/"},"sameAs":["https:\/\/www.facebook.com\/afiliago\/","https:\/\/twitter.com\/afiliago","https:\/\/www.instagram.com\/afiliago\/","https:\/\/www.youtube.com\/channel\/UCRr80RqBJvA9gDeNOuhbSgA"]}]}},"_links":{"self":[{"href":"https:\/\/afiliago.com\/en\/wp-json\/wp\/v2\/pages\/7741"}],"collection":[{"href":"https:\/\/afiliago.com\/en\/wp-json\/wp\/v2\/pages"}],"about":[{"href":"https:\/\/afiliago.com\/en\/wp-json\/wp\/v2\/types\/page"}],"author":[{"embeddable":true,"href":"https:\/\/afiliago.com\/en\/wp-json\/wp\/v2\/users\/1"}],"replies":[{"embeddable":true,"href":"https:\/\/afiliago.com\/en\/wp-json\/wp\/v2\/comments?post=7741"}],"version-history":[{"count":0,"href":"https:\/\/afiliago.com\/en\/wp-json\/wp\/v2\/pages\/7741\/revisions"}],"wp:attachment":[{"href":"https:\/\/afiliago.com\/en\/wp-json\/wp\/v2\/media?parent=7741"}],"curies":[{"name":"wp","href":"https:\/\/api.w.org\/{rel}","templated":true}]}}