{"id":7732,"date":"2021-11-11T12:50:45","date_gmt":"2021-11-11T11:50:45","guid":{"rendered":"https:\/\/afiliago.com\/what-is-designgo\/"},"modified":"2022-02-09T10:22:27","modified_gmt":"2022-02-09T09:22:27","slug":"what-is-designgo","status":"publish","type":"page","link":"https:\/\/afiliago.com\/en\/what-is-designgo\/","title":{"rendered":"What is DesignGo?"},"content":{"rendered":"<p>[vc_row enable_content_animation=&#8221;yes&#8221; ca_init_scale_x=&#8221;1&#8243; ca_init_scale_y=&#8221;1&#8243; ca_init_scale_z=&#8221;1&#8243; ca_init_opacity=&#8221;0&#8243; ca_an_scale_x=&#8221;1&#8243; ca_an_scale_y=&#8221;1&#8243; ca_an_scale_z=&#8221;1&#8243; ca_an_opacity=&#8221;1&#8243; css=&#8221;.vc_custom_1556538810857{padding-top: 45px !important;padding-bottom: 30px !important;}&#8221; ca_init_translate_y=&#8221;39&#8243;][vc_column][vc_empty_space height=&#8221;15px&#8221;]<style>.ld_fancy_heading_69e551cf94732 h3{font-size:36px;line-height:1.20em;color:rgb(0, 0, 0);}.ld_fancy_heading_69e551cf94732 .lqd-highlight-inner{height:0.275em;bottom:0px;}<\/style><div class=\"ld-fancy-heading mask-text text-center ld_fancy_heading_69e551cf94732\">\n\t<h3 class=\"lqd-highlight-underline lqd-highlight-grow-left\" data-split-text=\"true\" data-custom-animations=\"true\" data-ca-options='{\"triggerHandler\":\"inview\",\"animationTarget\":\".lqd-lines .split-inner\",\"duration\":\"600\",\"delay\":\"180\",\"easing\":\"easeOutQuint\",\"direction\":\"forward\",\"initValues\":{\"translateY\":60},\"animations\":{\"translateY\":0}}' data-split-options='{\"type\":\"lines\"}'><span class=\"ld-fh-txt\"> We know that <strong>graphic design is a very important element.<\/strong><\/span><\/h3><\/div><style>.ld_fancy_heading_69e551cf94a80 p{font-size:16px;line-height:1.85em;color:rgb(128, 130, 145);}.ld_fancy_heading_69e551cf94a80 .lqd-highlight-inner{height:0.275em;bottom:0px;}<\/style><div class=\"ld-fancy-heading text-center ld_fancy_heading_69e551cf94a80\">\n\t<p class=\"lqd-highlight-underline lqd-highlight-grow-left\" data-split-text=\"true\" data-custom-animations=\"true\" data-ca-options='{\"triggerHandler\":\"inview\",\"animationTarget\":\".lqd-lines .split-inner\",\"duration\":\"600\",\"delay\":\"180\",\"easing\":\"easeOutQuint\",\"direction\":\"forward\",\"initValues\":{\"translateY\":28,\"rotateZ\":2,\"opacity\":0},\"animations\":{\"translateY\":0,\"rotateZ\":0,\"opacity\":1}}' data-split-options='{\"type\":\"lines\"}'><span class=\"ld-fh-txt\"> The design of your social media and\/or website is everything in the world of affiliation, and a good image is a very important element to avoid the failure and a bad image of the product you are offering.<\/span><\/p><\/div>[vc_empty_space height=&#8221;10px&#8221;][\/vc_column][\/vc_row][vc_row enable_content_animation=&#8221;yes&#8221; ca_init_scale_x=&#8221;1&#8243; ca_init_scale_y=&#8221;1&#8243; ca_init_scale_z=&#8221;1&#8243; ca_init_opacity=&#8221;0&#8243; ca_an_scale_x=&#8221;1&#8243; ca_an_scale_y=&#8221;1&#8243; ca_an_scale_z=&#8221;1&#8243; ca_an_opacity=&#8221;1&#8243; ca_init_translate_y=&#8221;55&#8243; ca_start_delay=&#8221;500&#8243;][vc_column width=&#8221;1\/2&#8243;]<style>.ld_fancy_heading_69e551cf94c89 p{font-size:16px;line-height:1.85em;color:rgb(128, 130, 145);}.ld_fancy_heading_69e551cf94c89 .lqd-highlight-inner{height:0.275em;bottom:0px;}<\/style><div class=\"ld-fancy-heading text-center ld_fancy_heading_69e551cf94c89\">\n\t<p class=\"lqd-highlight-underline lqd-highlight-grow-left\" data-split-text=\"true\" data-custom-animations=\"true\" data-ca-options='{\"triggerHandler\":\"inview\",\"animationTarget\":\".lqd-lines .split-inner\",\"duration\":\"1200\",\"startDelay\":\"1800\",\"delay\":\"180\",\"easing\":\"easeOutQuint\",\"direction\":\"forward\",\"initValues\":{\"translateY\":28,\"rotateZ\":2,\"opacity\":0},\"animations\":{\"translateY\":0,\"rotateZ\":0,\"opacity\":1}}' data-split-options='{\"type\":\"lines\"}'><span class=\"ld-fh-txt\"> <\/p>\n<p style=\"text-align: justify\">For this reason, at AfiliaGo we have exclusively created the DesignGo tool, with which you can create your own designs easily, quickly and free of charge.<\/p>\n<p style=\"text-align: justify\">DesignGo offers you the possibility of using a whole battery of elements that are necessary to generate a good design, such as different backgrounds, typefaces, colours, shields, photographs, players and many other variables with which to achieve really impressive designs.<\/p>\n<p><\/span><\/p><\/div>[\/vc_column][vc_column width=&#8221;1\/2&#8243;]<style>.ld_fancy_heading_69e551cf94ecb p{font-size:16px;line-height:1.85em;color:rgb(128, 130, 145);}.ld_fancy_heading_69e551cf94ecb .lqd-highlight-inner{height:0.275em;bottom:0px;}<\/style><div class=\"ld-fancy-heading text-center ld_fancy_heading_69e551cf94ecb\">\n\t<p class=\"lqd-highlight-underline lqd-highlight-grow-left\" data-split-text=\"true\" data-custom-animations=\"true\" data-ca-options='{\"triggerHandler\":\"inview\",\"animationTarget\":\".lqd-lines .split-inner\",\"duration\":\"1200\",\"startDelay\":\"1800\",\"delay\":\"180\",\"easing\":\"easeOutQuint\",\"direction\":\"forward\",\"initValues\":{\"translateY\":28,\"rotateZ\":2,\"opacity\":0},\"animations\":{\"translateY\":0,\"rotateZ\":0,\"opacity\":1}}' data-split-options='{\"type\":\"lines\"}'><span class=\"ld-fh-txt\"> <\/p>\n<p style=\"text-align: justify\">In addition, the DesignGo tool consists of several levels, when the affiliate reaches a higher level, DesignGo offers more resources and variables with which to make their designs in a totally exclusive and differential way.<\/p>\n<p style=\"text-align: justify\">If you have any questions about how DesignGo works, please contact us at <a href=\"mailto:soporte@afiliago.com\">soporte@afiliago.com<\/a>.<\/p>\n<p><\/span><\/p><\/div>[\/vc_column][\/vc_row][vc_row full_height=&#8221;yes&#8221; enable_content_animation=&#8221;yes&#8221; ca_init_scale_x=&#8221;1&#8243; ca_init_scale_y=&#8221;1&#8243; ca_init_scale_z=&#8221;1&#8243; ca_init_opacity=&#8221;0&#8243; ca_an_scale_x=&#8221;1&#8243; ca_an_scale_y=&#8221;1&#8243; ca_an_scale_z=&#8221;1&#8243; ca_an_opacity=&#8221;1&#8243; css=&#8221;.vc_custom_1566889523263{padding-top: 45px !important;padding-bottom: 30px !important;}&#8221; ca_init_translate_y=&#8221;39&#8243;][vc_column][vc_gallery type=&#8221;image_grid&#8221; images=&#8221;4769,4771,4772,4776,4777,4778,4781,4783,4785,4786&#8243; img_size=&#8221;360&#215;360&#8243; css_animation=&#8221;fadeIn&#8221; title=&#8221;Customise your designs with DesignGo!&#8221;][vc_empty_space height=&#8221;45px&#8221;][\/vc_column][\/vc_row][vc_row enable_content_animation=&#8221;yes&#8221; ca_init_scale_x=&#8221;1&#8243; ca_init_scale_y=&#8221;1&#8243; ca_init_scale_z=&#8221;1&#8243; ca_init_opacity=&#8221;0&#8243; ca_an_scale_x=&#8221;1&#8243; ca_an_scale_y=&#8221;1&#8243; ca_an_scale_z=&#8221;1&#8243; ca_an_opacity=&#8221;1&#8243; css=&#8221;.vc_custom_1573727938909{padding-top: 45px !important;padding-bottom: 30px !important;}&#8221; ca_init_translate_y=&#8221;46&#8243; ca_duration=&#8221;1200&#8243; ca_delay=&#8221;1501&#8243; ca_init_translate_x=&#8221;1&#8243;][vc_column width=&#8221;5\/6&#8243; offset=&#8221;vc_col-md-6&#8243;]<div id=\"ld_testimonial_69e551cf9508c\" class=\"testimonial testimonial-quote-indented testimonial-details-top text-left testimonial-details-xl ld_testimonial_69e551cf9508c\">\n\t\n\t<div class=\"testimonial-quote\">\n\t\t<blockquote><p><em><span style=\"font-size: 20px; line-height: 1.15em;\">&#8220;The DesignGo tool is very good, very simple and useful. I make challenges and design the bets to my liking, it really helps me as a Tipster&#8221;.<\/span><\/em><\/p>\n<\/blockquote>\t<\/div><!-- \/.testimonial-qoute -->\n\n\t<div class=\"testimonial-details\">\n\t\t<figure class=\"avatar \"><img src=\"https:\/\/afiliago.com\/wp-content\/uploads\/nick-merlina-apuestas.png\" alt=\"Merl\u00edn Apuestas\" \/><\/figure>\t\t<div class=\"testimonial-info\">\n\t\t\t<h5 >Merl\u00edn Apuestas<\/h5>\t\t\t<h6 class=\"font-weight-normal text-uppercase ltr-sp-1\">Tipster<\/h6>\t\t<\/div><!-- \/.testimonial-info -->\n\t\t\n\t\n\t<\/div><!-- \/.testimonial-details -->\n\t\t\t<time class=\"text-uppercase ltr-sp-1 size-sm\">Noviembre, 2019<\/time>\t\n<\/div><!-- \/.testimonial -->[\/vc_column][vc_column width=&#8221;5\/6&#8243; offset=&#8221;vc_col-md-6&#8243;]<div id=\"ld_testimonial_69e551cf9541f\" class=\"testimonial testimonial-quote-indented testimonial-details-top text-left testimonial-details-xl ld_testimonial_69e551cf9541f\">\n\t\n\t<div class=\"testimonial-quote\">\n\t\t<blockquote><p><em><span style=\"font-size: 20px; line-height: 1.15em;\">&#8220;I use DesignGo to make the designs of my picks and at the same time gain a lot of followers, excellent tool, highly recommended.&#8221;<\/span><\/em><\/p>\n<\/blockquote>\t<\/div><!-- \/.testimonial-qoute -->\n\n\t<div class=\"testimonial-details\">\n\t\t<figure class=\"avatar \"><img src=\"https:\/\/afiliago.com\/wp-content\/uploads\/LOGOTIPO-WAPUESTAS.png\" alt=\"WApuestas\" \/><\/figure>\t\t<div class=\"testimonial-info\">\n\t\t\t<h5 >WApuestas<\/h5>\t\t\t<h6 class=\"font-weight-normal text-uppercase ltr-sp-1\">Tipster<\/h6>\t\t<\/div><!-- \/.testimonial-info -->\n\t\t\n\t\n\t<\/div><!-- \/.testimonial-details -->\n\t\t\t<time class=\"text-uppercase ltr-sp-1 size-sm\">Enero, 2020<\/time>\t\n<\/div><!-- \/.testimonial -->[\/vc_column][\/vc_row][vc_row parallax=&#8221;enable_parallax&#8221; bg_position=&#8221;center center&#8221; css=&#8221;.vc_custom_1556548600197{margin-top: 40px !important;padding-top: 110px !important;padding-bottom: 60px !important;background-image: url(https:\/\/afiliago.com\/wp-content\/uploads\/bnn-registro.jpg?id=4613) !important;}&#8221;][vc_column width=&#8221;5\/6&#8243; enable_content_animation=&#8221;yes&#8221; ca_init_scale_x=&#8221;1&#8243; ca_init_scale_y=&#8221;1&#8243; ca_init_scale_z=&#8221;1&#8243; ca_init_opacity=&#8221;0&#8243; ca_an_scale_x=&#8221;1&#8243; ca_an_scale_y=&#8221;1&#8243; ca_an_scale_z=&#8221;1&#8243; ca_an_opacity=&#8221;1&#8243; align=&#8221;text-center&#8221; offset=&#8221;vc_col-md-offset-2 vc_col-md-8 vc_col-sm-offset-1&#8243; ca_init_translate_y=&#8221;52&#8243; ca_init_translate_x=&#8221;0&#8243; ca_duration=&#8221;1200&#8243; ca_delay=&#8221;160&#8243; ca_init_translate_z=&#8221;-142&#8243; ca_init_rotate_x=&#8221;-64&#8243;][vc_single_image image=&#8221;4435&#8243; img_size=&#8221;348&#215;142&#8243; alignment=&#8221;center&#8221;]<style>.ld_fancy_heading_69e551cf9577f p{font-size:24px;line-height:1.25em;color:rgb(255, 255, 255);}@media (min-width: 992px) { .ld_fancy_heading_69e551cf9577f p {margin-right:5% !important; margin-left:5% !important;  }  } .ld_fancy_heading_69e551cf9577f .lqd-highlight-inner{height:0.275em;bottom:0px;}@media (min-width: 992px) { .ld_fancy_heading_69e551cf9577f p {margin-right:5% !important; margin-left:5% !important;  }  } <\/style><div class=\"ld-fancy-heading ld_fancy_heading_69e551cf9577f\">\n\t<p class=\"lqd-highlight-underline lqd-highlight-grow-left\" data-split-text=\"true\" data-custom-animations=\"true\" data-ca-options='{\"triggerHandler\":\"inview\",\"animationTarget\":\".lqd-lines .split-inner\",\"duration\":700,\"delay\":100,\"easing\":\"easeOutQuint\",\"direction\":\"forward\",\"initValues\":{\"scale\":1},\"animations\":{\"scale\":1}}' data-split-options='{\"type\":\"lines\"}'><span class=\"ld-fh-txt\"> Let\u00b4s try our graphic design of banners, bets and images for your social media profiles. With DesignGo you can give a professional appearance to your social media.<\/span><\/p><\/div>[vc_empty_space height=&#8221;20px&#8221;]<style>.ld_button_69e551cf95979.btn-icon-solid .btn-icon{background:rgb(255, 255, 255);}.ld_button_69e551cf95979.btn-icon-circle.btn-icon-ripple .btn-icon:before{border-color:rgb(255, 255, 255);}.ld_button_69e551cf95979{background-color:rgb(255, 255, 255);border-color:rgb(255, 255, 255);color:#539f84;font-size:16px !important;font-weight:700 !important;letter-spacing:0.05em !important;}.ld_button_69e551cf95979 .btn-gradient-bg{background:-webkit-linear-gradient(to right, rgb(255, 255, 255) 0%, rgb(255, 255, 255) 100%);background:linear-gradient(to right, rgb(255, 255, 255) 0%, rgb(255, 255, 255) 100%);}.ld_button_69e551cf95979 .btn-gradient-border defs stop:first-child{stop-color:rgb(255, 255, 255);}.ld_button_69e551cf95979 .btn-gradient-border defs stop:last-child{stop-color:rgb(255, 255, 255);}.ld_button_69e551cf95979:hover{color:rgb(83, 159, 132);}<\/style><a href=\"https:\/\/app.afiliago.com\/registro\" class=\"btn btn-solid text-uppercase circle btn-bordered border-thin btn-gradient ld_button_69e551cf95979\">\n\t<span>\n\t<span class=\"btn-gradient-bg\"><\/span>\t\n\t\t\t\t\t<span class=\"btn-txt\">PRU\u00c9BAME<\/span>\n\t\t\t\n\t\t<span class=\"btn-gradient-bg btn-gradient-bg-hover\"><\/span>\t<svg xmlns=\"http:\/\/www.w3.org\/2000\/svg\" xmlns:xlink=\"http:\/\/www.w3.org\/1999\/xlink\" xml:space=\"preserve\" class=\"btn-gradient-border\" width=\"100%\" height=\"100%\">\n\t\t\t      <defs>\n\t\t\t        <linearGradient id=\"svg-border-69e551cf96182\" x1=\"0%\" y1=\"0%\" x2=\"100%\" y2=\"0%\">\n\t\t\t          <stop offset=\"0%\" \/>\n\t\t\t          <stop offset=\"100%\" \/>\n\t\t\t        <\/linearGradient>\n\t\t\t      <\/defs>\n\t\t\t      <rect x=\"0.5\" y=\"0.5\" rx=\"17%\" ry=\"50%\" width=\"100%\" height=\"100%\" stroke=\"url(#svg-border-69e551cf96182)\"\/>\n\t\t\t    <\/svg>\t<\/span>\n<\/a>\n[\/vc_column][\/vc_row][vc_row][vc_column][vc_empty_space height=&#8221;50px&#8221;][\/vc_column][\/vc_row]<\/p>\n","protected":false},"excerpt":{"rendered":"<p>[vc_row enable_content_animation=&#8221;yes&#8221; ca_init_scale_x=&#8221;1&#8243; ca_init_scale_y=&#8221;1&#8243; ca_init_scale_z=&#8221;1&#8243; ca_init_opacity=&#8221;0&#8243; ca_an_scale_x=&#8221;1&#8243; ca_an_scale_y=&#8221;1&#8243; ca_an_scale_z=&#8221;1&#8243; ca_an_opacity=&#8221;1&#8243; css=&#8221;.vc_custom_1556538810857{padding-top: 45px !important;padding-bottom: 30px !important;}&#8221;&#8230;<\/p>\n","protected":false},"author":1,"featured_media":0,"parent":0,"menu_order":0,"comment_status":"closed","ping_status":"closed","template":"","meta":[],"yoast_head":"<!-- This site is optimized with the Yoast SEO plugin v20.6 - https:\/\/yoast.com\/wordpress\/plugins\/seo\/ -->\n<title>DesignGo design tool for tipsters - AfiliaGo.com<\/title>\n<meta name=\"description\" content=\"DesignGo, design tool adapted for tipsters. Design is the key in the world of affiliation, offer a good image and you will sell more.\" \/>\n<meta name=\"robots\" content=\"index, follow, max-snippet:-1, max-image-preview:large, max-video-preview:-1\" \/>\n<link rel=\"canonical\" href=\"https:\/\/afiliago.com\/en\/what-is-designgo\/\" \/>\n<meta property=\"og:locale\" content=\"en_US\" \/>\n<meta property=\"og:type\" content=\"article\" \/>\n<meta property=\"og:title\" content=\"DesignGo design tool for tipsters - AfiliaGo.com\" \/>\n<meta property=\"og:description\" content=\"DesignGo, design tool adapted for tipsters. Design is the key in the world of affiliation, offer a good image and you will sell more.\" \/>\n<meta property=\"og:url\" content=\"https:\/\/afiliago.com\/en\/what-is-designgo\/\" \/>\n<meta property=\"og:site_name\" content=\"Plataforma de Marketing de afiliaci\u00f3n de apuestas deportivas\" \/>\n<meta property=\"article:publisher\" content=\"https:\/\/www.facebook.com\/afiliago\/\" \/>\n<meta property=\"article:modified_time\" content=\"2022-02-09T09:22:27+00:00\" \/>\n<meta name=\"twitter:card\" content=\"summary_large_image\" \/>\n<meta name=\"twitter:site\" content=\"@afiliago\" \/>\n<meta name=\"twitter:label1\" content=\"Est. reading time\" \/>\n\t<meta name=\"twitter:data1\" content=\"3 minutes\" \/>\n<script type=\"application\/ld+json\" class=\"yoast-schema-graph\">{\"@context\":\"https:\/\/schema.org\",\"@graph\":[{\"@type\":\"WebPage\",\"@id\":\"https:\/\/afiliago.com\/en\/what-is-designgo\/\",\"url\":\"https:\/\/afiliago.com\/en\/what-is-designgo\/\",\"name\":\"DesignGo design tool for tipsters - AfiliaGo.com\",\"isPartOf\":{\"@id\":\"https:\/\/afiliago.com\/en\/#website\"},\"datePublished\":\"2021-11-11T11:50:45+00:00\",\"dateModified\":\"2022-02-09T09:22:27+00:00\",\"description\":\"DesignGo, design tool adapted for tipsters. Design is the key in the world of affiliation, offer a good image and you will sell more.\",\"breadcrumb\":{\"@id\":\"https:\/\/afiliago.com\/en\/what-is-designgo\/#breadcrumb\"},\"inLanguage\":\"en-US\",\"potentialAction\":[{\"@type\":\"ReadAction\",\"target\":[\"https:\/\/afiliago.com\/en\/what-is-designgo\/\"]}]},{\"@type\":\"BreadcrumbList\",\"@id\":\"https:\/\/afiliago.com\/en\/what-is-designgo\/#breadcrumb\",\"itemListElement\":[{\"@type\":\"ListItem\",\"position\":1,\"name\":\"Portada\",\"item\":\"https:\/\/afiliago.com\/en\/\"},{\"@type\":\"ListItem\",\"position\":2,\"name\":\"What is DesignGo?\"}]},{\"@type\":\"WebSite\",\"@id\":\"https:\/\/afiliago.com\/en\/#website\",\"url\":\"https:\/\/afiliago.com\/en\/\",\"name\":\"Plataforma de Marketing de afiliaci\u00f3n de apuestas deportivas\",\"description\":\"Plataforma de afiliaci\u00f3n de apuestas deportivas, casinos, finanzas y forex. Administra todas tus campa\u00f1as de afiliaci\u00f3n con AfiliaGo.com\",\"publisher\":{\"@id\":\"https:\/\/afiliago.com\/en\/#organization\"},\"potentialAction\":[{\"@type\":\"SearchAction\",\"target\":{\"@type\":\"EntryPoint\",\"urlTemplate\":\"https:\/\/afiliago.com\/en\/?s={search_term_string}\"},\"query-input\":\"required name=search_term_string\"}],\"inLanguage\":\"en-US\"},{\"@type\":\"Organization\",\"@id\":\"https:\/\/afiliago.com\/en\/#organization\",\"name\":\"AfiliaGo International, S.L.\",\"url\":\"https:\/\/afiliago.com\/en\/\",\"logo\":{\"@type\":\"ImageObject\",\"inLanguage\":\"en-US\",\"@id\":\"https:\/\/afiliago.com\/en\/#\/schema\/logo\/image\/\",\"url\":\"https:\/\/afiliago.com\/wp-content\/uploads\/logo-afiliago-color-mobile.svg\",\"contentUrl\":\"https:\/\/afiliago.com\/wp-content\/uploads\/logo-afiliago-color-mobile.svg\",\"width\":1,\"height\":1,\"caption\":\"AfiliaGo International, S.L.\"},\"image\":{\"@id\":\"https:\/\/afiliago.com\/en\/#\/schema\/logo\/image\/\"},\"sameAs\":[\"https:\/\/www.facebook.com\/afiliago\/\",\"https:\/\/twitter.com\/afiliago\",\"https:\/\/www.instagram.com\/afiliago\/\",\"https:\/\/www.youtube.com\/channel\/UCRr80RqBJvA9gDeNOuhbSgA\"]}]}<\/script>\n<!-- \/ Yoast SEO plugin. -->","yoast_head_json":{"title":"DesignGo design tool for tipsters - AfiliaGo.com","description":"DesignGo, design tool adapted for tipsters. Design is the key in the world of affiliation, offer a good image and you will sell more.","robots":{"index":"index","follow":"follow","max-snippet":"max-snippet:-1","max-image-preview":"max-image-preview:large","max-video-preview":"max-video-preview:-1"},"canonical":"https:\/\/afiliago.com\/en\/what-is-designgo\/","og_locale":"en_US","og_type":"article","og_title":"DesignGo design tool for tipsters - AfiliaGo.com","og_description":"DesignGo, design tool adapted for tipsters. Design is the key in the world of affiliation, offer a good image and you will sell more.","og_url":"https:\/\/afiliago.com\/en\/what-is-designgo\/","og_site_name":"Plataforma de Marketing de afiliaci\u00f3n de apuestas deportivas","article_publisher":"https:\/\/www.facebook.com\/afiliago\/","article_modified_time":"2022-02-09T09:22:27+00:00","twitter_card":"summary_large_image","twitter_site":"@afiliago","twitter_misc":{"Est. reading time":"3 minutes"},"schema":{"@context":"https:\/\/schema.org","@graph":[{"@type":"WebPage","@id":"https:\/\/afiliago.com\/en\/what-is-designgo\/","url":"https:\/\/afiliago.com\/en\/what-is-designgo\/","name":"DesignGo design tool for tipsters - AfiliaGo.com","isPartOf":{"@id":"https:\/\/afiliago.com\/en\/#website"},"datePublished":"2021-11-11T11:50:45+00:00","dateModified":"2022-02-09T09:22:27+00:00","description":"DesignGo, design tool adapted for tipsters. Design is the key in the world of affiliation, offer a good image and you will sell more.","breadcrumb":{"@id":"https:\/\/afiliago.com\/en\/what-is-designgo\/#breadcrumb"},"inLanguage":"en-US","potentialAction":[{"@type":"ReadAction","target":["https:\/\/afiliago.com\/en\/what-is-designgo\/"]}]},{"@type":"BreadcrumbList","@id":"https:\/\/afiliago.com\/en\/what-is-designgo\/#breadcrumb","itemListElement":[{"@type":"ListItem","position":1,"name":"Portada","item":"https:\/\/afiliago.com\/en\/"},{"@type":"ListItem","position":2,"name":"What is DesignGo?"}]},{"@type":"WebSite","@id":"https:\/\/afiliago.com\/en\/#website","url":"https:\/\/afiliago.com\/en\/","name":"Plataforma de Marketing de afiliaci\u00f3n de apuestas deportivas","description":"Plataforma de afiliaci\u00f3n de apuestas deportivas, casinos, finanzas y forex. Administra todas tus campa\u00f1as de afiliaci\u00f3n con AfiliaGo.com","publisher":{"@id":"https:\/\/afiliago.com\/en\/#organization"},"potentialAction":[{"@type":"SearchAction","target":{"@type":"EntryPoint","urlTemplate":"https:\/\/afiliago.com\/en\/?s={search_term_string}"},"query-input":"required name=search_term_string"}],"inLanguage":"en-US"},{"@type":"Organization","@id":"https:\/\/afiliago.com\/en\/#organization","name":"AfiliaGo International, S.L.","url":"https:\/\/afiliago.com\/en\/","logo":{"@type":"ImageObject","inLanguage":"en-US","@id":"https:\/\/afiliago.com\/en\/#\/schema\/logo\/image\/","url":"https:\/\/afiliago.com\/wp-content\/uploads\/logo-afiliago-color-mobile.svg","contentUrl":"https:\/\/afiliago.com\/wp-content\/uploads\/logo-afiliago-color-mobile.svg","width":1,"height":1,"caption":"AfiliaGo International, S.L."},"image":{"@id":"https:\/\/afiliago.com\/en\/#\/schema\/logo\/image\/"},"sameAs":["https:\/\/www.facebook.com\/afiliago\/","https:\/\/twitter.com\/afiliago","https:\/\/www.instagram.com\/afiliago\/","https:\/\/www.youtube.com\/channel\/UCRr80RqBJvA9gDeNOuhbSgA"]}]}},"_links":{"self":[{"href":"https:\/\/afiliago.com\/en\/wp-json\/wp\/v2\/pages\/7732"}],"collection":[{"href":"https:\/\/afiliago.com\/en\/wp-json\/wp\/v2\/pages"}],"about":[{"href":"https:\/\/afiliago.com\/en\/wp-json\/wp\/v2\/types\/page"}],"author":[{"embeddable":true,"href":"https:\/\/afiliago.com\/en\/wp-json\/wp\/v2\/users\/1"}],"replies":[{"embeddable":true,"href":"https:\/\/afiliago.com\/en\/wp-json\/wp\/v2\/comments?post=7732"}],"version-history":[{"count":0,"href":"https:\/\/afiliago.com\/en\/wp-json\/wp\/v2\/pages\/7732\/revisions"}],"wp:attachment":[{"href":"https:\/\/afiliago.com\/en\/wp-json\/wp\/v2\/media?parent=7732"}],"curies":[{"name":"wp","href":"https:\/\/api.w.org\/{rel}","templated":true}]}}